{"id":2984,"date":"2025-06-07T18:44:47","date_gmt":"2025-06-07T16:44:47","guid":{"rendered":"https:\/\/profmontaz.cz\/velkoobchod\/?post_type=product&#038;p=2984"},"modified":"2025-11-17T11:13:07","modified_gmt":"2025-11-17T10:13:07","slug":"formicka-s-tlacitkem-flat-reka-seda","status":"publish","type":"product","link":"https:\/\/profmontaz.cz\/velkoobchod\/produkt\/formicka-s-tlacitkem-flat-reka-seda\/","title":{"rendered":"Formi\u010dka s tla\u010d\u00edtkem Flat-\u0158eka (\u0160ed\u00e1)"},"content":{"rendered":"<div class=\"wpb-content-wrapper\"><p>[vc_row][vc_column]\t\t<div id=\"wd-68f11dad0fc6f\" class=\"wd-text-block wd-wpb reset-last-child wd-rs-68f11dad0fc6f text-center vc_custom_1760632246737\">\n\t\t\t<p style=\"text-align: left;\">Lisovac\u00ed forma s tla\u010d\u00edtkem pro krm\u00edtka Flat-\u0158eka \u2013 speci\u00e1ln\u011b navr\u017een\u00e1 lisovac\u00ed forma pro krm\u00edtka Flat-\u0158eka od zna\u010dky ProfMontazh. Ur\u010dena ke zrychlen\u00ed a zjednodu\u0161en\u00ed pln\u011bn\u00ed krm\u00edtka n\u00e1vnadou.<\/p>\n<p>Pro spr\u00e1vn\u00e9 um\u00edst\u011bn\u00ed n\u00e1strahy se ve st\u0159edu formy nach\u00e1z\u00ed speci\u00e1ln\u00ed prohlube\u0148 \u2013 d\u00edky n\u00ed n\u00e1straha neklou\u017ee a je v\u017edy p\u0159esn\u011b stla\u010dena do st\u0159edu krm\u00edtka. Forma je vyrobena z kvalitn\u00edho prvotn\u00edho plastu a modernizovan\u00fd mechanismus vytla\u010dov\u00e1n\u00ed je spolehliv\u00fd a pohodln\u00fd.<\/p>\n<p>Lisovac\u00ed forma umo\u017e\u0148uje rovnom\u011brn\u00e9 napln\u011bn\u00ed krm\u00edtka stejn\u00fdm mno\u017estv\u00edm krmiva. Vytvarovan\u00e9 hladk\u00e9 a pevn\u00e9 koule n\u00e1vnady pevn\u011b dr\u017e\u00ed v krm\u00edtku a nerozpadaj\u00ed se ani p\u0159i silov\u00fdch, dalek\u00fdch hodech.<\/p>\n\t\t<\/div>\n\t\t[\/vc_column][\/vc_row][vc_row][vc_column][vc_column_text css=&#8220;&#8220; woodmart_inline=&#8220;no&#8220; text_larger=&#8220;no&#8220;]<\/p>\n<p>[\/vc_column_text][\/vc_column][\/vc_row]<\/p>\n<\/div>","protected":false},"excerpt":{"rendered":"<p>[vc_row][vc_column][\/vc_column][\/vc_row][vc_row][vc_column][vc_column_text css=&#8220;&#8220; woodmart_inline=&#8220;no&#8220; text_larger=&#8220;no&#8220;] [\/vc_column_text][\/vc_column][\/vc_row]<\/p>\n","protected":false},"featured_media":3649,"template":"","meta":[],"product_brand":[64],"product_cat":[15,102],"product_tag":[231],"class_list":{"0":"post-2984","1":"product","2":"type-product","3":"status-publish","4":"has-post-thumbnail","6":"product_brand-profmontaz","7":"product_cat-rybarska-krmitka","8":"product_cat-method-feederove-sety-formicky","9":"product_tag-formicka-s-tlacitkem","11":"first","12":"instock","13":"taxable","14":"shipping-taxable","15":"purchasable","16":"product-type-simple"},"_links":{"self":[{"href":"https:\/\/profmontaz.cz\/velkoobchod\/wp-json\/wp\/v2\/product\/2984","targetHints":{"allow":["GET"]}}],"collection":[{"href":"https:\/\/profmontaz.cz\/velkoobchod\/wp-json\/wp\/v2\/product"}],"about":[{"href":"https:\/\/profmontaz.cz\/velkoobchod\/wp-json\/wp\/v2\/types\/product"}],"wp:featuredmedia":[{"embeddable":true,"href":"https:\/\/profmontaz.cz\/velkoobchod\/wp-json\/wp\/v2\/media\/3649"}],"wp:attachment":[{"href":"https:\/\/profmontaz.cz\/velkoobchod\/wp-json\/wp\/v2\/media?parent=2984"}],"wp:term":[{"taxonomy":"product_brand","embeddable":true,"href":"https:\/\/profmontaz.cz\/velkoobchod\/wp-json\/wp\/v2\/product_brand?post=2984"},{"taxonomy":"product_cat","embeddable":true,"href":"https:\/\/profmontaz.cz\/velkoobchod\/wp-json\/wp\/v2\/product_cat?post=2984"},{"taxonomy":"product_tag","embeddable":true,"href":"https:\/\/profmontaz.cz\/velkoobchod\/wp-json\/wp\/v2\/product_tag?post=2984"}],"curies":[{"name":"wp","href":"https:\/\/api.w.org\/{rel}","templated":true}]}}