{"id":2986,"date":"2025-06-07T18:46:46","date_gmt":"2025-06-07T16:46:46","guid":{"rendered":"https:\/\/profmontaz.cz\/velkoobchod\/?post_type=product&#038;p=2986"},"modified":"2025-11-17T11:30:05","modified_gmt":"2025-11-17T10:30:05","slug":"krmitko-feeder-shot-hold-back-classic-30g","status":"publish","type":"product","link":"https:\/\/profmontaz.cz\/velkoobchod\/produkt\/krmitko-feeder-shot-hold-back-classic-30g\/","title":{"rendered":"Krm\u00edtko Feeder Shot Hold Back Classic"},"content":{"rendered":"<div class=\"wpb-content-wrapper\"><p>[vc_row][vc_column]\t\t<div id=\"wd-68f748800f2d3\" class=\"wd-text-block wd-wpb reset-last-child wd-rs-68f748800f2d3 text-center vc_custom_1761036425809\">\n\t\t\t<p style=\"text-align: left;\">Speci\u00e1ln\u011b navr\u017een\u00e9 feederov\u00e9 krm\u00edtko uzav\u0159en\u00e9ho typu. Sn\u00ed\u017een\u00ed po\u010dtu ok m\u011blo pozitivn\u00ed vliv na zpomalen\u00ed vym\u00fdv\u00e1n\u00ed krmiva. Pokud to podm\u00ednky vy\u017eaduj\u00ed, lze nav\u00edc pou\u017e\u00edt z\u00e1tku \u2013 dno, kter\u00e1 je rovn\u011b\u017e dostupn\u00e1 v na\u0161em sortimentu a je\u0161t\u011b v\u00edce uzav\u0159e t\u011blo krm\u00edtka.<\/p>\n<p style=\"text-align: left;\">Krm\u00edtko je vyrobeno z prvotn\u00edho materi\u00e1lu, a proto se vyzna\u010duje v\u00fdjime\u010dnou pevnost\u00ed a odolnost\u00ed proti n\u00e1raz\u016fm. Bo\u010dn\u00ed v\u00fdztuhy ve form\u011b k\u0159\u00eddel stabilizuj\u00ed krm\u00edtko p\u0159i n\u00e1hozu a p\u0159i nav\u00edjen\u00ed pom\u00e1haj\u00ed rychleji vystoupit k hladin\u011b. Pro pohodln\u00e9 pou\u017eit\u00ed je krm\u00edtko vybaveno spolehliv\u00fdm obratl\u00edkem.<\/p>\n<p style=\"text-align: left;\">Maskovac\u00ed barva krm\u00edtka a z\u00e1t\u011b\u017ee zaji\u0161\u0165uje skv\u011bl\u00e9 splynut\u00ed s jak\u00fdmkoli typem dna a nepla\u0161\u00ed ryby.<\/p>\n<ul style=\"text-align: left;\">\n<li>Rozm\u011bry:<\/li>\n<li>D\u00e9lka: 43 mm<\/li>\n<li>Pr\u016fm\u011br: 28 mm<\/li>\n<li>Objem krmen\u00ed: 20\u201335 g<\/li>\n<li>Velikost ok: 5\u00d75 mm<\/li>\n<\/ul>\n\t\t<\/div>\n\t\t[\/vc_column][\/vc_row][vc_row][vc_column][vc_column_text css=&#8220;&#8220; woodmart_inline=&#8220;no&#8220; text_larger=&#8220;no&#8220;]<\/p>\n<p>[\/vc_column_text][\/vc_column][\/vc_row]<\/p>\n<\/div>","protected":false},"excerpt":{"rendered":"<p>[vc_row][vc_column][\/vc_column][\/vc_row][vc_row][vc_column][vc_column_text css=&#8220;&#8220; woodmart_inline=&#8220;no&#8220; text_larger=&#8220;no&#8220;] [\/vc_column_text][\/vc_column][\/vc_row]<\/p>\n","protected":false},"featured_media":2987,"template":"","meta":[],"product_brand":[64],"product_cat":[15,103],"product_tag":[222,226],"class_list":{"0":"post-2986","1":"product","2":"type-product","3":"status-publish","4":"has-post-thumbnail","6":"product_brand-profmontaz","7":"product_cat-rybarska-krmitka","8":"product_cat-feederova-krmitka","9":"product_tag-krmitko","10":"product_tag-krmitko-feeder","12":"first","13":"instock","14":"taxable","15":"shipping-taxable","16":"purchasable","17":"product-type-variable"},"_links":{"self":[{"href":"https:\/\/profmontaz.cz\/velkoobchod\/wp-json\/wp\/v2\/product\/2986","targetHints":{"allow":["GET"]}}],"collection":[{"href":"https:\/\/profmontaz.cz\/velkoobchod\/wp-json\/wp\/v2\/product"}],"about":[{"href":"https:\/\/profmontaz.cz\/velkoobchod\/wp-json\/wp\/v2\/types\/product"}],"wp:featuredmedia":[{"embeddable":true,"href":"https:\/\/profmontaz.cz\/velkoobchod\/wp-json\/wp\/v2\/media\/2987"}],"wp:attachment":[{"href":"https:\/\/profmontaz.cz\/velkoobchod\/wp-json\/wp\/v2\/media?parent=2986"}],"wp:term":[{"taxonomy":"product_brand","embeddable":true,"href":"https:\/\/profmontaz.cz\/velkoobchod\/wp-json\/wp\/v2\/product_brand?post=2986"},{"taxonomy":"product_cat","embeddable":true,"href":"https:\/\/profmontaz.cz\/velkoobchod\/wp-json\/wp\/v2\/product_cat?post=2986"},{"taxonomy":"product_tag","embeddable":true,"href":"https:\/\/profmontaz.cz\/velkoobchod\/wp-json\/wp\/v2\/product_tag?post=2986"}],"curies":[{"name":"wp","href":"https:\/\/api.w.org\/{rel}","templated":true}]}}