{"id":3018,"date":"2025-06-07T19:17:56","date_gmt":"2025-06-07T17:17:56","guid":{"rendered":"https:\/\/profmontaz.cz\/velkoobchod\/?post_type=product&#038;p=3018"},"modified":"2025-11-17T13:05:00","modified_gmt":"2025-11-17T12:05:00","slug":"krmitko-na-zakrmovani-feeder-shot-big-20g-52x40x35mm","status":"publish","type":"product","link":"https:\/\/profmontaz.cz\/velkoobchod\/produkt\/krmitko-na-zakrmovani-feeder-shot-big-20g-52x40x35mm\/","title":{"rendered":"Krm\u00edtko na zakrmov\u00e1n\u00ed Feeder Shot BIG (52x40x35mm)"},"content":{"rendered":"<div class=\"wpb-content-wrapper\"><p>[vc_row][vc_column]\t\t<div id=\"wd-68f758075d691\" class=\"wd-text-block wd-wpb reset-last-child wd-rs-68f758075d691 text-center vc_custom_1761040404809\">\n\t\t\t<p style=\"text-align: left;\">Zakrmovac\u00ed krm\u00edtko Feeder Shot BIG \u2013 jedn\u00e1 se o velk\u00e9 feederov\u00e9 krm\u00edtko o rozm\u011brech 52\u00d740\u00d735 mm, kter\u00e9 pojme a\u017e t\u0159ikr\u00e1t v\u00edce krmiva ne\u017e b\u011b\u017en\u00e1 feederov\u00e1 krm\u00edtka. Ur\u010deno pro rychl\u00e9 zakrmen\u00ed lovn\u00e9ho m\u00edsta na \u0159ek\u00e1ch, jezerech a p\u0159ehrad\u00e1ch.<\/p>\n<p style=\"text-align: left;\">Vhodn\u00e9 nejen pro klasick\u00e9 feederov\u00e9 sm\u011bsi, ale tak\u00e9 pro kaprov\u00fd rybolov s n\u00e1vnadami s v\u011bt\u0161\u00ed frakc\u00ed. D\u00edky aerodynamick\u00e9mu tvaru a stabiliza\u010dn\u00edm k\u0159\u00eddl\u016fm let\u00ed krm\u00edtko p\u0159esn\u011b a je m\u00e9n\u011b ovlivn\u011bno v\u011btrem. Speci\u00e1ln\u00ed konstrukce t\u011bla ve tvaru pl\u00e1stv\u00ed spolehliv\u011b udr\u017euje krmivo uvnit\u0159 i p\u0159i silov\u00fdch n\u00e1hozech.<\/p>\n<p style=\"text-align: left;\">Po dopadu na dno se krmen\u00ed snadno uvoln\u00ed z krm\u00edtka a vytv\u00e1\u0159\u00ed atraktivn\u00ed krmn\u00e9 pole. Krm\u00edtko Feeder Shot BIG je vyrobeno z prvotn\u00edho plastu, d\u00edky \u010demu\u017e je pevn\u00e9 a odoln\u00e9.<\/p>\n<p style=\"text-align: left;\">Rozm\u011bry: 52\u00d740\u00d735 mm<\/p>\n<p style=\"text-align: left;\">Objem krmiva: 50\u201370 g<\/p>\n\t\t<\/div>\n\t\t[\/vc_column][\/vc_row][vc_row][vc_column][vc_column_text css=&#8220;&#8220; woodmart_inline=&#8220;no&#8220; text_larger=&#8220;no&#8220;]<\/p>\n<p>[\/vc_column_text][\/vc_column][\/vc_row]<\/p>\n<\/div>","protected":false},"excerpt":{"rendered":"<p>[vc_row][vc_column][\/vc_column][\/vc_row][vc_row][vc_column][vc_column_text css=&#8220;&#8220; woodmart_inline=&#8220;no&#8220; text_larger=&#8220;no&#8220;] [\/vc_column_text][\/vc_column][\/vc_row]<\/p>\n","protected":false},"featured_media":3026,"template":"","meta":[],"product_brand":[64],"product_cat":[15,103],"product_tag":[222,229,230],"class_list":{"0":"post-3018","1":"product","2":"type-product","3":"status-publish","4":"has-post-thumbnail","6":"product_brand-profmontaz","7":"product_cat-rybarska-krmitka","8":"product_cat-feederova-krmitka","9":"product_tag-krmitko","10":"product_tag-krmitko-na-zakrmovani","11":"product_tag-zakrmovaci-krmitko","13":"first","14":"instock","15":"taxable","16":"shipping-taxable","17":"purchasable","18":"product-type-variable"},"_links":{"self":[{"href":"https:\/\/profmontaz.cz\/velkoobchod\/wp-json\/wp\/v2\/product\/3018","targetHints":{"allow":["GET"]}}],"collection":[{"href":"https:\/\/profmontaz.cz\/velkoobchod\/wp-json\/wp\/v2\/product"}],"about":[{"href":"https:\/\/profmontaz.cz\/velkoobchod\/wp-json\/wp\/v2\/types\/product"}],"wp:featuredmedia":[{"embeddable":true,"href":"https:\/\/profmontaz.cz\/velkoobchod\/wp-json\/wp\/v2\/media\/3026"}],"wp:attachment":[{"href":"https:\/\/profmontaz.cz\/velkoobchod\/wp-json\/wp\/v2\/media?parent=3018"}],"wp:term":[{"taxonomy":"product_brand","embeddable":true,"href":"https:\/\/profmontaz.cz\/velkoobchod\/wp-json\/wp\/v2\/product_brand?post=3018"},{"taxonomy":"product_cat","embeddable":true,"href":"https:\/\/profmontaz.cz\/velkoobchod\/wp-json\/wp\/v2\/product_cat?post=3018"},{"taxonomy":"product_tag","embeddable":true,"href":"https:\/\/profmontaz.cz\/velkoobchod\/wp-json\/wp\/v2\/product_tag?post=3018"}],"curies":[{"name":"wp","href":"https:\/\/api.w.org\/{rel}","templated":true}]}}