{"id":3062,"date":"2025-06-07T19:35:39","date_gmt":"2025-06-07T17:35:39","guid":{"rendered":"https:\/\/profmontaz.cz\/velkoobchod\/?post_type=product&#038;p=3062"},"modified":"2025-11-17T11:27:20","modified_gmt":"2025-11-17T10:27:20","slug":"krmitko-feeder-shot-classic-30g-43x33x26mm","status":"publish","type":"product","link":"https:\/\/profmontaz.cz\/velkoobchod\/produkt\/krmitko-feeder-shot-classic-30g-43x33x26mm\/","title":{"rendered":"Krm\u00edtko Feeder Shot Classic(43x33x26mm)"},"content":{"rendered":"<div class=\"wpb-content-wrapper\"><p>[vc_row][vc_column]\t\t<div id=\"wd-68f7466b1785c\" class=\"wd-text-block wd-wpb reset-last-child wd-rs-68f7466b1785c text-center vc_custom_1761035911164\">\n\t\t\t<p style=\"text-align: left;\">Feederov\u00e9 krm\u00edtko Feeder Shot &#8222;Classic&#8220; \u2013 vyrobeno z prvotn\u00edho materi\u00e1lu, d\u00edky \u010demu\u017e se vyzna\u010duje vynikaj\u00edc\u00ed pevnost\u00ed a odolnost\u00ed proti n\u00e1raz\u016fm. Feeder Shot Classic p\u0159edstavuje klasickou verzi feederov\u00e9ho krm\u00edtka a je ide\u00e1ln\u00ed pro lov na stojat\u00fdch vod\u00e1ch i \u0159ek\u00e1ch s pomal\u00fdm a\u017e st\u0159edn\u00edm proudem.<\/p>\n<p style=\"text-align: left;\">S\u00ed\u0165ov\u00e1 struktura ve tvaru pl\u00e1stv\u00ed zaji\u0161\u0165uje st\u0159edn\u00ed rychlost uvol\u0148ov\u00e1n\u00ed krmiva. Pro dal\u0161\u00ed zpomalen\u00ed uvol\u0148ov\u00e1n\u00ed byla vyvinuta speci\u00e1ln\u00ed z\u00e1tka na dno krm\u00edtka. Bo\u010dn\u00ed v\u00fdztuhy ve tvaru k\u0159\u00eddel stabilizuj\u00ed krm\u00edtko p\u0159i n\u00e1hozu a z\u00e1rove\u0148 pom\u00e1haj\u00ed rychlej\u0161\u00edmu vyno\u0159en\u00ed p\u0159i nav\u00edjen\u00ed.<\/p>\n<p style=\"text-align: left;\">Pro snadn\u00e9 pou\u017eit\u00ed je krm\u00edtko vybaveno spolehliv\u00fdm obratl\u00edkem. Maskovac\u00ed barva krm\u00edtka a z\u00e1t\u011b\u017ee dokonale splyne s dnem a nepla\u0161\u00ed ani opatrn\u00e9 ryby.<\/p>\n<p style=\"text-align: left;\">Rozm\u011bry:<\/p>\n<ul style=\"text-align: left;\">\n<li>D\u00e9lka: 43 mm<\/li>\n<li>Pr\u016fm\u011br: 28 mm<\/li>\n<li>Objem krmen\u00ed: 20\u201335 g<\/li>\n<li>Velikost ok: 5\u00d75 mm<\/li>\n<\/ul>\n\t\t<\/div>\n\t\t[\/vc_column][\/vc_row][vc_row][vc_column][vc_column_text css=&#8220;&#8220; woodmart_inline=&#8220;no&#8220; text_larger=&#8220;no&#8220;]<\/p>\n<p>[\/vc_column_text][\/vc_column][\/vc_row]<\/p>\n<\/div>","protected":false},"excerpt":{"rendered":"<p>[vc_row][vc_column][\/vc_column][\/vc_row][vc_row][vc_column][vc_column_text css=&#8220;&#8220; woodmart_inline=&#8220;no&#8220; text_larger=&#8220;no&#8220;] [\/vc_column_text][\/vc_column][\/vc_row]<\/p>\n","protected":false},"featured_media":3070,"template":"","meta":[],"product_brand":[64],"product_cat":[15,103],"product_tag":[227,222,226],"class_list":{"0":"post-3062","1":"product","2":"type-product","3":"status-publish","4":"has-post-thumbnail","6":"product_brand-profmontaz","7":"product_cat-rybarska-krmitka","8":"product_cat-feederova-krmitka","9":"product_tag-feederove-krmitko","10":"product_tag-krmitko","11":"product_tag-krmitko-feeder","13":"first","14":"instock","15":"taxable","16":"shipping-taxable","17":"purchasable","18":"product-type-variable"},"_links":{"self":[{"href":"https:\/\/profmontaz.cz\/velkoobchod\/wp-json\/wp\/v2\/product\/3062","targetHints":{"allow":["GET"]}}],"collection":[{"href":"https:\/\/profmontaz.cz\/velkoobchod\/wp-json\/wp\/v2\/product"}],"about":[{"href":"https:\/\/profmontaz.cz\/velkoobchod\/wp-json\/wp\/v2\/types\/product"}],"wp:featuredmedia":[{"embeddable":true,"href":"https:\/\/profmontaz.cz\/velkoobchod\/wp-json\/wp\/v2\/media\/3070"}],"wp:attachment":[{"href":"https:\/\/profmontaz.cz\/velkoobchod\/wp-json\/wp\/v2\/media?parent=3062"}],"wp:term":[{"taxonomy":"product_brand","embeddable":true,"href":"https:\/\/profmontaz.cz\/velkoobchod\/wp-json\/wp\/v2\/product_brand?post=3062"},{"taxonomy":"product_cat","embeddable":true,"href":"https:\/\/profmontaz.cz\/velkoobchod\/wp-json\/wp\/v2\/product_cat?post=3062"},{"taxonomy":"product_tag","embeddable":true,"href":"https:\/\/profmontaz.cz\/velkoobchod\/wp-json\/wp\/v2\/product_tag?post=3062"}],"curies":[{"name":"wp","href":"https:\/\/api.w.org\/{rel}","templated":true}]}}