{"id":3079,"date":"2025-06-07T19:59:26","date_gmt":"2025-06-07T17:59:26","guid":{"rendered":"https:\/\/profmontaz.cz\/velkoobchod\/?post_type=product&#038;p=3079"},"modified":"2025-11-17T11:21:54","modified_gmt":"2025-11-17T10:21:54","slug":"krmitko-feeder-feeder-shot-stream-60g-43x33x26mm","status":"publish","type":"product","link":"https:\/\/profmontaz.cz\/velkoobchod\/produkt\/krmitko-feeder-feeder-shot-stream-60g-43x33x26mm\/","title":{"rendered":"Krm\u00edtko Feeder Feeder Shot Stream (43x33x26mm)"},"content":{"rendered":"<div class=\"wpb-content-wrapper\"><p>[vc_row][vc_column]\t\t<div id=\"wd-68f73f23c48ca\" class=\"wd-text-block wd-wpb reset-last-child wd-rs-68f73f23c48ca text-center vc_custom_1761034120432\">\n\t\t\t<p style=\"text-align: left;\">Feederov\u00e9 krm\u00edtko Feeder Shot &#8222;Stream&#8220; \u2013 speci\u00e1ln\u011b navr\u017een\u00e9 feederov\u00e9 krm\u00edtko pro lov v siln\u00e9m proudu, na strm\u00fdch hran\u00e1ch a svaz\u00edch. D\u00edky speci\u00e1ln\u00ed geometrii a p\u0159\u00edtomnosti z\u00e1chytn\u00fdch v\u00fdstupk\u016f do dna krm\u00edtko Feeder Shot Stream v\u00fdborn\u011b dr\u017e\u00ed na m\u00edst\u011b lovu.<\/p>\n<p style=\"text-align: left;\">Je vyrobeno z prvotn\u00edho plastu, co\u017e mu zaji\u0161\u0165uje vynikaj\u00edc\u00ed pevnost a odolnost proti n\u00e1raz\u016fm. M\u00e1 s\u00ed\u0165ovanou strukturu ve tvaru \u201epl\u00e1stv\u00ed\u201c, kter\u00e1 zaji\u0161\u0165uje st\u0159edn\u00ed rychlost uvol\u0148ov\u00e1n\u00ed n\u00e1vnady. Pro dal\u0161\u00ed zpomalen\u00ed lze pou\u017e\u00edt speci\u00e1ln\u011b navr\u017eenou z\u00e1tku na dno krm\u00edtka, kter\u00e1 je sou\u010d\u00e1st\u00ed na\u0161eho sortimentu.<\/p>\n<p style=\"text-align: left;\">Bo\u010dn\u00ed v\u00fdztuhy ve tvaru k\u0159\u00eddel stabilizuj\u00ed krm\u00edtko p\u0159i n\u00e1hozu a pom\u00e1haj\u00ed mu p\u0159i nav\u00edjen\u00ed rychleji vystoupat k hladin\u011b. Pro pohodln\u00e9 pou\u017eit\u00ed je vybaveno spolehliv\u00fdm obratl\u00edkem. Maskovac\u00ed barva krm\u00edtka a z\u00e1t\u011b\u017ee umo\u017e\u0148uje jeho dokonal\u00e9 splynut\u00ed s jak\u00fdmkoli typem dna, ani\u017e by pla\u0161ila ryby.<\/p>\n<p style=\"text-align: left;\">Rozm\u011bry:<\/p>\n<ul style=\"text-align: left;\">\n<li>D\u00e9lka: 43 mm<\/li>\n<li>Pr\u016fm\u011br: 28 mm<\/li>\n<li>Objem krmen\u00ed: 20\u201335 g<\/li>\n<li>Velikost ok: 5\u00d75 mm<\/li>\n<\/ul>\n\t\t<\/div>\n\t\t[\/vc_column][\/vc_row][vc_row][vc_column][vc_column_text css=&#8220;&#8220; woodmart_inline=&#8220;no&#8220; text_larger=&#8220;no&#8220;]<\/p>\n<p>[\/vc_column_text][\/vc_column][\/vc_row]<\/p>\n<\/div>","protected":false},"excerpt":{"rendered":"<p>[vc_row][vc_column][\/vc_column][\/vc_row][vc_row][vc_column][vc_column_text css=&#8220;&#8220; woodmart_inline=&#8220;no&#8220; text_larger=&#8220;no&#8220;] [\/vc_column_text][\/vc_column][\/vc_row]<\/p>\n","protected":false},"featured_media":3085,"template":"","meta":[],"product_brand":[64],"product_cat":[15,103],"product_tag":[227,222,226],"class_list":{"0":"post-3079","1":"product","2":"type-product","3":"status-publish","4":"has-post-thumbnail","6":"product_brand-profmontaz","7":"product_cat-rybarska-krmitka","8":"product_cat-feederova-krmitka","9":"product_tag-feederove-krmitko","10":"product_tag-krmitko","11":"product_tag-krmitko-feeder","13":"first","14":"instock","15":"taxable","16":"shipping-taxable","17":"purchasable","18":"product-type-variable"},"_links":{"self":[{"href":"https:\/\/profmontaz.cz\/velkoobchod\/wp-json\/wp\/v2\/product\/3079","targetHints":{"allow":["GET"]}}],"collection":[{"href":"https:\/\/profmontaz.cz\/velkoobchod\/wp-json\/wp\/v2\/product"}],"about":[{"href":"https:\/\/profmontaz.cz\/velkoobchod\/wp-json\/wp\/v2\/types\/product"}],"wp:featuredmedia":[{"embeddable":true,"href":"https:\/\/profmontaz.cz\/velkoobchod\/wp-json\/wp\/v2\/media\/3085"}],"wp:attachment":[{"href":"https:\/\/profmontaz.cz\/velkoobchod\/wp-json\/wp\/v2\/media?parent=3079"}],"wp:term":[{"taxonomy":"product_brand","embeddable":true,"href":"https:\/\/profmontaz.cz\/velkoobchod\/wp-json\/wp\/v2\/product_brand?post=3079"},{"taxonomy":"product_cat","embeddable":true,"href":"https:\/\/profmontaz.cz\/velkoobchod\/wp-json\/wp\/v2\/product_cat?post=3079"},{"taxonomy":"product_tag","embeddable":true,"href":"https:\/\/profmontaz.cz\/velkoobchod\/wp-json\/wp\/v2\/product_tag?post=3079"}],"curies":[{"name":"wp","href":"https:\/\/api.w.org\/{rel}","templated":true}]}}