{"id":3097,"date":"2025-06-07T20:06:49","date_gmt":"2025-06-07T18:06:49","guid":{"rendered":"https:\/\/profmontaz.cz\/velkoobchod\/?post_type=product&#038;p=3097"},"modified":"2025-11-17T12:54:58","modified_gmt":"2025-11-17T11:54:58","slug":"krmitko-feeder-shot-kulka-30g-d50-p30mm","status":"publish","type":"product","link":"https:\/\/profmontaz.cz\/velkoobchod\/produkt\/krmitko-feeder-shot-kulka-30g-d50-p30mm\/","title":{"rendered":"Krm\u00edtko Feeder Shot Kulka (D:50, P:30mm)"},"content":{"rendered":"<div class=\"wpb-content-wrapper\"><p>[vc_row][vc_column]\t\t<div id=\"wd-68f749cb47a3c\" class=\"wd-text-block wd-wpb reset-last-child wd-rs-68f749cb47a3c text-center vc_custom_1761036868639\">\n\t\t\t<p style=\"text-align: left;\">Feederov\u00e9 krm\u00edtko Feeder Shot Kulka \u2013 navr\u017eeno pro lov nedrav\u00fdch ryb na dn\u011b na velk\u00e9 a extr\u00e9mn\u00ed vzd\u00e1lenosti. D\u00edky aerodynamick\u00e9mu tvaru a stabiliza\u010dn\u00edm k\u0159\u00eddl\u016fm let\u00ed velmi p\u0159esn\u011b a je m\u00e9n\u011b ovlivn\u011bno v\u011btrem. Speci\u00e1ln\u00ed struktura ok ve tvaru pl\u00e1stv\u00ed spolehliv\u011b udr\u017euje krmen\u00ed uvnit\u0159 krm\u00edtka, co\u017e umo\u017e\u0148uje silov\u00e9 a dlouh\u00e9 hody. Po dopadu na dno se krmen\u00ed snadno uvoln\u00ed a vytv\u00e1\u0159\u00ed atraktivn\u00ed krmn\u00e9 pole.<\/p>\n<p style=\"text-align: left;\">Feeder Shot St\u0159ela je ide\u00e1ln\u00ed volbou pro lov na velk\u00fdch jezerech a p\u0159ehrad\u00e1ch, zejm\u00e9na pro ryby jako plotice, cejn, perl\u00edn a dal\u0161\u00ed nedrav\u00e9 druhy s preferenc\u00ed pro krmen\u00ed u dna. \u0160irok\u00fd v\u00fdb\u011br hmotnost\u00ed od 30 do 100 g umo\u017e\u0148uje zvolit spr\u00e1vn\u00e9 krm\u00edtko pro jak\u00e9koli podm\u00ednky lovu.<\/p>\n<p style=\"text-align: left;\">Feederov\u00e9 krm\u00edtko Feeder Shot \u201eSt\u0159ela\u201c je vyrobeno z prvotn\u00edho plastu, d\u00edky \u010demu\u017e je pevn\u00e9 a odoln\u00e9. K\u00f3nicky tvarovan\u00e1 z\u00e1t\u011b\u017e je pevn\u011b zatla\u010dena a m\u00e1 maskovac\u00ed barvu &#8222;khaki&#8220;.<\/p>\n<p style=\"text-align: left;\">Rozm\u011bry:<\/p>\n<ul style=\"text-align: left;\">\n<li>D\u00e9lka krm\u00edtka: 5 cm<\/li>\n<li>Vnit\u0159n\u00ed pr\u016fm\u011br: 3 cm<\/li>\n<li>Objem krmen\u00ed: 20\u201335 g<\/li>\n<li>Velikost ok: 6\u00d76 mm<\/li>\n<\/ul>\n\t\t<\/div>\n\t\t[\/vc_column][\/vc_row][vc_row][vc_column][vc_column_text css=&#8220;&#8220; woodmart_inline=&#8220;no&#8220; text_larger=&#8220;no&#8220;]<\/p>\n<p>[\/vc_column_text][\/vc_column][\/vc_row]<\/p>\n<\/div>","protected":false},"excerpt":{"rendered":"<p>[vc_row][vc_column][\/vc_column][\/vc_row][vc_row][vc_column][vc_column_text css=&#8220;&#8220; woodmart_inline=&#8220;no&#8220; text_larger=&#8220;no&#8220;] [\/vc_column_text][\/vc_column][\/vc_row]<\/p>\n","protected":false},"featured_media":3648,"template":"","meta":[],"product_brand":[64],"product_cat":[15,103],"product_tag":[227,222,226],"class_list":{"0":"post-3097","1":"product","2":"type-product","3":"status-publish","4":"has-post-thumbnail","6":"product_brand-profmontaz","7":"product_cat-rybarska-krmitka","8":"product_cat-feederova-krmitka","9":"product_tag-feederove-krmitko","10":"product_tag-krmitko","11":"product_tag-krmitko-feeder","13":"first","14":"instock","15":"taxable","16":"shipping-taxable","17":"purchasable","18":"product-type-variable"},"_links":{"self":[{"href":"https:\/\/profmontaz.cz\/velkoobchod\/wp-json\/wp\/v2\/product\/3097","targetHints":{"allow":["GET"]}}],"collection":[{"href":"https:\/\/profmontaz.cz\/velkoobchod\/wp-json\/wp\/v2\/product"}],"about":[{"href":"https:\/\/profmontaz.cz\/velkoobchod\/wp-json\/wp\/v2\/types\/product"}],"wp:featuredmedia":[{"embeddable":true,"href":"https:\/\/profmontaz.cz\/velkoobchod\/wp-json\/wp\/v2\/media\/3648"}],"wp:attachment":[{"href":"https:\/\/profmontaz.cz\/velkoobchod\/wp-json\/wp\/v2\/media?parent=3097"}],"wp:term":[{"taxonomy":"product_brand","embeddable":true,"href":"https:\/\/profmontaz.cz\/velkoobchod\/wp-json\/wp\/v2\/product_brand?post=3097"},{"taxonomy":"product_cat","embeddable":true,"href":"https:\/\/profmontaz.cz\/velkoobchod\/wp-json\/wp\/v2\/product_cat?post=3097"},{"taxonomy":"product_tag","embeddable":true,"href":"https:\/\/profmontaz.cz\/velkoobchod\/wp-json\/wp\/v2\/product_tag?post=3097"}],"curies":[{"name":"wp","href":"https:\/\/api.w.org\/{rel}","templated":true}]}}