{"id":3117,"date":"2025-06-07T20:13:32","date_gmt":"2025-06-07T18:13:32","guid":{"rendered":"https:\/\/profmontaz.cz\/velkoobchod\/?post_type=product&#038;p=3117"},"modified":"2025-11-17T12:59:35","modified_gmt":"2025-11-17T11:59:35","slug":"krmitko-feeder-shot-spodni-zatez-30g-d42mm-d30mm","status":"publish","type":"product","link":"https:\/\/profmontaz.cz\/velkoobchod\/produkt\/krmitko-feeder-shot-spodni-zatez-30g-d42mm-d30mm\/","title":{"rendered":"Krm\u00edtko Feeder Shot spodn\u00ed z\u00e1t\u011b\u017e (D:42mm, D:30mm)"},"content":{"rendered":"<div class=\"wpb-content-wrapper\"><p>[vc_row][vc_column]\t\t<div id=\"wd-68f74fdc3d6a9\" class=\"wd-text-block wd-wpb reset-last-child wd-rs-68f74fdc3d6a9 text-center vc_custom_1761038307023\">\n\t\t\t<p style=\"text-align: left;\">Feederov\u00e9 krm\u00edtko Feeder Shot \u2013 je vyrobeno z kvalitn\u00edch materi\u00e1l\u016f a vynik\u00e1 svou spolehlivost\u00ed. Spodn\u00ed um\u00edst\u011bn\u00ed z\u00e1t\u011b\u017ee zlep\u0161uje p\u0159esnost a d\u00e9lku n\u00e1hozu, a to i p\u0159i protiv\u011btru nebo bo\u010dn\u00edm v\u011btru.<\/p>\n<p style=\"text-align: left;\">S\u00ed\u0165ov\u00e1 konstrukce krm\u00edtka urychluje uvol\u0148ov\u00e1n\u00ed n\u00e1vnady \u2013 u\u017e p\u0159i kles\u00e1n\u00ed do vody zanech\u00e1v\u00e1 chutnou stopu a po dopadu na dno rychle uvol\u0148uje krmen\u00ed, \u010d\u00edm\u017e vytv\u00e1\u0159\u00ed atraktivn\u00ed krmn\u00e9 m\u00edsto.<\/p>\n<p style=\"text-align: left;\">Krm\u00edtko Feeder Shot je vhodn\u00e9 pro v\u011bt\u0161inu feederov\u00fdch mont\u00e1\u017e\u00ed \u2013 jak p\u0159i sportovn\u00edm, tak rekrea\u010dn\u00edm rybolovu. Skv\u011ble funguje na jezerech, p\u0159ehrad\u00e1ch i na \u0159ek\u00e1ch s m\u00edrn\u00fdm proudem.<\/p>\n\t\t<\/div>\n\t\t[\/vc_column][\/vc_row][vc_row][vc_column][vc_column_text css=&#8220;&#8220; woodmart_inline=&#8220;no&#8220; text_larger=&#8220;no&#8220;]<\/p>\n<p>[\/vc_column_text][\/vc_column][\/vc_row]<\/p>\n<\/div>","protected":false},"excerpt":{"rendered":"<p>[vc_row][vc_column][\/vc_column][\/vc_row][vc_row][vc_column][vc_column_text css=&#8220;&#8220; woodmart_inline=&#8220;no&#8220; text_larger=&#8220;no&#8220;] [\/vc_column_text][\/vc_column][\/vc_row]<\/p>\n","protected":false},"featured_media":3126,"template":"","meta":[],"product_brand":[64],"product_cat":[15,103],"product_tag":[227,222,226],"class_list":{"0":"post-3117","1":"product","2":"type-product","3":"status-publish","4":"has-post-thumbnail","6":"product_brand-profmontaz","7":"product_cat-rybarska-krmitka","8":"product_cat-feederova-krmitka","9":"product_tag-feederove-krmitko","10":"product_tag-krmitko","11":"product_tag-krmitko-feeder","13":"first","14":"instock","15":"taxable","16":"shipping-taxable","17":"purchasable","18":"product-type-variable"},"_links":{"self":[{"href":"https:\/\/profmontaz.cz\/velkoobchod\/wp-json\/wp\/v2\/product\/3117","targetHints":{"allow":["GET"]}}],"collection":[{"href":"https:\/\/profmontaz.cz\/velkoobchod\/wp-json\/wp\/v2\/product"}],"about":[{"href":"https:\/\/profmontaz.cz\/velkoobchod\/wp-json\/wp\/v2\/types\/product"}],"wp:featuredmedia":[{"embeddable":true,"href":"https:\/\/profmontaz.cz\/velkoobchod\/wp-json\/wp\/v2\/media\/3126"}],"wp:attachment":[{"href":"https:\/\/profmontaz.cz\/velkoobchod\/wp-json\/wp\/v2\/media?parent=3117"}],"wp:term":[{"taxonomy":"product_brand","embeddable":true,"href":"https:\/\/profmontaz.cz\/velkoobchod\/wp-json\/wp\/v2\/product_brand?post=3117"},{"taxonomy":"product_cat","embeddable":true,"href":"https:\/\/profmontaz.cz\/velkoobchod\/wp-json\/wp\/v2\/product_cat?post=3117"},{"taxonomy":"product_tag","embeddable":true,"href":"https:\/\/profmontaz.cz\/velkoobchod\/wp-json\/wp\/v2\/product_tag?post=3117"}],"curies":[{"name":"wp","href":"https:\/\/api.w.org\/{rel}","templated":true}]}}