{"id":3149,"date":"2025-06-07T20:50:34","date_gmt":"2025-06-07T18:50:34","guid":{"rendered":"https:\/\/profmontaz.cz\/velkoobchod\/?post_type=product&#038;p=3149"},"modified":"2025-11-17T11:25:01","modified_gmt":"2025-11-17T10:25:01","slug":"krmitko-feeder-in-line-30g-52%d1%8531%d1%8525mm","status":"publish","type":"product","link":"https:\/\/profmontaz.cz\/velkoobchod\/produkt\/krmitko-feeder-in-line-30g-52%d1%8531%d1%8525mm\/","title":{"rendered":"Krm\u00edtko Feeder in-line, (52\u044531\u044525mm)"},"content":{"rendered":"<div class=\"wpb-content-wrapper\"><p>[vc_row][vc_column]\t\t<div id=\"wd-68f745e97b0be\" class=\"wd-text-block wd-wpb reset-last-child wd-rs-68f745e97b0be text-center vc_custom_1761035771143\">\n\t\t\t<p style=\"text-align: left;\">Feederov\u00e9 krm\u00edtko (plastov\u00e9, in-line)\u00a0 \u2013 vyroben\u00e9 z pevn\u00e9ho a n\u00e1razuvzdorn\u00e9ho plastu, kter\u00fd zaji\u0161\u0165uje dlouhou \u017eivotnost. Z\u00e1t\u011b\u017e je spolehliv\u011b upevn\u011bna pomoc\u00ed n\u00fdt\u016f. Bo\u010dn\u00ed v\u00fdztuhy ve tvaru k\u0159\u00eddel zaji\u0161\u0165uj\u00ed, \u017ee se krm\u00edtko p\u0159i nav\u00edjen\u00ed rychle zved\u00e1 k hladin\u011b.<\/p>\n<p style=\"text-align: left;\">S\u00ed\u0165ov\u00e1 struktura krm\u00edtka urychluje uvol\u0148ov\u00e1n\u00ed n\u00e1vnady \u2013 u\u017e p\u0159i kles\u00e1n\u00ed zanech\u00e1v\u00e1 ve vod\u011b chutnou stopu a po dopadu na dno rychle uvol\u0148uje obsah, \u010d\u00edm\u017e vytv\u00e1\u0159\u00ed atraktivn\u00ed krmn\u00e9 m\u00edsto.<\/p>\n<p style=\"text-align: left;\">Rozm\u011bry krm\u00edtka 50\u00d730 mm umo\u017e\u0148uj\u00ed pojmout v\u011bt\u0161\u00ed mno\u017estv\u00ed n\u00e1vnady najednou. Barva \u201ekhaki\u201c zaji\u0161\u0165uje dokonal\u00e9 maskov\u00e1n\u00ed na dn\u011b jak\u00e9hokoli vodn\u00edho prost\u0159ed\u00ed.<\/p>\n<p style=\"text-align: left;\">Krm\u00edtko je vhodn\u00e9 jak pro klasick\u00e9 feederov\u00e9 mont\u00e1\u017ee (paternoster, asymetrick\u00e1 smy\u010dka, symetrick\u00e1 smy\u010dka), tak i pro syst\u00e9m In-Line. Je univerz\u00e1ln\u00ed a v\u00fdborn\u011b funguje za jak\u00fdchkoli podm\u00ednek \u2013 na jezerech, p\u0159ehrad\u00e1ch i \u0159ek\u00e1ch se siln\u00fdm proudem.<\/p>\n\t\t<\/div>\n\t\t[\/vc_column][\/vc_row][vc_row][vc_column][vc_column_text css=&#8220;&#8220; woodmart_inline=&#8220;no&#8220; text_larger=&#8220;no&#8220;]<\/p>\n<p>[\/vc_column_text][\/vc_column][\/vc_row]<\/p>\n<\/div>","protected":false},"excerpt":{"rendered":"<p>[vc_row][vc_column][\/vc_column][\/vc_row][vc_row][vc_column][vc_column_text css=&#8220;&#8220; woodmart_inline=&#8220;no&#8220; text_larger=&#8220;no&#8220;] [\/vc_column_text][\/vc_column][\/vc_row]<\/p>\n","protected":false},"featured_media":3646,"template":"","meta":[],"product_brand":[64],"product_cat":[15,103],"product_tag":[226],"class_list":{"0":"post-3149","1":"product","2":"type-product","3":"status-publish","4":"has-post-thumbnail","6":"product_brand-profmontaz","7":"product_cat-rybarska-krmitka","8":"product_cat-feederova-krmitka","9":"product_tag-krmitko-feeder","11":"first","12":"instock","13":"taxable","14":"shipping-taxable","15":"purchasable","16":"product-type-variable"},"_links":{"self":[{"href":"https:\/\/profmontaz.cz\/velkoobchod\/wp-json\/wp\/v2\/product\/3149","targetHints":{"allow":["GET"]}}],"collection":[{"href":"https:\/\/profmontaz.cz\/velkoobchod\/wp-json\/wp\/v2\/product"}],"about":[{"href":"https:\/\/profmontaz.cz\/velkoobchod\/wp-json\/wp\/v2\/types\/product"}],"wp:featuredmedia":[{"embeddable":true,"href":"https:\/\/profmontaz.cz\/velkoobchod\/wp-json\/wp\/v2\/media\/3646"}],"wp:attachment":[{"href":"https:\/\/profmontaz.cz\/velkoobchod\/wp-json\/wp\/v2\/media?parent=3149"}],"wp:term":[{"taxonomy":"product_brand","embeddable":true,"href":"https:\/\/profmontaz.cz\/velkoobchod\/wp-json\/wp\/v2\/product_brand?post=3149"},{"taxonomy":"product_cat","embeddable":true,"href":"https:\/\/profmontaz.cz\/velkoobchod\/wp-json\/wp\/v2\/product_cat?post=3149"},{"taxonomy":"product_tag","embeddable":true,"href":"https:\/\/profmontaz.cz\/velkoobchod\/wp-json\/wp\/v2\/product_tag?post=3149"}],"curies":[{"name":"wp","href":"https:\/\/api.w.org\/{rel}","templated":true}]}}