{"id":3350,"date":"2025-06-29T20:56:41","date_gmt":"2025-06-29T18:56:41","guid":{"rendered":"https:\/\/profmontaz.cz\/velkoobchod\/?post_type=product&#038;p=3350"},"modified":"2025-11-15T12:38:26","modified_gmt":"2025-11-15T11:38:26","slug":"fluorokarbonove-lanko-06%d0%bc%d0%bc-16kg","status":"publish","type":"product","link":"https:\/\/profmontaz.cz\/velkoobchod\/produkt\/fluorokarbonove-lanko-06%d0%bc%d0%bc-16kg\/","title":{"rendered":"Fluorokarbonov\u00e9 lanko 0,6\u043c\u043c, 16kg (2 ks)"},"content":{"rendered":"<div class=\"wpb-content-wrapper\"><p>[vc_row][vc_column]\t\t<div id=\"wd-68f8b2bc59187\" class=\"wd-text-block wd-wpb reset-last-child wd-rs-68f8b2bc59187 text-center vc_custom_1761129161237\">\n\t\t\t<p style=\"text-align: left;\">Fluorocarbonov\u00fd n\u00e1vazec \u2013 vyroben z kvalitn\u00edho fluorocarbonu Seaguar (Japonsko). Ka\u017ed\u00fd krimp je nav\u00edc chr\u00e1n\u011bn smr\u0161\u0165ovac\u00ed bu\u017e\u00edrkou. Pou\u017eito bylo spolehliv\u00e9 a osv\u011bd\u010den\u00e9 p\u0159\u00edslu\u0161enstv\u00ed \u2013 karabina typu &#8222;ameri\u010danka&#8220; je univerz\u00e1ln\u00ed a v\u00fdborn\u011b se hod\u00ed k modern\u00edm mont\u00e1\u017e\u00edm typu Jig-Rig.<\/p>\n<p style=\"text-align: left;\">Fluorocarbon se vyzna\u010duje vysokou odolnost\u00ed v\u016f\u010di od\u011bru, a proto je ide\u00e1ln\u00ed pro lov \u0161tiky, cand\u00e1ta a pro pou\u017eit\u00ed v n\u00e1ro\u010dn\u00fdch podm\u00ednk\u00e1ch \u2013 nap\u0159\u00edklad v p\u0159\u00edtomnosti ostr\u00fdch kamen\u016f nebo mu\u0161l\u00ed. Pr\u016fhledn\u00fd a nen\u00e1padn\u00fd n\u00e1vazec ryby neodrazuje, a tak pou\u017eit\u00ed fluorocarbonov\u00fdch n\u00e1vazc\u016f \u010dasto v\u00fdrazn\u011b zvy\u0161uje \u00fasp\u011b\u0161nost rybolovu.<\/p>\n\t\t<\/div>\n\t\t[\/vc_column][\/vc_row][vc_row][vc_column][vc_column_text css=&#8220;&#8220; woodmart_inline=&#8220;no&#8220; text_larger=&#8220;no&#8220;]<\/p>\n<p>[\/vc_column_text][\/vc_column][\/vc_row]<\/p>\n<\/div>","protected":false},"excerpt":{"rendered":"<p>[vc_row][vc_column][\/vc_column][\/vc_row][vc_row][vc_column][vc_column_text css=&#8220;&#8220; woodmart_inline=&#8220;no&#8220; text_larger=&#8220;no&#8220;] [\/vc_column_text][\/vc_column][\/vc_row]<\/p>\n","protected":false},"featured_media":2437,"template":"","meta":[],"product_brand":[64],"product_cat":[108,111],"product_tag":[225],"class_list":{"0":"post-3350","1":"product","2":"type-product","3":"status-publish","4":"has-post-thumbnail","6":"product_brand-profmontaz","7":"product_cat-lanka","8":"product_cat-vlaceci-nastrahy","9":"product_tag-fluorokarbonove-lanko","11":"first","12":"instock","13":"taxable","14":"shipping-taxable","15":"purchasable","16":"product-type-variable"},"_links":{"self":[{"href":"https:\/\/profmontaz.cz\/velkoobchod\/wp-json\/wp\/v2\/product\/3350","targetHints":{"allow":["GET"]}}],"collection":[{"href":"https:\/\/profmontaz.cz\/velkoobchod\/wp-json\/wp\/v2\/product"}],"about":[{"href":"https:\/\/profmontaz.cz\/velkoobchod\/wp-json\/wp\/v2\/types\/product"}],"wp:featuredmedia":[{"embeddable":true,"href":"https:\/\/profmontaz.cz\/velkoobchod\/wp-json\/wp\/v2\/media\/2437"}],"wp:attachment":[{"href":"https:\/\/profmontaz.cz\/velkoobchod\/wp-json\/wp\/v2\/media?parent=3350"}],"wp:term":[{"taxonomy":"product_brand","embeddable":true,"href":"https:\/\/profmontaz.cz\/velkoobchod\/wp-json\/wp\/v2\/product_brand?post=3350"},{"taxonomy":"product_cat","embeddable":true,"href":"https:\/\/profmontaz.cz\/velkoobchod\/wp-json\/wp\/v2\/product_cat?post=3350"},{"taxonomy":"product_tag","embeddable":true,"href":"https:\/\/profmontaz.cz\/velkoobchod\/wp-json\/wp\/v2\/product_tag?post=3350"}],"curies":[{"name":"wp","href":"https:\/\/api.w.org\/{rel}","templated":true}]}}