{"id":3520,"date":"2025-06-30T22:04:57","date_gmt":"2025-06-30T20:04:57","guid":{"rendered":"https:\/\/profmontaz.cz\/velkoobchod\/?post_type=product&#038;p=3520"},"modified":"2025-11-14T14:15:49","modified_gmt":"2025-11-14T13:15:49","slug":"navazec-krank-bait-rigs-25lb-115%d0%bag","status":"publish","type":"product","link":"https:\/\/profmontaz.cz\/velkoobchod\/produkt\/navazec-krank-bait-rigs-25lb-115%d0%bag\/","title":{"rendered":"N\u00e1vazec KRANK BAIT RIGS #6 (25Lb\/11,5\u043ag)"},"content":{"rendered":"<p data-start=\"35\" data-end=\"462\"><strong data-start=\"35\" data-end=\"77\">Hotov\u00fd boilies n\u00e1vazec KRANK BAIT RIGS<\/strong> \u2013 je osazen obl\u00edben\u00fdm typem h\u00e1\u010dku ve tvaru KRANK. Tento h\u00e1\u010dek je vyr\u00e1b\u011bn na zak\u00e1zku v tov\u00e1rn\u011b Kumho (Korea) a vyzna\u010duje se v\u00fdjime\u010dnou ostrost\u00ed a spolehlivost\u00ed. Speci\u00e1ln\u00ed PTFE povlak spolehliv\u011b chr\u00e1n\u00ed h\u00e1\u010dek p\u0159ed koroz\u00ed a pom\u00e1h\u00e1 mu z\u016fstat ostr\u00fdm po dlouhou dobu. Speci\u00e1ln\u011b zahnut\u00fd tvar h\u00e1\u010dku zaji\u0161\u0165uje nejen skv\u011blou efektivitu z\u00e1sek\u016f, ale i bezpe\u010dn\u00e9 udr\u017een\u00ed ryby b\u011bhem cel\u00e9ho zdol\u00e1v\u00e1n\u00ed.<\/p>\n<p data-start=\"464\" data-end=\"710\"><strong data-start=\"464\" data-end=\"491\">N\u00e1vazec KRANK BAIT RIGS<\/strong> je vhodn\u00fd pro v\u0161echny typy n\u00e1strah: pop-upy, boilies, wafters, vyv\u00e1\u017een\u00e9 n\u00e1vnady (balanced), imitace kuku\u0159ice atd. N\u00e1vazec je vyroben z kvalitn\u00edho m\u011bkk\u00e9ho n\u00e1vazcov\u00e9ho materi\u00e1lu <strong data-start=\"668\" data-end=\"688\">Climax (N\u011bmecko)<\/strong> s <strong data-start=\"691\" data-end=\"709\">nosnost\u00ed 25 lb<\/strong>.<\/p>\n<p data-start=\"464\" data-end=\"710\">\n","protected":false},"excerpt":{"rendered":"<p>Hotov\u00fd boilies n\u00e1vazec KRANK BAIT RIGS \u2013 je osazen obl\u00edben\u00fdm typem h\u00e1\u010dku ve tvaru KRANK. Tento h\u00e1\u010dek je vyr\u00e1b\u011bn na<\/p>\n","protected":false},"featured_media":3521,"template":"","meta":[],"product_brand":[],"product_cat":[105,104],"product_tag":[223],"class_list":{"0":"post-3520","1":"product","2":"type-product","3":"status-publish","4":"has-post-thumbnail","6":"product_cat-hotove-navazce","7":"product_cat-hotove-navazce-a-montaze","8":"product_tag-navazec","10":"first","11":"instock","12":"taxable","13":"shipping-taxable","14":"purchasable","15":"product-type-variable"},"_links":{"self":[{"href":"https:\/\/profmontaz.cz\/velkoobchod\/wp-json\/wp\/v2\/product\/3520","targetHints":{"allow":["GET"]}}],"collection":[{"href":"https:\/\/profmontaz.cz\/velkoobchod\/wp-json\/wp\/v2\/product"}],"about":[{"href":"https:\/\/profmontaz.cz\/velkoobchod\/wp-json\/wp\/v2\/types\/product"}],"wp:featuredmedia":[{"embeddable":true,"href":"https:\/\/profmontaz.cz\/velkoobchod\/wp-json\/wp\/v2\/media\/3521"}],"wp:attachment":[{"href":"https:\/\/profmontaz.cz\/velkoobchod\/wp-json\/wp\/v2\/media?parent=3520"}],"wp:term":[{"taxonomy":"product_brand","embeddable":true,"href":"https:\/\/profmontaz.cz\/velkoobchod\/wp-json\/wp\/v2\/product_brand?post=3520"},{"taxonomy":"product_cat","embeddable":true,"href":"https:\/\/profmontaz.cz\/velkoobchod\/wp-json\/wp\/v2\/product_cat?post=3520"},{"taxonomy":"product_tag","embeddable":true,"href":"https:\/\/profmontaz.cz\/velkoobchod\/wp-json\/wp\/v2\/product_tag?post=3520"}],"curies":[{"name":"wp","href":"https:\/\/api.w.org\/{rel}","templated":true}]}}