{"id":3527,"date":"2025-06-30T22:05:16","date_gmt":"2025-06-30T20:05:16","guid":{"rendered":"https:\/\/profmontaz.cz\/velkoobchod\/?post_type=product&#038;p=3527"},"modified":"2025-11-14T14:13:21","modified_gmt":"2025-11-14T13:13:21","slug":"navazec-krank-bait-rigs-25lb-115%d0%bag-2","status":"publish","type":"product","link":"https:\/\/profmontaz.cz\/velkoobchod\/produkt\/navazec-krank-bait-rigs-25lb-115%d0%bag-2\/","title":{"rendered":"N\u00e1vazec KRANK BAIT RIGS #4 (25Lb\/11,5\u043ag)"},"content":{"rendered":"<p data-start=\"49\" data-end=\"366\">Hotov\u00fd boilies n\u00e1vazec <strong data-start=\"72\" data-end=\"91\">KRANK BAIT RIGS<\/strong> je osazen obl\u00edben\u00fdm h\u00e1\u010dkem typu <strong data-start=\"124\" data-end=\"133\">KRANK<\/strong>. H\u00e1\u010dek je vyr\u00e1b\u011bn na zak\u00e1zku ve v\u00fdrobn\u00edm z\u00e1vod\u011b <strong data-start=\"182\" data-end=\"199\">Kumho (Korea)<\/strong> a vyzna\u010duje se v\u00fdjime\u010dnou ostrost\u00ed a spolehlivost\u00ed. Speci\u00e1ln\u00ed <strong data-start=\"262\" data-end=\"287\">PTFE povrchov\u00e1 \u00faprava<\/strong> spolehliv\u011b chr\u00e1n\u00ed h\u00e1\u010dek proti korozi a pom\u00e1h\u00e1 mu z\u016fstat ostr\u00fd po dlouhou dobu.<\/p>\n<p data-start=\"368\" data-end=\"632\">Speci\u00e1ln\u011b zahnut\u00fd tvar h\u00e1\u010dku zaji\u0161\u0165uje nejen v\u00fdborn\u00e9 zaseknut\u00ed z\u00e1b\u011br\u016f, ale tak\u00e9 spolehliv\u00e9 udr\u017een\u00ed ryby b\u011bhem cel\u00e9ho zdol\u00e1v\u00e1n\u00ed. N\u00e1vazec <strong data-start=\"504\" data-end=\"523\">KRANK BAIT RIGS<\/strong> je vhodn\u00fd pro v\u0161echny typy n\u00e1strah: <strong data-start=\"560\" data-end=\"627\">pop-upy, boilies, waftersy, vyv\u00e1\u017een\u00e9 n\u00e1strahy, imitace kuku\u0159ice<\/strong> atd.<\/p>\n<p data-start=\"634\" data-end=\"739\">N\u00e1vazec je vyroben z kvalitn\u00edho, m\u011bkk\u00e9ho n\u00e1vazcov\u00e9ho materi\u00e1lu <strong data-start=\"697\" data-end=\"717\">Climax (N\u011bmecko)<\/strong> s nosnost\u00ed <strong data-start=\"729\" data-end=\"738\">25 lb<\/strong>.<\/p>\n","protected":false},"excerpt":{"rendered":"<p>Hotov\u00fd boilies n\u00e1vazec KRANK BAIT RIGS je osazen obl\u00edben\u00fdm h\u00e1\u010dkem typu KRANK. H\u00e1\u010dek je vyr\u00e1b\u011bn na zak\u00e1zku ve v\u00fdrobn\u00edm z\u00e1vod\u011b<\/p>\n","protected":false},"featured_media":3531,"template":"","meta":[],"product_brand":[],"product_cat":[105,104],"product_tag":[223],"class_list":{"0":"post-3527","1":"product","2":"type-product","3":"status-publish","4":"has-post-thumbnail","6":"product_cat-hotove-navazce","7":"product_cat-hotove-navazce-a-montaze","8":"product_tag-navazec","10":"first","11":"instock","12":"taxable","13":"shipping-taxable","14":"purchasable","15":"product-type-variable"},"_links":{"self":[{"href":"https:\/\/profmontaz.cz\/velkoobchod\/wp-json\/wp\/v2\/product\/3527","targetHints":{"allow":["GET"]}}],"collection":[{"href":"https:\/\/profmontaz.cz\/velkoobchod\/wp-json\/wp\/v2\/product"}],"about":[{"href":"https:\/\/profmontaz.cz\/velkoobchod\/wp-json\/wp\/v2\/types\/product"}],"wp:featuredmedia":[{"embeddable":true,"href":"https:\/\/profmontaz.cz\/velkoobchod\/wp-json\/wp\/v2\/media\/3531"}],"wp:attachment":[{"href":"https:\/\/profmontaz.cz\/velkoobchod\/wp-json\/wp\/v2\/media?parent=3527"}],"wp:term":[{"taxonomy":"product_brand","embeddable":true,"href":"https:\/\/profmontaz.cz\/velkoobchod\/wp-json\/wp\/v2\/product_brand?post=3527"},{"taxonomy":"product_cat","embeddable":true,"href":"https:\/\/profmontaz.cz\/velkoobchod\/wp-json\/wp\/v2\/product_cat?post=3527"},{"taxonomy":"product_tag","embeddable":true,"href":"https:\/\/profmontaz.cz\/velkoobchod\/wp-json\/wp\/v2\/product_tag?post=3527"}],"curies":[{"name":"wp","href":"https:\/\/api.w.org\/{rel}","templated":true}]}}