{"id":3553,"date":"2025-06-30T22:46:25","date_gmt":"2025-06-30T20:46:25","guid":{"rendered":"https:\/\/profmontaz.cz\/velkoobchod\/?post_type=product&#038;p=3553"},"modified":"2025-11-14T14:24:38","modified_gmt":"2025-11-14T13:24:38","slug":"navazec-wide-gape-25lb-115%d0%bag","status":"publish","type":"product","link":"https:\/\/profmontaz.cz\/velkoobchod\/produkt\/navazec-wide-gape-25lb-115%d0%bag\/","title":{"rendered":"N\u00e1vazec Wide Gape #6 (25Lb\/11,5\u043ag)"},"content":{"rendered":"<div class=\"wpb-content-wrapper\"><p>[vc_row][vc_column]\t\t<div id=\"wd-6862f8419c128\" class=\"wd-text-block wd-wpb reset-last-child wd-rs-6862f8419c128 text-center vc_custom_1751316548559\">\n\t\t\t<p>X-Strong Carp n\u00e1vazec 25 LB\/11,5 kg, d\u00e9lka 10\/12\/15 cm, h\u00e1\u010dek \u010d. 6 (3 ks) \u2013 p\u0159ipraven\u00fd kaprov\u00fd n\u00e1vazec vyroben\u00fd z kvalitn\u00edho materi\u00e1lu Climax (N\u011bmecko) s pevnost\u00ed v tahu 25 lb. Kvalitn\u00ed h\u00e1\u010dky Kumho (Korea) z kaprov\u00e9 s\u00e9rie zaji\u0161\u0165uj\u00ed v\u00fdborn\u00e9 zaseknut\u00ed ryby a spolehliv\u011b ji dr\u017e\u00ed p\u0159i zdol\u00e1v\u00e1n\u00ed. Vlasov\u00e1 mont\u00e1\u017e v\u00fdrazn\u011b roz\u0161i\u0159uje mo\u017enosti v\u00fdb\u011bru n\u00e1strah: boilies, pop-ups, pelety, hr\u00e1ch, kuku\u0159ice a dal\u0161\u00ed.<\/p>\n\t\t<\/div>\n\t\t[\/vc_column][\/vc_row][vc_row][vc_column][vc_column_text css=&#8220;&#8220; woodmart_inline=&#8220;no&#8220; text_larger=&#8220;no&#8220;]<\/p>\n<p>[\/vc_column_text][\/vc_column][\/vc_row]<\/p>\n<\/div>","protected":false},"excerpt":{"rendered":"<p>[vc_row][vc_column][\/vc_column][\/vc_row][vc_row][vc_column][vc_column_text css=&#8220;&#8220; woodmart_inline=&#8220;no&#8220; text_larger=&#8220;no&#8220;] [\/vc_column_text][\/vc_column][\/vc_row]<\/p>\n","protected":false},"featured_media":3639,"template":"","meta":[],"product_brand":[64],"product_cat":[105,104],"product_tag":[223],"class_list":{"0":"post-3553","1":"product","2":"type-product","3":"status-publish","4":"has-post-thumbnail","6":"product_brand-profmontaz","7":"product_cat-hotove-navazce","8":"product_cat-hotove-navazce-a-montaze","9":"product_tag-navazec","11":"first","12":"instock","13":"taxable","14":"shipping-taxable","15":"purchasable","16":"product-type-variable"},"_links":{"self":[{"href":"https:\/\/profmontaz.cz\/velkoobchod\/wp-json\/wp\/v2\/product\/3553","targetHints":{"allow":["GET"]}}],"collection":[{"href":"https:\/\/profmontaz.cz\/velkoobchod\/wp-json\/wp\/v2\/product"}],"about":[{"href":"https:\/\/profmontaz.cz\/velkoobchod\/wp-json\/wp\/v2\/types\/product"}],"wp:featuredmedia":[{"embeddable":true,"href":"https:\/\/profmontaz.cz\/velkoobchod\/wp-json\/wp\/v2\/media\/3639"}],"wp:attachment":[{"href":"https:\/\/profmontaz.cz\/velkoobchod\/wp-json\/wp\/v2\/media?parent=3553"}],"wp:term":[{"taxonomy":"product_brand","embeddable":true,"href":"https:\/\/profmontaz.cz\/velkoobchod\/wp-json\/wp\/v2\/product_brand?post=3553"},{"taxonomy":"product_cat","embeddable":true,"href":"https:\/\/profmontaz.cz\/velkoobchod\/wp-json\/wp\/v2\/product_cat?post=3553"},{"taxonomy":"product_tag","embeddable":true,"href":"https:\/\/profmontaz.cz\/velkoobchod\/wp-json\/wp\/v2\/product_tag?post=3553"}],"curies":[{"name":"wp","href":"https:\/\/api.w.org\/{rel}","templated":true}]}}