{"id":3583,"date":"2025-06-30T23:26:05","date_gmt":"2025-06-30T21:26:05","guid":{"rendered":"https:\/\/profmontaz.cz\/velkoobchod\/?post_type=product&#038;p=3583"},"modified":"2025-11-14T14:19:49","modified_gmt":"2025-11-14T13:19:49","slug":"navazec-s-protihrotem-bait-spike-rigs-25lb-115%d0%bag","status":"publish","type":"product","link":"https:\/\/profmontaz.cz\/velkoobchod\/produkt\/navazec-s-protihrotem-bait-spike-rigs-25lb-115%d0%bag\/","title":{"rendered":"N\u00e1vazec s protihrotem Bait Spike Rigs #6 (25Lb\/11,5\u043ag)"},"content":{"rendered":"<div class=\"wpb-content-wrapper\"><p>[vc_row][vc_column]\t\t<div id=\"wd-68f761faec97c\" class=\"wd-text-block wd-wpb reset-last-child wd-rs-68f761faec97c text-center vc_custom_1761042947857\">\n\t\t\t<p style=\"text-align: left;\">P\u0159ipraven\u00fd kaprov\u00fd n\u00e1vazec s jehlou Bait Spike Rigs \u010d. 6, d\u00e9lka 10 cm (3 ks) \u2013 umo\u017e\u0148uje rychl\u00e9 a spolehliv\u00e9 upevn\u011bn\u00ed n\u00e1strahy: pop-ups, boilies, wafters, imitace kuku\u0159ice a dal\u0161\u00ed n\u00e1strahy. N\u00e1vazec je vyroben z kvalitn\u00edho n\u00e1vazcov\u00e9ho materi\u00e1lu Climax (N\u011bmecko) s pevnost\u00ed v tahu 25 lb. N\u00e1vazce jsou vybaveny jehlou o d\u00e9lce 10 mm, kter\u00e1 je ide\u00e1ln\u00ed pro n\u00e1strahy o pr\u016fm\u011bru 8\u201314 mm. Kvalitn\u00ed h\u00e1\u010dky Kumho (Korea) z kaprov\u00e9 s\u00e9rie Wide Gape zaji\u0161\u0165uj\u00ed v\u00fdborn\u00e9 zaseknut\u00ed ryby a spolehliv\u011b ji dr\u017e\u00ed p\u0159i zdol\u00e1v\u00e1n\u00ed.<\/p>\n\t\t<\/div>\n\t\t[\/vc_column][\/vc_row][vc_row][vc_column][vc_column_text css=&#8220;&#8220; woodmart_inline=&#8220;no&#8220; text_larger=&#8220;no&#8220;]<\/p>\n<p>[\/vc_column_text][\/vc_column][\/vc_row]<\/p>\n<\/div>","protected":false},"excerpt":{"rendered":"<p>[vc_row][vc_column][\/vc_column][\/vc_row][vc_row][vc_column][vc_column_text css=&#8220;&#8220; woodmart_inline=&#8220;no&#8220; text_larger=&#8220;no&#8220;] [\/vc_column_text][\/vc_column][\/vc_row]<\/p>\n","protected":false},"featured_media":3587,"template":"","meta":[],"product_brand":[64],"product_cat":[105,104],"product_tag":[223],"class_list":{"0":"post-3583","1":"product","2":"type-product","3":"status-publish","4":"has-post-thumbnail","6":"product_brand-profmontaz","7":"product_cat-hotove-navazce","8":"product_cat-hotove-navazce-a-montaze","9":"product_tag-navazec","11":"first","12":"instock","13":"taxable","14":"shipping-taxable","15":"purchasable","16":"product-type-variable"},"_links":{"self":[{"href":"https:\/\/profmontaz.cz\/velkoobchod\/wp-json\/wp\/v2\/product\/3583","targetHints":{"allow":["GET"]}}],"collection":[{"href":"https:\/\/profmontaz.cz\/velkoobchod\/wp-json\/wp\/v2\/product"}],"about":[{"href":"https:\/\/profmontaz.cz\/velkoobchod\/wp-json\/wp\/v2\/types\/product"}],"wp:featuredmedia":[{"embeddable":true,"href":"https:\/\/profmontaz.cz\/velkoobchod\/wp-json\/wp\/v2\/media\/3587"}],"wp:attachment":[{"href":"https:\/\/profmontaz.cz\/velkoobchod\/wp-json\/wp\/v2\/media?parent=3583"}],"wp:term":[{"taxonomy":"product_brand","embeddable":true,"href":"https:\/\/profmontaz.cz\/velkoobchod\/wp-json\/wp\/v2\/product_brand?post=3583"},{"taxonomy":"product_cat","embeddable":true,"href":"https:\/\/profmontaz.cz\/velkoobchod\/wp-json\/wp\/v2\/product_cat?post=3583"},{"taxonomy":"product_tag","embeddable":true,"href":"https:\/\/profmontaz.cz\/velkoobchod\/wp-json\/wp\/v2\/product_tag?post=3583"}],"curies":[{"name":"wp","href":"https:\/\/api.w.org\/{rel}","templated":true}]}}