{"id":3604,"date":"2025-07-24T02:09:23","date_gmt":"2025-07-24T00:09:23","guid":{"rendered":"https:\/\/profmontaz.cz\/velkoobchod\/?post_type=product&#038;p=3604"},"modified":"2025-11-14T14:35:52","modified_gmt":"2025-11-14T13:35:52","slug":"krmitko-prubezna-dratene-olovene-tornado-s-vedenim","status":"publish","type":"product","link":"https:\/\/profmontaz.cz\/velkoobchod\/produkt\/krmitko-prubezna-dratene-olovene-tornado-s-vedenim\/","title":{"rendered":"Krm\u00edtko  pr\u016fb\u011b\u017en\u00e1  dr\u00e1t\u011bn\u00e9 olov\u011bn\u00e9 Tornado  s veden\u00edm (10 kus\u016f\/bal)"},"content":{"rendered":"<p>Krm\u00edtko pr\u016fb\u011b\u017en\u00e1 dr\u00e1t\u011bn\u00e9 olov\u011bn\u00e9 Tornado s veden\u00edm speci\u00e1ln\u00edho tvaru, kter\u00e9 umo\u017e\u0148uje snadn\u00e9<\/p>\n<p>napln\u011bn\u00ed n\u00e1vnadou pouze rukama bez pou\u017eit\u00ed dal\u0161\u00edch pom\u016fcek, p\u0159i\u010dem\u017e je mo\u017en\u00e9 naplnit velk\u00e9<\/p>\n<p>mno\u017estv\u00ed krmen\u00ed. N\u00e1vnada se neschov\u00e1v\u00e1 v krmen\u00ed ani v t\u011ble krm\u00edtka a lze pou\u017e\u00edt jakoukoli n\u00e1strahu<\/p>\n<p>libovoln\u00e9 velikosti. D\u00edky stabiliza\u010dn\u00ed trubi\u010dce krm\u00edtko let\u00ed p\u0159esn\u011b a daleko, z\u00e1rove\u0148 trubi\u010dka zabra\u0148uje<\/p>\n<p>tomu, aby se krm\u00edtko zabo\u0159ilo do bahna.<\/p>\n","protected":false},"excerpt":{"rendered":"<p>Krm\u00edtko pr\u016fb\u011b\u017en\u00e1 dr\u00e1t\u011bn\u00e9 olov\u011bn\u00e9 Tornado s veden\u00edm speci\u00e1ln\u00edho tvaru, kter\u00e9 umo\u017e\u0148uje snadn\u00e9 napln\u011bn\u00ed n\u00e1vnadou pouze rukama bez pou\u017eit\u00ed dal\u0161\u00edch pom\u016fcek,<\/p>\n","protected":false},"featured_media":3605,"template":"","meta":[],"product_brand":[64],"product_cat":[15,100],"product_tag":[],"class_list":{"0":"post-3604","1":"product","2":"type-product","3":"status-publish","4":"has-post-thumbnail","6":"product_brand-profmontaz","7":"product_cat-rybarska-krmitka","8":"product_cat-klasicka-krmitka","10":"first","11":"instock","12":"taxable","13":"shipping-taxable","14":"purchasable","15":"product-type-variable"},"_links":{"self":[{"href":"https:\/\/profmontaz.cz\/velkoobchod\/wp-json\/wp\/v2\/product\/3604","targetHints":{"allow":["GET"]}}],"collection":[{"href":"https:\/\/profmontaz.cz\/velkoobchod\/wp-json\/wp\/v2\/product"}],"about":[{"href":"https:\/\/profmontaz.cz\/velkoobchod\/wp-json\/wp\/v2\/types\/product"}],"wp:featuredmedia":[{"embeddable":true,"href":"https:\/\/profmontaz.cz\/velkoobchod\/wp-json\/wp\/v2\/media\/3605"}],"wp:attachment":[{"href":"https:\/\/profmontaz.cz\/velkoobchod\/wp-json\/wp\/v2\/media?parent=3604"}],"wp:term":[{"taxonomy":"product_brand","embeddable":true,"href":"https:\/\/profmontaz.cz\/velkoobchod\/wp-json\/wp\/v2\/product_brand?post=3604"},{"taxonomy":"product_cat","embeddable":true,"href":"https:\/\/profmontaz.cz\/velkoobchod\/wp-json\/wp\/v2\/product_cat?post=3604"},{"taxonomy":"product_tag","embeddable":true,"href":"https:\/\/profmontaz.cz\/velkoobchod\/wp-json\/wp\/v2\/product_tag?post=3604"}],"curies":[{"name":"wp","href":"https:\/\/api.w.org\/{rel}","templated":true}]}}