{"id":3617,"date":"2025-07-24T04:07:57","date_gmt":"2025-07-24T02:07:57","guid":{"rendered":"https:\/\/profmontaz.cz\/velkoobchod\/?post_type=product&#038;p=3617"},"modified":"2026-02-05T10:50:25","modified_gmt":"2026-02-05T09:50:25","slug":"krmitko-prubezna-dratene-olovene-vodni-meloun","status":"publish","type":"product","link":"https:\/\/profmontaz.cz\/velkoobchod\/produkt\/krmitko-prubezna-dratene-olovene-vodni-meloun\/","title":{"rendered":"Krm\u00edtko  pr\u016fb\u011b\u017en\u00e1 dr\u00e1t\u011bn\u00e9 olov\u011bn\u00e9 Vodn\u00ed meloun (10 kus\u016f\/bal)"},"content":{"rendered":"<p>Krm\u00edtko pr\u016fb\u011b\u017en\u00e9 dr\u00e1t\u011bn\u00e9 olov\u011bn\u00e9 Vodn\u00ed meloun m\u00e1 vysokou aerodynamiku a je snadn\u00e9 na<\/p>\n<p>nav\u00e1z\u00e1n\u00ed. Bo\u010dn\u00ed \u017eebra pru\u017einy poskytuj\u00ed dodate\u010dnou stabilitu v proudu, lep\u0161\u00ed letovou dynamiku,<\/p>\n<p>pevn\u011b dr\u017e\u00ed n\u00e1vnadu, dopravuj\u00ed ji na ur\u010den\u00e9 m\u00edsto a zabra\u0148uj\u00ed jej\u00edmu rychl\u00e9mu rozpou\u0161t\u011bn\u00ed.Mo\u017enost<\/p>\n<p>pou\u017eit\u00ed s vlascem nebo olov\u011bnou \u0161\u0148\u016frou (leadcore).<\/p>\n","protected":false},"excerpt":{"rendered":"<p>Krm\u00edtko pr\u016fb\u011b\u017en\u00e9 dr\u00e1t\u011bn\u00e9 olov\u011bn\u00e9 Vodn\u00ed meloun m\u00e1 vysokou aerodynamiku a je snadn\u00e9 na nav\u00e1z\u00e1n\u00ed. Bo\u010dn\u00ed \u017eebra pru\u017einy poskytuj\u00ed dodate\u010dnou stabilitu<\/p>\n","protected":false},"featured_media":3620,"template":"","meta":[],"product_brand":[64],"product_cat":[15,100],"product_tag":[222],"class_list":{"0":"post-3617","1":"product","2":"type-product","3":"status-publish","4":"has-post-thumbnail","6":"product_brand-profmontaz","7":"product_cat-rybarska-krmitka","8":"product_cat-klasicka-krmitka","9":"product_tag-krmitko","11":"first","12":"instock","13":"taxable","14":"shipping-taxable","15":"purchasable","16":"product-type-variable"},"_links":{"self":[{"href":"https:\/\/profmontaz.cz\/velkoobchod\/wp-json\/wp\/v2\/product\/3617","targetHints":{"allow":["GET"]}}],"collection":[{"href":"https:\/\/profmontaz.cz\/velkoobchod\/wp-json\/wp\/v2\/product"}],"about":[{"href":"https:\/\/profmontaz.cz\/velkoobchod\/wp-json\/wp\/v2\/types\/product"}],"wp:featuredmedia":[{"embeddable":true,"href":"https:\/\/profmontaz.cz\/velkoobchod\/wp-json\/wp\/v2\/media\/3620"}],"wp:attachment":[{"href":"https:\/\/profmontaz.cz\/velkoobchod\/wp-json\/wp\/v2\/media?parent=3617"}],"wp:term":[{"taxonomy":"product_brand","embeddable":true,"href":"https:\/\/profmontaz.cz\/velkoobchod\/wp-json\/wp\/v2\/product_brand?post=3617"},{"taxonomy":"product_cat","embeddable":true,"href":"https:\/\/profmontaz.cz\/velkoobchod\/wp-json\/wp\/v2\/product_cat?post=3617"},{"taxonomy":"product_tag","embeddable":true,"href":"https:\/\/profmontaz.cz\/velkoobchod\/wp-json\/wp\/v2\/product_tag?post=3617"}],"curies":[{"name":"wp","href":"https:\/\/api.w.org\/{rel}","templated":true}]}}