{"id":3632,"date":"2025-07-24T04:24:58","date_gmt":"2025-07-24T02:24:58","guid":{"rendered":"https:\/\/profmontaz.cz\/velkoobchod\/?post_type=product&#038;p=3632"},"modified":"2025-11-14T14:50:04","modified_gmt":"2025-11-14T13:50:04","slug":"krmitko-dratene-prubezne-s-excentrickym-olovem-kuzel","status":"publish","type":"product","link":"https:\/\/profmontaz.cz\/velkoobchod\/produkt\/krmitko-dratene-prubezne-s-excentrickym-olovem-kuzel\/","title":{"rendered":"Krm\u00edtko dr\u00e1t\u011bn\u00e9 pr\u016fb\u011b\u017en\u00e9 s excentrick\u00fdm olovem Ku\u017eel (10 kus\u016f\/bal)"},"content":{"rendered":"<div class=\"wpb-content-wrapper\"><p>[vc_row][vc_column][vc_column_text css=&#8220;&#8220; woodmart_inline=&#8220;no&#8220; text_larger=&#8220;no&#8220;]<\/p>\n<p style=\"text-align: left;\">Krm\u00edtko dr\u00e1t\u011bn\u00e9 pr\u016fb\u011b\u017en\u00e9 s excentrick\u00fdm olovem Ku\u017eel skv\u011ble se hod\u00ed pro v\u00fdrobu r\u016fzn\u00fdch mont\u00e1\u017e\u00ed. D\u00edky sv\u00e9 aerodynamick\u00e9 form\u011b m\u00e1 v\u00fdborn\u00e9 letov\u00e9 vlastnosti a umo\u017e\u0148uje nahazovat na velk\u00e9 vzd\u00e1lenosti, p\u0159i\u010dem\u017e p\u0159\u00edtomnost z\u00e1t\u011b\u017ee uvnit\u0159 krm\u00edtka umo\u017e\u0148uje jeho pou\u017eit\u00ed jak na stojat\u00fdch vod\u00e1ch, tak i na \u0159ek\u00e1ch se siln\u00fdm proudem.<\/p>\n<p>[\/vc_column_text][\/vc_column][\/vc_row]<\/p>\n<\/div>","protected":false},"excerpt":{"rendered":"<p>[vc_row][vc_column][vc_column_text css=&#8220;&#8220; woodmart_inline=&#8220;no&#8220; text_larger=&#8220;no&#8220;] Krm\u00edtko dr\u00e1t\u011bn\u00e9 pr\u016fb\u011b\u017en\u00e9 s excentrick\u00fdm olovem Ku\u017eel skv\u011ble se hod\u00ed pro v\u00fdrobu r\u016fzn\u00fdch mont\u00e1\u017e\u00ed. D\u00edky sv\u00e9<\/p>\n","protected":false},"featured_media":3618,"template":"","meta":[],"product_brand":[64],"product_cat":[15,100],"product_tag":[222],"class_list":{"0":"post-3632","1":"product","2":"type-product","3":"status-publish","4":"has-post-thumbnail","6":"product_brand-profmontaz","7":"product_cat-rybarska-krmitka","8":"product_cat-klasicka-krmitka","9":"product_tag-krmitko","11":"first","12":"instock","13":"taxable","14":"shipping-taxable","15":"purchasable","16":"product-type-variable"},"_links":{"self":[{"href":"https:\/\/profmontaz.cz\/velkoobchod\/wp-json\/wp\/v2\/product\/3632","targetHints":{"allow":["GET"]}}],"collection":[{"href":"https:\/\/profmontaz.cz\/velkoobchod\/wp-json\/wp\/v2\/product"}],"about":[{"href":"https:\/\/profmontaz.cz\/velkoobchod\/wp-json\/wp\/v2\/types\/product"}],"wp:featuredmedia":[{"embeddable":true,"href":"https:\/\/profmontaz.cz\/velkoobchod\/wp-json\/wp\/v2\/media\/3618"}],"wp:attachment":[{"href":"https:\/\/profmontaz.cz\/velkoobchod\/wp-json\/wp\/v2\/media?parent=3632"}],"wp:term":[{"taxonomy":"product_brand","embeddable":true,"href":"https:\/\/profmontaz.cz\/velkoobchod\/wp-json\/wp\/v2\/product_brand?post=3632"},{"taxonomy":"product_cat","embeddable":true,"href":"https:\/\/profmontaz.cz\/velkoobchod\/wp-json\/wp\/v2\/product_cat?post=3632"},{"taxonomy":"product_tag","embeddable":true,"href":"https:\/\/profmontaz.cz\/velkoobchod\/wp-json\/wp\/v2\/product_tag?post=3632"}],"curies":[{"name":"wp","href":"https:\/\/api.w.org\/{rel}","templated":true}]}}