{"id":3667,"date":"2025-07-26T10:37:33","date_gmt":"2025-07-26T08:37:33","guid":{"rendered":"https:\/\/profmontaz.cz\/velkoobchod\/?post_type=product&#038;p=3667"},"modified":"2025-11-17T13:06:05","modified_gmt":"2025-11-17T12:06:05","slug":"zastrcka-krmitka-feeder-shot-stream-classic","status":"publish","type":"product","link":"https:\/\/profmontaz.cz\/velkoobchod\/produkt\/zastrcka-krmitka-feeder-shot-stream-classic\/","title":{"rendered":"Z\u00e1str\u010dka krm\u00edtka Feeder Shot (Stream\/Classic) (10 kusy\/bal) (Cena je za kus)"},"content":{"rendered":"<p style=\"text-align: left;\">Z\u00e1str\u010dka\u2013 dno pro krm\u00edtka Feeder Shot (Stream\/Classic) \u2013 speci\u00e1ln\u011b navr\u017een\u00e1 z\u00e1str\u010dka\u2013dno pro zpomalen\u00ed vyplavov\u00e1n\u00ed krmiva z feederov\u00e9ho krm\u00edtka. Pou\u017eit\u00ed z\u00e1tky je obzvl\u00e1\u0161t\u011b aktu\u00e1ln\u00ed p\u0159i lovu v proudu. Z\u00e1tka je ide\u00e1ln\u011b vhodn\u00e1 pro krm\u00edtka Feeder Shot Stream a Feeder Shot Classic.<\/p>\n","protected":false},"excerpt":{"rendered":"<p>Z\u00e1str\u010dka\u2013 dno pro krm\u00edtka Feeder Shot (Stream\/Classic) \u2013 speci\u00e1ln\u011b navr\u017een\u00e1 z\u00e1str\u010dka\u2013dno pro zpomalen\u00ed vyplavov\u00e1n\u00ed krmiva z feederov\u00e9ho krm\u00edtka. Pou\u017eit\u00ed z\u00e1tky<\/p>\n","protected":false},"featured_media":3668,"template":"","meta":[],"product_brand":[64],"product_cat":[15,103],"product_tag":[221],"class_list":{"0":"post-3667","1":"product","2":"type-product","3":"status-publish","4":"has-post-thumbnail","6":"product_brand-profmontaz","7":"product_cat-rybarska-krmitka","8":"product_cat-feederova-krmitka","9":"product_tag-zastrcka-krmitka","11":"first","12":"instock","13":"taxable","14":"shipping-taxable","15":"purchasable","16":"product-type-simple"},"_links":{"self":[{"href":"https:\/\/profmontaz.cz\/velkoobchod\/wp-json\/wp\/v2\/product\/3667","targetHints":{"allow":["GET"]}}],"collection":[{"href":"https:\/\/profmontaz.cz\/velkoobchod\/wp-json\/wp\/v2\/product"}],"about":[{"href":"https:\/\/profmontaz.cz\/velkoobchod\/wp-json\/wp\/v2\/types\/product"}],"wp:featuredmedia":[{"embeddable":true,"href":"https:\/\/profmontaz.cz\/velkoobchod\/wp-json\/wp\/v2\/media\/3668"}],"wp:attachment":[{"href":"https:\/\/profmontaz.cz\/velkoobchod\/wp-json\/wp\/v2\/media?parent=3667"}],"wp:term":[{"taxonomy":"product_brand","embeddable":true,"href":"https:\/\/profmontaz.cz\/velkoobchod\/wp-json\/wp\/v2\/product_brand?post=3667"},{"taxonomy":"product_cat","embeddable":true,"href":"https:\/\/profmontaz.cz\/velkoobchod\/wp-json\/wp\/v2\/product_cat?post=3667"},{"taxonomy":"product_tag","embeddable":true,"href":"https:\/\/profmontaz.cz\/velkoobchod\/wp-json\/wp\/v2\/product_tag?post=3667"}],"curies":[{"name":"wp","href":"https:\/\/api.w.org\/{rel}","templated":true}]}}