{"id":3755,"date":"2025-07-27T13:57:10","date_gmt":"2025-07-27T11:57:10","guid":{"rendered":"https:\/\/profmontaz.cz\/velkoobchod\/?post_type=product&#038;p=3755"},"modified":"2025-11-17T11:19:07","modified_gmt":"2025-11-17T10:19:07","slug":"kovove-feederove-krmitko-feeder-caiman-10-kusu-bal","status":"publish","type":"product","link":"https:\/\/profmontaz.cz\/velkoobchod\/produkt\/kovove-feederove-krmitko-feeder-caiman-10-kusu-bal\/","title":{"rendered":"Kovov\u00e9 feederov\u00e9 krm\u00edtko Feeder Caiman"},"content":{"rendered":"<p data-start=\"49\" data-end=\"462\">Kovov\u00e9 krm\u00edtko<strong data-start=\"49\" data-end=\"81\"> Feeder Caiman<\/strong> bylo speci\u00e1ln\u011b navr\u017eeno pro rybolov na \u0159ek\u00e1ch s proudem. D\u00edky zar\u00e1\u017ek\u00e1m do dna dob\u0159e dr\u017e\u00ed na m\u00edst\u011b lovu. Konstrukce t\u011bchto zar\u00e1\u017eek zabra\u0148uje zaseknut\u00ed krm\u00edtka v bahn\u011b. Feeder Caiman se vyzna\u010duje vysokou kvalitou zpracov\u00e1n\u00ed a spolehlivou konstrukc\u00ed. Maskovac\u00ed barva krm\u00edtka jej dob\u0159e skryje na dn\u011b vodn\u00ed plochy. D\u00edky posunut\u00e9mu t\u011b\u017ei\u0161ti m\u00e1 toto krm\u00edtko velmi dobr\u00e9 letov\u00e9 vlastnosti.<\/p>\n<div class=\"host-lopnbnfpjmgpbppclhclehhgafnifija\" style=\"position: relative; z-index: 2147483647;\"><\/div>\n","protected":false},"excerpt":{"rendered":"<p>&nbsp;<\/p>\n<div class=\"host-lopnbnfpjmgpbppclhclehhgafnifija\" style=\"position: relative; z-index: 2147483647;\"><\/div>\n","protected":false},"featured_media":3756,"template":"","meta":[],"product_brand":[64],"product_cat":[15,103],"product_tag":[219],"class_list":{"0":"post-3755","1":"product","2":"type-product","3":"status-publish","4":"has-post-thumbnail","6":"product_brand-profmontaz","7":"product_cat-rybarska-krmitka","8":"product_cat-feederova-krmitka","9":"product_tag-kovove-feederove-krmitko","11":"first","12":"instock","13":"taxable","14":"shipping-taxable","15":"purchasable","16":"product-type-variable"},"_links":{"self":[{"href":"https:\/\/profmontaz.cz\/velkoobchod\/wp-json\/wp\/v2\/product\/3755","targetHints":{"allow":["GET"]}}],"collection":[{"href":"https:\/\/profmontaz.cz\/velkoobchod\/wp-json\/wp\/v2\/product"}],"about":[{"href":"https:\/\/profmontaz.cz\/velkoobchod\/wp-json\/wp\/v2\/types\/product"}],"wp:featuredmedia":[{"embeddable":true,"href":"https:\/\/profmontaz.cz\/velkoobchod\/wp-json\/wp\/v2\/media\/3756"}],"wp:attachment":[{"href":"https:\/\/profmontaz.cz\/velkoobchod\/wp-json\/wp\/v2\/media?parent=3755"}],"wp:term":[{"taxonomy":"product_brand","embeddable":true,"href":"https:\/\/profmontaz.cz\/velkoobchod\/wp-json\/wp\/v2\/product_brand?post=3755"},{"taxonomy":"product_cat","embeddable":true,"href":"https:\/\/profmontaz.cz\/velkoobchod\/wp-json\/wp\/v2\/product_cat?post=3755"},{"taxonomy":"product_tag","embeddable":true,"href":"https:\/\/profmontaz.cz\/velkoobchod\/wp-json\/wp\/v2\/product_tag?post=3755"}],"curies":[{"name":"wp","href":"https:\/\/api.w.org\/{rel}","templated":true}]}}