{"id":3896,"date":"2025-09-24T16:48:18","date_gmt":"2025-09-24T14:48:18","guid":{"rendered":"https:\/\/profmontaz.cz\/velkoobchod\/?post_type=product&#038;p=3896"},"modified":"2025-11-16T17:40:06","modified_gmt":"2025-11-16T16:40:06","slug":"prevleky-proti-zamotani-anti-tangle-sleeves-40mm","status":"publish","type":"product","link":"https:\/\/profmontaz.cz\/velkoobchod\/produkt\/prevleky-proti-zamotani-anti-tangle-sleeves-40mm\/","title":{"rendered":"P\u0159evleky proti zamot\u00e1n\u00ed Anti Tangle Sleeves 40mm"},"content":{"rendered":"<p>N\u00e1vazcov\u00e9 p\u0159evleky proti zamot\u00e1n\u00ed, kter\u00e9 zabra\u0148uj\u00ed zamot\u00e1n\u00ed n\u00e1vazce, skv\u011ble dr\u017e\u00ed n\u00e1vazec v bezpe\u010dn\u00e9 vzd\u00e1lenosti od olova p\u0159i n\u00e1hozu. Vyrobeno z kvalitn\u00ed m\u011bkk\u00e9 gumy. Khaki barva, kter\u00e1 dob\u0159e maskuje v\u00e1\u0161 n\u00e1vazec na dn\u011b.<\/p>\n","protected":false},"excerpt":{"rendered":"<p>N\u00e1vazcov\u00e9 p\u0159evleky proti zamot\u00e1n\u00ed, kter\u00e9 zabra\u0148uj\u00ed zamot\u00e1n\u00ed n\u00e1vazce, skv\u011ble dr\u017e\u00ed n\u00e1vazec v bezpe\u010dn\u00e9 vzd\u00e1lenosti od olova p\u0159i n\u00e1hozu. Vyrobeno z kvalitn\u00ed m\u011bkk\u00e9 gumy. Khaki barva, kter\u00e1 dob\u0159e maskuje v\u00e1\u0161 n\u00e1vazec na dn\u011b.<\/p>\n","protected":false},"featured_media":3897,"template":"","meta":[],"product_brand":[64],"product_cat":[119,188],"product_tag":[213],"class_list":{"0":"post-3896","1":"product","2":"type-product","3":"status-publish","4":"has-post-thumbnail","6":"product_brand-profmontaz","7":"product_cat-drobna-bizuterie","8":"product_cat-drobna-bizuterie-profmontaz-cz","9":"product_tag-prevleky-proti-zamotani","11":"first","12":"instock","13":"taxable","14":"shipping-taxable","15":"purchasable","16":"product-type-simple"},"_links":{"self":[{"href":"https:\/\/profmontaz.cz\/velkoobchod\/wp-json\/wp\/v2\/product\/3896","targetHints":{"allow":["GET"]}}],"collection":[{"href":"https:\/\/profmontaz.cz\/velkoobchod\/wp-json\/wp\/v2\/product"}],"about":[{"href":"https:\/\/profmontaz.cz\/velkoobchod\/wp-json\/wp\/v2\/types\/product"}],"wp:featuredmedia":[{"embeddable":true,"href":"https:\/\/profmontaz.cz\/velkoobchod\/wp-json\/wp\/v2\/media\/3897"}],"wp:attachment":[{"href":"https:\/\/profmontaz.cz\/velkoobchod\/wp-json\/wp\/v2\/media?parent=3896"}],"wp:term":[{"taxonomy":"product_brand","embeddable":true,"href":"https:\/\/profmontaz.cz\/velkoobchod\/wp-json\/wp\/v2\/product_brand?post=3896"},{"taxonomy":"product_cat","embeddable":true,"href":"https:\/\/profmontaz.cz\/velkoobchod\/wp-json\/wp\/v2\/product_cat?post=3896"},{"taxonomy":"product_tag","embeddable":true,"href":"https:\/\/profmontaz.cz\/velkoobchod\/wp-json\/wp\/v2\/product_tag?post=3896"}],"curies":[{"name":"wp","href":"https:\/\/api.w.org\/{rel}","templated":true}]}}