{"id":3898,"date":"2025-09-24T17:03:58","date_gmt":"2025-09-24T15:03:58","guid":{"rendered":"https:\/\/profmontaz.cz\/velkoobchod\/?post_type=product&#038;p=3898"},"modified":"2025-11-16T17:45:14","modified_gmt":"2025-11-16T16:45:14","slug":"sada-prevleky-proti-zamotani-a-rychlovymenne-obratliky","status":"publish","type":"product","link":"https:\/\/profmontaz.cz\/velkoobchod\/produkt\/sada-prevleky-proti-zamotani-a-rychlovymenne-obratliky\/","title":{"rendered":"Zar\u00e1\u017eky Stopper (for leadcore) 4mm."},"content":{"rendered":"<p>V\u00fdrobek pro v\u00fdrobu ryb\u00e1\u0159sk\u00fdch mont\u00e1\u017e\u00ed, vyroben\u00fd z kvalitn\u00edho materi\u00e1lu. Ochrann\u00e1 barva umo\u017e\u0148uje, aby va\u0161e ryb\u00e1\u0159sk\u00e1 mont\u00e1\u017e z\u016fstala na dn\u011b pod vodou nen\u00e1padn\u00e1.<\/p>\n","protected":false},"excerpt":{"rendered":"<p>V\u00fdrobek pro v\u00fdrobu ryb\u00e1\u0159sk\u00fdch mont\u00e1\u017e\u00ed, vyroben\u00fd z kvalitn\u00edho materi\u00e1lu. Ochrann\u00e1 barva umo\u017e\u0148uje, aby va\u0161e ryb\u00e1\u0159sk\u00e1 mont\u00e1\u017e z\u016fstala na dn\u011b pod vodou nen\u00e1padn\u00e1.<\/p>\n","protected":false},"featured_media":3904,"template":"","meta":[],"product_brand":[64],"product_cat":[119,188],"product_tag":[216],"class_list":{"0":"post-3898","1":"product","2":"type-product","3":"status-publish","4":"has-post-thumbnail","6":"product_brand-profmontaz","7":"product_cat-drobna-bizuterie","8":"product_cat-drobna-bizuterie-profmontaz-cz","9":"product_tag-zarazky-stopper","11":"first","12":"instock","13":"taxable","14":"shipping-taxable","15":"purchasable","16":"product-type-simple"},"_links":{"self":[{"href":"https:\/\/profmontaz.cz\/velkoobchod\/wp-json\/wp\/v2\/product\/3898","targetHints":{"allow":["GET"]}}],"collection":[{"href":"https:\/\/profmontaz.cz\/velkoobchod\/wp-json\/wp\/v2\/product"}],"about":[{"href":"https:\/\/profmontaz.cz\/velkoobchod\/wp-json\/wp\/v2\/types\/product"}],"wp:featuredmedia":[{"embeddable":true,"href":"https:\/\/profmontaz.cz\/velkoobchod\/wp-json\/wp\/v2\/media\/3904"}],"wp:attachment":[{"href":"https:\/\/profmontaz.cz\/velkoobchod\/wp-json\/wp\/v2\/media?parent=3898"}],"wp:term":[{"taxonomy":"product_brand","embeddable":true,"href":"https:\/\/profmontaz.cz\/velkoobchod\/wp-json\/wp\/v2\/product_brand?post=3898"},{"taxonomy":"product_cat","embeddable":true,"href":"https:\/\/profmontaz.cz\/velkoobchod\/wp-json\/wp\/v2\/product_cat?post=3898"},{"taxonomy":"product_tag","embeddable":true,"href":"https:\/\/profmontaz.cz\/velkoobchod\/wp-json\/wp\/v2\/product_tag?post=3898"}],"curies":[{"name":"wp","href":"https:\/\/api.w.org\/{rel}","templated":true}]}}