{"id":3900,"date":"2025-09-24T17:19:41","date_gmt":"2025-09-24T15:19:41","guid":{"rendered":"https:\/\/profmontaz.cz\/velkoobchod\/?post_type=product&#038;p=3900"},"modified":"2025-11-16T17:35:46","modified_gmt":"2025-11-16T16:35:46","slug":"bocni-zaves-kovovy-power-lead-clip","status":"publish","type":"product","link":"https:\/\/profmontaz.cz\/velkoobchod\/produkt\/bocni-zaves-kovovy-power-lead-clip\/","title":{"rendered":"Bo\u010dn\u00ed z\u00e1v\u011bs kovov\u00fd. Power lead clip."},"content":{"rendered":"<p>Z\u00e1v\u011bs m\u00e1 dr\u00e1t\u011bn\u00e1 o\u010dko. Je vhodn\u00fd pro lov kapr\u016f s t\u011b\u017ek\u00fdmi z\u00e1t\u011b\u017eemi. Power lead clip \u2013 m\u00e1 \u0161irok\u00e9 vyu\u017eit\u00ed v kaprov\u00fdch mont\u00e1\u017e\u00edch, umo\u017e\u0148uje p\u0159esn\u00e9 a dalek\u00e9 hody. D\u00edky bezpe\u010dnostn\u00edmu klipu lze b\u011bhem rybolovu snadno m\u011bnit hmotnost a typ z\u00e1t\u011b\u017ee. Mont\u00e1\u017e s bezpe\u010dnostn\u00edm klipem se obvykle pou\u017e\u00edv\u00e1 p\u0159i lovu kapr\u016f v obt\u00ed\u017en\u00fdch podm\u00ednk\u00e1ch \u2013 p\u0159i uv\u00edznut\u00ed z\u00e1t\u011b\u017ee v kamenech nebo v\u011btv\u00edch se hlavn\u00ed sestava snadno uvoln\u00ed a lze pokra\u010dovat ve zdol\u00e1v\u00e1n\u00ed \u00falovku. Ochrann\u00e1 barva &#8222;Khaki&#8220; ryby neupozor\u0148uje &#8211; dob\u0159e splyne se dnem n\u00e1dr\u017ee.<\/p>\n","protected":false},"excerpt":{"rendered":"<p>Z\u00e1v\u011bs m\u00e1 dr\u00e1t\u011bn\u00e1 o\u010dko. Je vhodn\u00fd pro lov kapr\u016f s t\u011b\u017ek\u00fdmi z\u00e1t\u011b\u017eemi. Power lead clip \u2013 m\u00e1 \u0161irok\u00e9 vyu\u017eit\u00ed v kaprov\u00fdch mont\u00e1\u017e\u00edch, umo\u017e\u0148uje p\u0159esn\u00e9 a dalek\u00e9 hody.<\/p>\n","protected":false},"featured_media":3901,"template":"","meta":[],"product_brand":[64],"product_cat":[119,188],"product_tag":[215],"class_list":{"0":"post-3900","1":"product","2":"type-product","3":"status-publish","4":"has-post-thumbnail","6":"product_brand-profmontaz","7":"product_cat-drobna-bizuterie","8":"product_cat-drobna-bizuterie-profmontaz-cz","9":"product_tag-bocni-zaves-kovovy","11":"first","12":"instock","13":"taxable","14":"shipping-taxable","15":"purchasable","16":"product-type-simple"},"_links":{"self":[{"href":"https:\/\/profmontaz.cz\/velkoobchod\/wp-json\/wp\/v2\/product\/3900","targetHints":{"allow":["GET"]}}],"collection":[{"href":"https:\/\/profmontaz.cz\/velkoobchod\/wp-json\/wp\/v2\/product"}],"about":[{"href":"https:\/\/profmontaz.cz\/velkoobchod\/wp-json\/wp\/v2\/types\/product"}],"wp:featuredmedia":[{"embeddable":true,"href":"https:\/\/profmontaz.cz\/velkoobchod\/wp-json\/wp\/v2\/media\/3901"}],"wp:attachment":[{"href":"https:\/\/profmontaz.cz\/velkoobchod\/wp-json\/wp\/v2\/media?parent=3900"}],"wp:term":[{"taxonomy":"product_brand","embeddable":true,"href":"https:\/\/profmontaz.cz\/velkoobchod\/wp-json\/wp\/v2\/product_brand?post=3900"},{"taxonomy":"product_cat","embeddable":true,"href":"https:\/\/profmontaz.cz\/velkoobchod\/wp-json\/wp\/v2\/product_cat?post=3900"},{"taxonomy":"product_tag","embeddable":true,"href":"https:\/\/profmontaz.cz\/velkoobchod\/wp-json\/wp\/v2\/product_tag?post=3900"}],"curies":[{"name":"wp","href":"https:\/\/api.w.org\/{rel}","templated":true}]}}