{"id":3902,"date":"2025-09-24T17:55:51","date_gmt":"2025-09-24T15:55:51","guid":{"rendered":"https:\/\/profmontaz.cz\/velkoobchod\/?post_type=product&#038;p=3902"},"modified":"2025-11-16T17:42:38","modified_gmt":"2025-11-16T16:42:38","slug":"sada-na-bocni-montaz-power-lead-clip-set","status":"publish","type":"product","link":"https:\/\/profmontaz.cz\/velkoobchod\/produkt\/sada-na-bocni-montaz-power-lead-clip-set\/","title":{"rendered":"Sada na bo\u010dn\u00ed mont\u00e1\u017e. Power lead clip Set"},"content":{"rendered":"<p>Sada obsahuje z\u00e1v\u011bska na olova kter\u00e1 m\u00e1 dr\u00e1t\u011bn\u00e1 o\u010dko pro lov s t\u011b\u017ek\u00fdmi z\u00e1t\u011b\u017eemi. N\u00e1vazcov\u00e9 p\u0159evleky proti zamot\u00e1n\u00ed 40 mm, kter\u00e9 zabra\u0148uj\u00ed zamot\u00e1n\u00ed n\u00e1vazce a rychlov\u00fdm\u011bnn\u00fd obratl\u00edk v matn\u00e9 barv\u011b. V\u0161echny produkty jsou vyrobeny z kvalitn\u00edch materi\u00e1l\u016f. Khaki barva, kter\u00e1 dob\u0159e maskuje v\u00e1\u0161e mont\u00e1\u017e na dn\u011b.<\/p>\n","protected":false},"excerpt":{"rendered":"<p>Sada obsahuje z\u00e1v\u011bska na olova kter\u00e1 m\u00e1 dr\u00e1t\u011bn\u00e1 o\u010dko pro lov s t\u011b\u017ek\u00fdmi z\u00e1t\u011b\u017eemi. N\u00e1vazcov\u00e9 p\u0159evleky proti zamot\u00e1n\u00ed 40 mm, kter\u00e9 zabra\u0148uj\u00ed zamot\u00e1n\u00ed n\u00e1vazce a rychlov\u00fdm\u011bnn\u00fd obratl\u00edk v matn\u00e9 barv\u011b.<\/p>\n","protected":false},"featured_media":3903,"template":"","meta":[],"product_brand":[64],"product_cat":[119,188],"product_tag":[214],"class_list":{"0":"post-3902","1":"product","2":"type-product","3":"status-publish","4":"has-post-thumbnail","6":"product_brand-profmontaz","7":"product_cat-drobna-bizuterie","8":"product_cat-drobna-bizuterie-profmontaz-cz","9":"product_tag-sada-na-bocni-montaz","11":"first","12":"instock","13":"taxable","14":"shipping-taxable","15":"purchasable","16":"product-type-simple"},"_links":{"self":[{"href":"https:\/\/profmontaz.cz\/velkoobchod\/wp-json\/wp\/v2\/product\/3902","targetHints":{"allow":["GET"]}}],"collection":[{"href":"https:\/\/profmontaz.cz\/velkoobchod\/wp-json\/wp\/v2\/product"}],"about":[{"href":"https:\/\/profmontaz.cz\/velkoobchod\/wp-json\/wp\/v2\/types\/product"}],"wp:featuredmedia":[{"embeddable":true,"href":"https:\/\/profmontaz.cz\/velkoobchod\/wp-json\/wp\/v2\/media\/3903"}],"wp:attachment":[{"href":"https:\/\/profmontaz.cz\/velkoobchod\/wp-json\/wp\/v2\/media?parent=3902"}],"wp:term":[{"taxonomy":"product_brand","embeddable":true,"href":"https:\/\/profmontaz.cz\/velkoobchod\/wp-json\/wp\/v2\/product_brand?post=3902"},{"taxonomy":"product_cat","embeddable":true,"href":"https:\/\/profmontaz.cz\/velkoobchod\/wp-json\/wp\/v2\/product_cat?post=3902"},{"taxonomy":"product_tag","embeddable":true,"href":"https:\/\/profmontaz.cz\/velkoobchod\/wp-json\/wp\/v2\/product_tag?post=3902"}],"curies":[{"name":"wp","href":"https:\/\/api.w.org\/{rel}","templated":true}]}}