{"id":3906,"date":"2025-09-24T18:53:51","date_gmt":"2025-09-24T16:53:51","guid":{"rendered":"https:\/\/profmontaz.cz\/velkoobchod\/?post_type=product&#038;p=3906"},"modified":"2025-11-16T17:43:10","modified_gmt":"2025-11-16T16:43:10","slug":"sada-prevleky-proti-zamotani-a-rychlovymenne-obratliky-2","status":"publish","type":"product","link":"https:\/\/profmontaz.cz\/velkoobchod\/produkt\/sada-prevleky-proti-zamotani-a-rychlovymenne-obratliky-2\/","title":{"rendered":"Sada p\u0159evleky proti zamot\u00e1n\u00ed a rychlov\u00fdm\u011bnn\u00e9 obratl\u00edky"},"content":{"rendered":"<p>Sada p\u0159evleky proti zamot\u00e1n\u00ed a rychlov\u00fdm\u011bnn\u00fd obratl\u00edk Ide\u00e1ln\u00ed sada pro mont\u00e1\u017e. P\u0159evlek proti zamot\u00e1n\u00ed zabra\u0148uj\u00ed zamot\u00e1n\u00ed n\u00e1vazce a rychlov\u00fdm\u011bnn\u00fd obratl\u00edk v matn\u00e9 barv\u011b nezbytn\u00e9 pro rychlou v\u00fdm\u011bnu n\u00e1vazc\u016f.<\/p>\n","protected":false},"excerpt":{"rendered":"<p>Sada p\u0159evleky proti zamot\u00e1n\u00ed a rychlov\u00fdm\u011bnn\u00fd obratl\u00edk Ide\u00e1ln\u00ed sada pro mont\u00e1\u017e. P\u0159evlek proti zamot\u00e1n\u00ed zabra\u0148uj\u00ed zamot\u00e1n\u00ed n\u00e1vazce a rychlov\u00fdm\u011bnn\u00fd obratl\u00edk v matn\u00e9 barv\u011b nezbytn\u00e9 pro rychlou v\u00fdm\u011bnu n\u00e1vazc\u016f.<\/p>\n","protected":false},"featured_media":3907,"template":"","meta":[],"product_brand":[64],"product_cat":[119,188],"product_tag":[213],"class_list":{"0":"post-3906","1":"product","2":"type-product","3":"status-publish","4":"has-post-thumbnail","6":"product_brand-profmontaz","7":"product_cat-drobna-bizuterie","8":"product_cat-drobna-bizuterie-profmontaz-cz","9":"product_tag-prevleky-proti-zamotani","11":"first","12":"instock","13":"taxable","14":"shipping-taxable","15":"purchasable","16":"product-type-simple"},"_links":{"self":[{"href":"https:\/\/profmontaz.cz\/velkoobchod\/wp-json\/wp\/v2\/product\/3906","targetHints":{"allow":["GET"]}}],"collection":[{"href":"https:\/\/profmontaz.cz\/velkoobchod\/wp-json\/wp\/v2\/product"}],"about":[{"href":"https:\/\/profmontaz.cz\/velkoobchod\/wp-json\/wp\/v2\/types\/product"}],"wp:featuredmedia":[{"embeddable":true,"href":"https:\/\/profmontaz.cz\/velkoobchod\/wp-json\/wp\/v2\/media\/3907"}],"wp:attachment":[{"href":"https:\/\/profmontaz.cz\/velkoobchod\/wp-json\/wp\/v2\/media?parent=3906"}],"wp:term":[{"taxonomy":"product_brand","embeddable":true,"href":"https:\/\/profmontaz.cz\/velkoobchod\/wp-json\/wp\/v2\/product_brand?post=3906"},{"taxonomy":"product_cat","embeddable":true,"href":"https:\/\/profmontaz.cz\/velkoobchod\/wp-json\/wp\/v2\/product_cat?post=3906"},{"taxonomy":"product_tag","embeddable":true,"href":"https:\/\/profmontaz.cz\/velkoobchod\/wp-json\/wp\/v2\/product_tag?post=3906"}],"curies":[{"name":"wp","href":"https:\/\/api.w.org\/{rel}","templated":true}]}}