{"id":3908,"date":"2025-09-24T19:13:06","date_gmt":"2025-09-24T17:13:06","guid":{"rendered":"https:\/\/profmontaz.cz\/velkoobchod\/?post_type=product&#038;p=3908"},"modified":"2025-11-16T17:39:09","modified_gmt":"2025-11-16T16:39:09","slug":"prevlek-na-zavesku-tail-rubber-25mm","status":"publish","type":"product","link":"https:\/\/profmontaz.cz\/velkoobchod\/produkt\/prevlek-na-zavesku-tail-rubber-25mm\/","title":{"rendered":"P\u0159evlek Na Z\u00e1v\u011bsku Tail rubber 25mm"},"content":{"rendered":"<p>Gumov\u00fd p\u0159evlek slou\u017e\u00ed k zakryt\u00ed olova. Tvar a velikost zabra\u0148uj\u00ed zamot\u00e1n\u00ed n\u00e1vazce. Barva khaki slou\u017e\u00ed k maskov\u00e1n\u00ed mont\u00e1\u017ee na dn\u011b.<\/p>\n","protected":false},"excerpt":{"rendered":"<p>Gumov\u00fd p\u0159evlek slou\u017e\u00ed k zakryt\u00ed olova. Tvar a velikost zabra\u0148uj\u00ed zamot\u00e1n\u00ed n\u00e1vazce. Barva khaki slou\u017e\u00ed k maskov\u00e1n\u00ed mont\u00e1\u017ee na dn\u011b.<\/p>\n","protected":false},"featured_media":3909,"template":"","meta":[],"product_brand":[64],"product_cat":[119,188],"product_tag":[212],"class_list":{"0":"post-3908","1":"product","2":"type-product","3":"status-publish","4":"has-post-thumbnail","6":"product_brand-profmontaz","7":"product_cat-drobna-bizuterie","8":"product_cat-drobna-bizuterie-profmontaz-cz","9":"product_tag-prevlek-na-zavesku","11":"first","12":"instock","13":"taxable","14":"shipping-taxable","15":"purchasable","16":"product-type-simple"},"_links":{"self":[{"href":"https:\/\/profmontaz.cz\/velkoobchod\/wp-json\/wp\/v2\/product\/3908","targetHints":{"allow":["GET"]}}],"collection":[{"href":"https:\/\/profmontaz.cz\/velkoobchod\/wp-json\/wp\/v2\/product"}],"about":[{"href":"https:\/\/profmontaz.cz\/velkoobchod\/wp-json\/wp\/v2\/types\/product"}],"wp:featuredmedia":[{"embeddable":true,"href":"https:\/\/profmontaz.cz\/velkoobchod\/wp-json\/wp\/v2\/media\/3909"}],"wp:attachment":[{"href":"https:\/\/profmontaz.cz\/velkoobchod\/wp-json\/wp\/v2\/media?parent=3908"}],"wp:term":[{"taxonomy":"product_brand","embeddable":true,"href":"https:\/\/profmontaz.cz\/velkoobchod\/wp-json\/wp\/v2\/product_brand?post=3908"},{"taxonomy":"product_cat","embeddable":true,"href":"https:\/\/profmontaz.cz\/velkoobchod\/wp-json\/wp\/v2\/product_cat?post=3908"},{"taxonomy":"product_tag","embeddable":true,"href":"https:\/\/profmontaz.cz\/velkoobchod\/wp-json\/wp\/v2\/product_tag?post=3908"}],"curies":[{"name":"wp","href":"https:\/\/api.w.org\/{rel}","templated":true}]}}