{"id":3910,"date":"2025-09-24T19:23:24","date_gmt":"2025-09-24T17:23:24","guid":{"rendered":"https:\/\/profmontaz.cz\/velkoobchod\/?post_type=product&#038;p=3910"},"modified":"2025-11-16T17:41:35","modified_gmt":"2025-11-16T16:41:35","slug":"prujezd-side-bend-6","status":"publish","type":"product","link":"https:\/\/profmontaz.cz\/velkoobchod\/produkt\/prujezd-side-bend-6\/","title":{"rendered":"Pr\u016fjezd Side bend #6"},"content":{"rendered":"<p>Tyto pr\u016fjezdy \u00fasp\u011bsn\u011b nahrazuj\u00ed klasick\u00e9 pr\u016fjezdyje vybavena obratl\u00edkem Efektivn\u00ed pr\u016fjezd s obratl\u00edkem proti zamot\u00e1n\u00ed n\u00e1vazce a krm\u00edtka.Barva khaki slou\u017e\u00ed k maskov\u00e1n\u00ed mont\u00e1\u017ee na dn\u011b.<\/p>\n","protected":false},"excerpt":{"rendered":"<p>Tyto pr\u016fjezdy \u00fasp\u011bsn\u011b nahrazuj\u00ed klasick\u00e9 pr\u016fjezdyje vybavena obratl\u00edkem Efektivn\u00ed pr\u016fjezd s obratl\u00edkem proti zamot\u00e1n\u00ed n\u00e1vazce a krm\u00edtka.Barva khaki slou\u017e\u00ed k maskov\u00e1n\u00ed mont\u00e1\u017ee na dn\u011b.<\/p>\n","protected":false},"featured_media":3911,"template":"","meta":[],"product_brand":[64],"product_cat":[119,188],"product_tag":[211],"class_list":{"0":"post-3910","1":"product","2":"type-product","3":"status-publish","4":"has-post-thumbnail","6":"product_brand-profmontaz","7":"product_cat-drobna-bizuterie","8":"product_cat-drobna-bizuterie-profmontaz-cz","9":"product_tag-prujezd-side","11":"first","12":"instock","13":"taxable","14":"shipping-taxable","15":"purchasable","16":"product-type-simple"},"_links":{"self":[{"href":"https:\/\/profmontaz.cz\/velkoobchod\/wp-json\/wp\/v2\/product\/3910","targetHints":{"allow":["GET"]}}],"collection":[{"href":"https:\/\/profmontaz.cz\/velkoobchod\/wp-json\/wp\/v2\/product"}],"about":[{"href":"https:\/\/profmontaz.cz\/velkoobchod\/wp-json\/wp\/v2\/types\/product"}],"wp:featuredmedia":[{"embeddable":true,"href":"https:\/\/profmontaz.cz\/velkoobchod\/wp-json\/wp\/v2\/media\/3911"}],"wp:attachment":[{"href":"https:\/\/profmontaz.cz\/velkoobchod\/wp-json\/wp\/v2\/media?parent=3910"}],"wp:term":[{"taxonomy":"product_brand","embeddable":true,"href":"https:\/\/profmontaz.cz\/velkoobchod\/wp-json\/wp\/v2\/product_brand?post=3910"},{"taxonomy":"product_cat","embeddable":true,"href":"https:\/\/profmontaz.cz\/velkoobchod\/wp-json\/wp\/v2\/product_cat?post=3910"},{"taxonomy":"product_tag","embeddable":true,"href":"https:\/\/profmontaz.cz\/velkoobchod\/wp-json\/wp\/v2\/product_tag?post=3910"}],"curies":[{"name":"wp","href":"https:\/\/api.w.org\/{rel}","templated":true}]}}