{"id":3912,"date":"2025-09-24T19:32:46","date_gmt":"2025-09-24T17:32:46","guid":{"rendered":"https:\/\/profmontaz.cz\/velkoobchod\/?post_type=product&#038;p=3912"},"modified":"2025-11-16T17:42:05","modified_gmt":"2025-11-16T16:42:05","slug":"prujezd-side-bend-quick-changeanti-tangle-sleeves-25mm","status":"publish","type":"product","link":"https:\/\/profmontaz.cz\/velkoobchod\/produkt\/prujezd-side-bend-quick-changeanti-tangle-sleeves-25mm\/","title":{"rendered":"Pr\u016fjezd Side bend Quick change+Anti tangle sleeves 25mm"},"content":{"rendered":"<p>Tyto pr\u016fjezdy \u00fasp\u011bsn\u011b nahrazuj\u00ed klasick\u00e9 pr\u016fjezdyje.Vybaven rychlov\u00fdm\u011bnn\u00fdm obratl\u00edkem, sou\u010d\u00e1st\u00ed balen\u00ed jsou p\u0159evleky proti zamot\u00e1n\u00ed. P\u0159evlek proti zamot\u00e1n\u00ed zabra\u0148uj\u00ed zamot\u00e1n\u00ed n\u00e1vazce a rychlov\u00fdm\u011bnn\u00fd obratl\u00edk v matn\u00e9 barv\u011b nezbytn\u00e9 pro rychlou v\u00fdm\u011bnu n\u00e1vazc\u016f.Barva khaki slou\u017e\u00ed k maskov\u00e1n\u00ed mont\u00e1\u017ee na dn\u011b.<\/p>\n","protected":false},"excerpt":{"rendered":"<p>Tyto pr\u016fjezdy \u00fasp\u011bsn\u011b nahrazuj\u00ed klasick\u00e9 pr\u016fjezdyje.Vybaven rychlov\u00fdm\u011bnn\u00fdm obratl\u00edkem, sou\u010d\u00e1st\u00ed balen\u00ed jsou p\u0159evleky proti zamot\u00e1n\u00ed.<\/p>\n","protected":false},"featured_media":3913,"template":"","meta":[],"product_brand":[64],"product_cat":[119,188],"product_tag":[211],"class_list":{"0":"post-3912","1":"product","2":"type-product","3":"status-publish","4":"has-post-thumbnail","6":"product_brand-profmontaz","7":"product_cat-drobna-bizuterie","8":"product_cat-drobna-bizuterie-profmontaz-cz","9":"product_tag-prujezd-side","11":"first","12":"instock","13":"taxable","14":"shipping-taxable","15":"purchasable","16":"product-type-simple"},"_links":{"self":[{"href":"https:\/\/profmontaz.cz\/velkoobchod\/wp-json\/wp\/v2\/product\/3912","targetHints":{"allow":["GET"]}}],"collection":[{"href":"https:\/\/profmontaz.cz\/velkoobchod\/wp-json\/wp\/v2\/product"}],"about":[{"href":"https:\/\/profmontaz.cz\/velkoobchod\/wp-json\/wp\/v2\/types\/product"}],"wp:featuredmedia":[{"embeddable":true,"href":"https:\/\/profmontaz.cz\/velkoobchod\/wp-json\/wp\/v2\/media\/3913"}],"wp:attachment":[{"href":"https:\/\/profmontaz.cz\/velkoobchod\/wp-json\/wp\/v2\/media?parent=3912"}],"wp:term":[{"taxonomy":"product_brand","embeddable":true,"href":"https:\/\/profmontaz.cz\/velkoobchod\/wp-json\/wp\/v2\/product_brand?post=3912"},{"taxonomy":"product_cat","embeddable":true,"href":"https:\/\/profmontaz.cz\/velkoobchod\/wp-json\/wp\/v2\/product_cat?post=3912"},{"taxonomy":"product_tag","embeddable":true,"href":"https:\/\/profmontaz.cz\/velkoobchod\/wp-json\/wp\/v2\/product_tag?post=3912"}],"curies":[{"name":"wp","href":"https:\/\/api.w.org\/{rel}","templated":true}]}}