{"id":3916,"date":"2025-09-24T20:00:45","date_gmt":"2025-09-24T18:00:45","guid":{"rendered":"https:\/\/profmontaz.cz\/velkoobchod\/?post_type=product&#038;p=3916"},"modified":"2025-11-16T17:41:07","modified_gmt":"2025-11-16T16:41:07","slug":"prujezd-feeder-links-line-safe-links","status":"publish","type":"product","link":"https:\/\/profmontaz.cz\/velkoobchod\/produkt\/prujezd-feeder-links-line-safe-links\/","title":{"rendered":"Pr\u016fjezd Feeder links line + Safe Links"},"content":{"rendered":"<p>Pr\u016fjezdy jsou ur\u010deny pro vytvo\u0159en\u00ed mont\u00e1\u017ee s krm\u00edtkem nebo z\u00e1v\u011bsn\u00fdm ol\u016fvkem.Karabinka slou\u017e\u00ed k rychl\u00e9 v\u00fdm\u011bn\u011b krm\u00edtka nebo olova. Jsou vyrobeny z kvalitn\u00edch a pevn\u00fdch materi\u00e1l\u016f. Nezbytn\u00fd prvek pro sestaven\u00ed feederov\u00fdch pr\u016fb\u011b\u017en\u00fdch mont\u00e1\u017e\u00ed.<\/p>\n","protected":false},"excerpt":{"rendered":"<p>Pr\u016fjezdy jsou ur\u010deny pro vytvo\u0159en\u00ed mont\u00e1\u017ee s krm\u00edtkem nebo z\u00e1v\u011bsn\u00fdm ol\u016fvkem.Karabinka slou\u017e\u00ed k rychl\u00e9 v\u00fdm\u011bn\u011b krm\u00edtka nebo olova. Jsou vyrobeny z kvalitn\u00edch a pevn\u00fdch materi\u00e1l\u016f. Nezbytn\u00fd prvek pro sestaven\u00ed feederov\u00fdch pr\u016fb\u011b\u017en\u00fdch mont\u00e1\u017e\u00ed.<\/p>\n","protected":false},"featured_media":3917,"template":"","meta":[],"product_brand":[64],"product_cat":[119,188],"product_tag":[210],"class_list":{"0":"post-3916","1":"product","2":"type-product","3":"status-publish","4":"has-post-thumbnail","6":"product_brand-profmontaz","7":"product_cat-drobna-bizuterie","8":"product_cat-drobna-bizuterie-profmontaz-cz","9":"product_tag-prujezd-feeder-links","11":"first","12":"instock","13":"taxable","14":"shipping-taxable","15":"purchasable","16":"product-type-simple"},"_links":{"self":[{"href":"https:\/\/profmontaz.cz\/velkoobchod\/wp-json\/wp\/v2\/product\/3916","targetHints":{"allow":["GET"]}}],"collection":[{"href":"https:\/\/profmontaz.cz\/velkoobchod\/wp-json\/wp\/v2\/product"}],"about":[{"href":"https:\/\/profmontaz.cz\/velkoobchod\/wp-json\/wp\/v2\/types\/product"}],"wp:featuredmedia":[{"embeddable":true,"href":"https:\/\/profmontaz.cz\/velkoobchod\/wp-json\/wp\/v2\/media\/3917"}],"wp:attachment":[{"href":"https:\/\/profmontaz.cz\/velkoobchod\/wp-json\/wp\/v2\/media?parent=3916"}],"wp:term":[{"taxonomy":"product_brand","embeddable":true,"href":"https:\/\/profmontaz.cz\/velkoobchod\/wp-json\/wp\/v2\/product_brand?post=3916"},{"taxonomy":"product_cat","embeddable":true,"href":"https:\/\/profmontaz.cz\/velkoobchod\/wp-json\/wp\/v2\/product_cat?post=3916"},{"taxonomy":"product_tag","embeddable":true,"href":"https:\/\/profmontaz.cz\/velkoobchod\/wp-json\/wp\/v2\/product_tag?post=3916"}],"curies":[{"name":"wp","href":"https:\/\/api.w.org\/{rel}","templated":true}]}}