{"id":3935,"date":"2025-09-30T16:19:11","date_gmt":"2025-09-30T14:19:11","guid":{"rendered":"https:\/\/profmontaz.cz\/velkoobchod\/?post_type=product&#038;p=3935"},"modified":"2025-11-15T12:26:46","modified_gmt":"2025-11-15T11:26:46","slug":"catfish-navazec-na-sumce-pricka","status":"publish","type":"product","link":"https:\/\/profmontaz.cz\/velkoobchod\/produkt\/catfish-navazec-na-sumce-pricka\/","title":{"rendered":"Catfish N\u00e1vazec na sumce P\u0159\u00ed\u010dka"},"content":{"rendered":"<div class=\"wpb-content-wrapper\"><p>[vc_row][vc_column]\t\t<div id=\"wd-68dbea462fef3\" class=\"wd-text-block wd-wpb reset-last-child wd-rs-68dbea462fef3 text-center vc_custom_1759242869416\">\n\t\t\t<p><strong data-start=\"51\" data-end=\"93\">Plovouc\u00ed n\u00e1vazec na lov sumc\u016f \u201eP\u0158\u00cd\u010cKA\u201c<\/strong> je ide\u00e1ln\u00ed jak pro lov sumc\u016f na stojat\u00fdch vod\u00e1ch bez proudu, tak i na \u0159ek\u00e1ch. N\u00e1straha zvednut\u00e1 nade dno je pro sumce l\u00e1kav\u011bj\u0161\u00ed a snadn\u011bji dostupn\u00e1. Celkov\u00e1 d\u00e9lka n\u00e1vazce je 100 cm. Jsou pou\u017eity 2 kvalitn\u00ed a ostr\u00e9 h\u00e1\u010dky. N\u00e1vazcov\u00fd materi\u00e1l o pr\u016fm\u011bru 1 mm je schopen vydr\u017eet zna\u010dnou z\u00e1t\u011b\u017e a je ide\u00e1ln\u00ed pro lov trofejn\u00edch sumc\u016f.<\/p>\n\t\t<\/div>\n\t\t[\/vc_column][\/vc_row][vc_row][vc_column][vc_column_text css=&#8220;&#8220; woodmart_inline=&#8220;no&#8220; text_larger=&#8220;no&#8220;]<\/p>\n<p>[\/vc_column_text][\/vc_column][\/vc_row]<\/p>\n<\/div>","protected":false},"excerpt":{"rendered":"<p><strong data-start=\"51\" data-end=\"93\">Plovouc\u00ed n\u00e1vazec na lov sumc\u016f P\u0158\u00cd\u010cKA<\/strong> je ide\u00e1ln\u00ed jak pro lov sumc\u016f na stojat\u00fdch vod\u00e1ch bez proudu, tak i na \u0159ek\u00e1ch.<\/p>\n","protected":false},"featured_media":3936,"template":"","meta":[],"product_brand":[64],"product_cat":[104,189],"product_tag":[209],"class_list":{"0":"post-3935","1":"product","2":"type-product","3":"status-publish","4":"has-post-thumbnail","6":"product_brand-profmontaz","7":"product_cat-hotove-navazce-a-montaze","8":"product_cat-navazce-na-sumce","9":"product_tag-navazec-na-sumce","11":"first","12":"instock","13":"taxable","14":"shipping-taxable","15":"purchasable","16":"product-type-simple"},"_links":{"self":[{"href":"https:\/\/profmontaz.cz\/velkoobchod\/wp-json\/wp\/v2\/product\/3935","targetHints":{"allow":["GET"]}}],"collection":[{"href":"https:\/\/profmontaz.cz\/velkoobchod\/wp-json\/wp\/v2\/product"}],"about":[{"href":"https:\/\/profmontaz.cz\/velkoobchod\/wp-json\/wp\/v2\/types\/product"}],"wp:featuredmedia":[{"embeddable":true,"href":"https:\/\/profmontaz.cz\/velkoobchod\/wp-json\/wp\/v2\/media\/3936"}],"wp:attachment":[{"href":"https:\/\/profmontaz.cz\/velkoobchod\/wp-json\/wp\/v2\/media?parent=3935"}],"wp:term":[{"taxonomy":"product_brand","embeddable":true,"href":"https:\/\/profmontaz.cz\/velkoobchod\/wp-json\/wp\/v2\/product_brand?post=3935"},{"taxonomy":"product_cat","embeddable":true,"href":"https:\/\/profmontaz.cz\/velkoobchod\/wp-json\/wp\/v2\/product_cat?post=3935"},{"taxonomy":"product_tag","embeddable":true,"href":"https:\/\/profmontaz.cz\/velkoobchod\/wp-json\/wp\/v2\/product_tag?post=3935"}],"curies":[{"name":"wp","href":"https:\/\/api.w.org\/{rel}","templated":true}]}}