{"id":3949,"date":"2025-09-30T18:34:26","date_gmt":"2025-09-30T16:34:26","guid":{"rendered":"https:\/\/profmontaz.cz\/velkoobchod\/?post_type=product&#038;p=3949"},"modified":"2026-02-05T10:50:24","modified_gmt":"2026-02-05T09:50:24","slug":"catfish-fluorocarbonovy-navazec-na-sumce-1-hacek","status":"publish","type":"product","link":"https:\/\/profmontaz.cz\/velkoobchod\/produkt\/catfish-fluorocarbonovy-navazec-na-sumce-1-hacek\/","title":{"rendered":"Catfish Fluorocarbonov\u00fd n\u00e1vazec na sumce 1 h\u00e1\u010dek"},"content":{"rendered":"<div class=\"wpb-content-wrapper\"><p>[vc_row][vc_column]\t\t<div id=\"wd-68dc077410ad0\" class=\"wd-text-block wd-wpb reset-last-child wd-rs-68dc077410ad0 text-center vc_custom_1759250345902\">\n\t\t\t<p style=\"text-align: left;\"><strong data-start=\"51\" data-end=\"93\">Plovouc\u00ed n\u00e1vazec na lov sumc\u016f <\/strong>je ide\u00e1ln\u00ed jak pro lov sumc\u016f na stojat\u00fdch vod\u00e1ch bez proudu, tak i na \u0159ek\u00e1ch. N\u00e1straha zvednut\u00e1 nade dno je pro sumce l\u00e1kav\u011bj\u0161\u00ed a snadn\u011bji dostupn\u00e1. Celkov\u00e1 d\u00e9lka n\u00e1vazce je 100 cm.\u00a0 N\u00e1vazcov\u00fd materi\u00e1l o pr\u016fm\u011bru 0,9 mm je schopen vydr\u017eet zna\u010dnou z\u00e1t\u011b\u017e a je ide\u00e1ln\u00ed pro lov trofejn\u00edch sumc\u016f.<\/p>\n\t\t<\/div>\n\t\t[\/vc_column][\/vc_row][vc_row][vc_column][vc_column_text css=&#8220;&#8220; woodmart_inline=&#8220;no&#8220; text_larger=&#8220;no&#8220;]<\/p>\n<p>[\/vc_column_text][\/vc_column][\/vc_row]<\/p>\n<\/div>","protected":false},"excerpt":{"rendered":"<p><strong data-start=\"51\" data-end=\"93\">Plovouc\u00ed n\u00e1vazec na lov sumc\u016f\u00a01 h\u00e1\u010dek<\/strong><\/p>\n<p>je ide\u00e1ln\u00ed jak pro lov sumc\u016f na stojat\u00fdch vod\u00e1ch bez proudu, tak i na \u0159ek\u00e1ch.<\/p>\n","protected":false},"featured_media":3950,"template":"","meta":[],"product_brand":[64],"product_cat":[104,189],"product_tag":[209],"class_list":{"0":"post-3949","1":"product","2":"type-product","3":"status-publish","4":"has-post-thumbnail","6":"product_brand-profmontaz","7":"product_cat-hotove-navazce-a-montaze","8":"product_cat-navazce-na-sumce","9":"product_tag-navazec-na-sumce","11":"first","12":"instock","13":"taxable","14":"shipping-taxable","15":"purchasable","16":"product-type-simple"},"_links":{"self":[{"href":"https:\/\/profmontaz.cz\/velkoobchod\/wp-json\/wp\/v2\/product\/3949","targetHints":{"allow":["GET"]}}],"collection":[{"href":"https:\/\/profmontaz.cz\/velkoobchod\/wp-json\/wp\/v2\/product"}],"about":[{"href":"https:\/\/profmontaz.cz\/velkoobchod\/wp-json\/wp\/v2\/types\/product"}],"wp:featuredmedia":[{"embeddable":true,"href":"https:\/\/profmontaz.cz\/velkoobchod\/wp-json\/wp\/v2\/media\/3950"}],"wp:attachment":[{"href":"https:\/\/profmontaz.cz\/velkoobchod\/wp-json\/wp\/v2\/media?parent=3949"}],"wp:term":[{"taxonomy":"product_brand","embeddable":true,"href":"https:\/\/profmontaz.cz\/velkoobchod\/wp-json\/wp\/v2\/product_brand?post=3949"},{"taxonomy":"product_cat","embeddable":true,"href":"https:\/\/profmontaz.cz\/velkoobchod\/wp-json\/wp\/v2\/product_cat?post=3949"},{"taxonomy":"product_tag","embeddable":true,"href":"https:\/\/profmontaz.cz\/velkoobchod\/wp-json\/wp\/v2\/product_tag?post=3949"}],"curies":[{"name":"wp","href":"https:\/\/api.w.org\/{rel}","templated":true}]}}