{"id":4128,"date":"2025-10-27T17:52:53","date_gmt":"2025-10-27T16:52:53","guid":{"rendered":"https:\/\/profmontaz.cz\/velkoobchod\/?post_type=product&#038;p=4128"},"modified":"2025-11-15T11:57:20","modified_gmt":"2025-11-15T10:57:20","slug":"montaz-k-lovu-tolstolobika-profmontazh-1-hacek","status":"publish","type":"product","link":"https:\/\/profmontaz.cz\/velkoobchod\/produkt\/montaz-k-lovu-tolstolobika-profmontazh-1-hacek\/","title":{"rendered":"Mont\u00e1\u017e K Lovu Tolstolobika &#8220;Profmontazh&#8220; 1 h\u00e1\u010dek"},"content":{"rendered":"<div class=\"wpb-content-wrapper\"><p>[vc_row][vc_column]\t\t<div id=\"wd-68ffa47636b7b\" class=\"wd-text-block wd-wpb reset-last-child wd-rs-68ffa47636b7b text-center vc_custom_1761584287584\">\n\t\t\t<p style=\"text-align: left;\" data-start=\"190\" data-end=\"521\">ProfMontazh mont\u00e1\u017e na lov tolstolobika je sestavena z <strong data-start=\"266\" data-end=\"305\">kvalitn\u00edho leadcoru 45 LB bez j\u00e1dra<\/strong>, osazena <strong data-start=\"315\" data-end=\"353\">jedn\u00edm pevn\u00fdm a spolehliv\u00fdm h\u00e1\u010dkem<\/strong> a umo\u017e\u0148uje pou\u017eit\u00ed <strong data-start=\"373\" data-end=\"408\">jednoho v\u00e1le\u010dku technoplanktonu<\/strong>.<br data-start=\"409\" data-end=\"412\" \/>Tato mont\u00e1\u017e m\u00e1 <strong data-start=\"427\" data-end=\"459\">vynikaj\u00edc\u00ed letov\u00e9 vlastnosti<\/strong>, d\u00edky nim\u017e je ide\u00e1ln\u00ed pro lov na <strong data-start=\"493\" data-end=\"518\">vzd\u00e1len\u011bj\u0161\u00edch m\u00edstech<\/strong>.<\/p>\n<p style=\"text-align: left;\" data-start=\"523\" data-end=\"713\">Hloubku lze <strong data-start=\"535\" data-end=\"578\">nastavit v rozmez\u00ed 30\u2013120 cm od hladiny<\/strong>, co\u017e umo\u017e\u0148uje p\u0159izp\u016fsoben\u00ed r\u016fzn\u00fdm podm\u00ednk\u00e1m.<br data-start=\"623\" data-end=\"626\" \/>Pro <strong data-start=\"630\" data-end=\"669\">bezpe\u010dn\u00e9 ulo\u017een\u00ed a snadn\u00fd transport<\/strong> je sou\u010d\u00e1st\u00ed balen\u00ed <strong data-start=\"689\" data-end=\"710\">praktick\u00e9 motadlo<\/strong>.<\/p>\n<p style=\"text-align: left;\" data-start=\"715\" data-end=\"984\"><strong data-start=\"715\" data-end=\"734\">Krou\u017ekov\u00e1 z\u00e1t\u011b\u017e<\/strong> se po mont\u00e1\u017ei <strong data-start=\"749\" data-end=\"767\">voln\u011b pohybuje<\/strong>, ani\u017e by se n\u011bkde zasek\u00e1vala, co\u017e zlep\u0161uje citlivost a p\u0159irozen\u00e9 chov\u00e1n\u00ed n\u00e1strahy.<br data-start=\"850\" data-end=\"853\" \/>V <strong data-start=\"855\" data-end=\"872\">v\u00ed\u010dku plov\u00e1ku<\/strong> je p\u0159ipraven\u00fd otvor pro <strong data-start=\"897\" data-end=\"936\">sv\u00edt\u00edc\u00ed ty\u010dinku (chemick\u00e9 sv\u011bt\u00e9lko)<\/strong> \u2013 ide\u00e1ln\u00ed pro <strong data-start=\"951\" data-end=\"981\">no\u010dn\u00ed rybolov tolstolobika<\/strong>.<\/p>\n<p style=\"text-align: left;\" data-start=\"986\" data-end=\"1003\"><strong data-start=\"986\" data-end=\"1001\">Vlastnosti:<\/strong><\/p>\n<ul data-start=\"1004\" data-end=\"1307\">\n<li style=\"text-align: left;\" data-start=\"1004\" data-end=\"1047\">\n<p data-start=\"1006\" data-end=\"1047\">Nosnost leadcoru: <strong data-start=\"1024\" data-end=\"1045\">45 LB (bez j\u00e1dra)<\/strong><\/p>\n<\/li>\n<li style=\"text-align: left;\" data-start=\"1048\" data-end=\"1073\">\n<p data-start=\"1050\" data-end=\"1073\">Po\u010det h\u00e1\u010dk\u016f: <strong data-start=\"1063\" data-end=\"1071\">1 ks<\/strong><\/p>\n<\/li>\n<li style=\"text-align: left;\" data-start=\"1074\" data-end=\"1119\">\n<p data-start=\"1076\" data-end=\"1119\">Ur\u010deno pro: <strong data-start=\"1088\" data-end=\"1117\">1 v\u00e1le\u010dek technoplanktonu<\/strong><\/p>\n<\/li>\n<li style=\"text-align: left;\" data-start=\"1120\" data-end=\"1159\">\n<p data-start=\"1122\" data-end=\"1159\">Nastaviteln\u00e1 hloubka: <strong data-start=\"1144\" data-end=\"1157\">30\u2013120 cm<\/strong><\/p>\n<\/li>\n<li style=\"text-align: left;\" data-start=\"1160\" data-end=\"1206\">\n<p data-start=\"1162\" data-end=\"1206\">Typ z\u00e1t\u011b\u017ee: <strong data-start=\"1174\" data-end=\"1204\">krou\u017ekov\u00e1, voln\u011b pohybliv\u00e1<\/strong><\/p>\n<\/li>\n<li style=\"text-align: left;\" data-start=\"1207\" data-end=\"1250\">\n<p data-start=\"1209\" data-end=\"1250\">Plov\u00e1k s m\u00edstem pro <strong data-start=\"1229\" data-end=\"1248\">sv\u00edt\u00edc\u00ed ty\u010dinku<\/strong><\/p>\n<\/li>\n<li data-start=\"1251\" data-end=\"1307\">\n<p style=\"text-align: left;\" data-start=\"1253\" data-end=\"1307\">Sou\u010d\u00e1st\u00ed balen\u00ed: <strong data-start=\"1270\" data-end=\"1305\">praktick\u00e9 motadlo pro transport<\/strong><\/p>\n<\/li>\n<\/ul>\n\t\t<\/div>\n\t\t[\/vc_column][\/vc_row][vc_row][vc_column][vc_column_text css=&#8220;&#8220; woodmart_inline=&#8220;no&#8220; text_larger=&#8220;no&#8220;]<\/p>\n<p>[\/vc_column_text][\/vc_column][\/vc_row]<\/p>\n<\/div>","protected":false},"excerpt":{"rendered":"<p>[vc_row][vc_column][\/vc_column][\/vc_row][vc_row][vc_column][vc_column_text css=&#8220;&#8220; woodmart_inline=&#8220;no&#8220; text_larger=&#8220;no&#8220;] [\/vc_column_text][\/vc_column][\/vc_row]<\/p>\n","protected":false},"featured_media":4129,"template":"","meta":[],"product_brand":[64],"product_cat":[107,104],"product_tag":[207],"class_list":{"0":"post-4128","1":"product","2":"type-product","3":"status-publish","4":"has-post-thumbnail","6":"product_brand-profmontaz","7":"product_cat-hotove-montaze","8":"product_cat-hotove-navazce-a-montaze","9":"product_tag-montaz-k-lovu","11":"first","12":"instock","13":"taxable","14":"shipping-taxable","15":"purchasable","16":"product-type-simple"},"_links":{"self":[{"href":"https:\/\/profmontaz.cz\/velkoobchod\/wp-json\/wp\/v2\/product\/4128","targetHints":{"allow":["GET"]}}],"collection":[{"href":"https:\/\/profmontaz.cz\/velkoobchod\/wp-json\/wp\/v2\/product"}],"about":[{"href":"https:\/\/profmontaz.cz\/velkoobchod\/wp-json\/wp\/v2\/types\/product"}],"wp:featuredmedia":[{"embeddable":true,"href":"https:\/\/profmontaz.cz\/velkoobchod\/wp-json\/wp\/v2\/media\/4129"}],"wp:attachment":[{"href":"https:\/\/profmontaz.cz\/velkoobchod\/wp-json\/wp\/v2\/media?parent=4128"}],"wp:term":[{"taxonomy":"product_brand","embeddable":true,"href":"https:\/\/profmontaz.cz\/velkoobchod\/wp-json\/wp\/v2\/product_brand?post=4128"},{"taxonomy":"product_cat","embeddable":true,"href":"https:\/\/profmontaz.cz\/velkoobchod\/wp-json\/wp\/v2\/product_cat?post=4128"},{"taxonomy":"product_tag","embeddable":true,"href":"https:\/\/profmontaz.cz\/velkoobchod\/wp-json\/wp\/v2\/product_tag?post=4128"}],"curies":[{"name":"wp","href":"https:\/\/api.w.org\/{rel}","templated":true}]}}