{"id":4135,"date":"2025-10-28T21:33:19","date_gmt":"2025-10-28T20:33:19","guid":{"rendered":"https:\/\/profmontaz.cz\/velkoobchod\/?post_type=product&#038;p=4135"},"modified":"2025-11-16T17:44:42","modified_gmt":"2025-11-16T16:44:42","slug":"tlumicova-vlozka-s-obratlikem-9x4-mm-10-ks","status":"publish","type":"product","link":"https:\/\/profmontaz.cz\/velkoobchod\/produkt\/tlumicova-vlozka-s-obratlikem-9x4-mm-10-ks\/","title":{"rendered":"Tlumi\u010dov\u00e1 vlo\u017eka s obratl\u00edkem 9\u00d74 mm (10 ks)"},"content":{"rendered":"<p>Tlumi\u010dov\u00e1 vlo\u017eka s obratl\u00edkem se pou\u017e\u00edv\u00e1 jako zar\u00e1\u017eka\u2013n\u00e1razn\u00edk. \u0160iroce se pou\u017e\u00edv\u00e1 v feederov\u00fdch, flat-feederov\u00fdch a kaprov\u00fdch mont\u00e1\u017e\u00edch. Kor\u00e1lek spolehliv\u011b chr\u00e1n\u00ed obratl\u00edk a uzel mont\u00e1\u017ee p\u0159ed n\u00e1razy krm\u00edtka nebo olova. Pufrov\u00e1 bu\u017e\u00edrka se vyzna\u010duje vysokou kvalitou proveden\u00ed a spolehlivost\u00ed.<\/p>\n","protected":false},"excerpt":{"rendered":"<p>Tlumi\u010dov\u00e1 vlo\u017eka s obratl\u00edkem se pou\u017e\u00edv\u00e1 jako zar\u00e1\u017eka\u2013n\u00e1razn\u00edk.<\/p>\n","protected":false},"featured_media":4136,"template":"","meta":[],"product_brand":[64],"product_cat":[119,188],"product_tag":[206],"class_list":{"0":"post-4135","1":"product","2":"type-product","3":"status-publish","4":"has-post-thumbnail","6":"product_brand-profmontaz","7":"product_cat-drobna-bizuterie","8":"product_cat-drobna-bizuterie-profmontaz-cz","9":"product_tag-tlumicova-vlozka","11":"first","12":"instock","13":"taxable","14":"shipping-taxable","15":"purchasable","16":"product-type-simple"},"_links":{"self":[{"href":"https:\/\/profmontaz.cz\/velkoobchod\/wp-json\/wp\/v2\/product\/4135","targetHints":{"allow":["GET"]}}],"collection":[{"href":"https:\/\/profmontaz.cz\/velkoobchod\/wp-json\/wp\/v2\/product"}],"about":[{"href":"https:\/\/profmontaz.cz\/velkoobchod\/wp-json\/wp\/v2\/types\/product"}],"wp:featuredmedia":[{"embeddable":true,"href":"https:\/\/profmontaz.cz\/velkoobchod\/wp-json\/wp\/v2\/media\/4136"}],"wp:attachment":[{"href":"https:\/\/profmontaz.cz\/velkoobchod\/wp-json\/wp\/v2\/media?parent=4135"}],"wp:term":[{"taxonomy":"product_brand","embeddable":true,"href":"https:\/\/profmontaz.cz\/velkoobchod\/wp-json\/wp\/v2\/product_brand?post=4135"},{"taxonomy":"product_cat","embeddable":true,"href":"https:\/\/profmontaz.cz\/velkoobchod\/wp-json\/wp\/v2\/product_cat?post=4135"},{"taxonomy":"product_tag","embeddable":true,"href":"https:\/\/profmontaz.cz\/velkoobchod\/wp-json\/wp\/v2\/product_tag?post=4135"}],"curies":[{"name":"wp","href":"https:\/\/api.w.org\/{rel}","templated":true}]}}