{"id":4138,"date":"2025-10-28T21:48:47","date_gmt":"2025-10-28T20:48:47","guid":{"rendered":"https:\/\/profmontaz.cz\/velkoobchod\/?post_type=product&#038;p=4138"},"modified":"2025-11-16T17:38:24","modified_gmt":"2025-11-16T16:38:24","slug":"ochranna-tlumicova-vlozka-pro-obratlik-m-9x4-mm-20-ks","status":"publish","type":"product","link":"https:\/\/profmontaz.cz\/velkoobchod\/produkt\/ochranna-tlumicova-vlozka-pro-obratlik-m-9x4-mm-20-ks\/","title":{"rendered":"Ochrann\u00e1 tlumi\u010dov\u00e1 vlo\u017eka pro obratl\u00edk M 9\u00d74 mm (20 ks)"},"content":{"rendered":"<p data-start=\"197\" data-end=\"526\">Ochrann\u00e1 tlumi\u010dov\u00e1 vlo\u017eka pro obratl\u00edk\u00a0se pou\u017e\u00edv\u00e1 jako <strong data-start=\"263\" data-end=\"290\">zar\u00e1\u017eka a tlumi\u010d n\u00e1raz\u016f<\/strong>, obvykle ve spojen\u00ed s <strong data-start=\"313\" data-end=\"327\">obratl\u00edkem<\/strong>.<br data-start=\"328\" data-end=\"331\" \/>Tato <strong data-start=\"336\" data-end=\"354\">gumov\u00e1 kuli\u010dka<\/strong> spolehliv\u011b <strong data-start=\"366\" data-end=\"400\">chr\u00e1n\u00ed obratl\u00edk a uzel mont\u00e1\u017ee<\/strong> p\u0159ed n\u00e1razy <strong data-start=\"413\" data-end=\"436\">krm\u00edtka nebo ol\u016fvka<\/strong>.<br data-start=\"437\" data-end=\"440\" \/>Je <strong data-start=\"443\" data-end=\"461\">pru\u017en\u00e1, odoln\u00e1<\/strong> a vyzna\u010duje se <strong data-start=\"477\" data-end=\"523\">dlouhou \u017eivotnost\u00ed a vysokou spolehlivost\u00ed<\/strong>.<\/p>\n<hr data-start=\"528\" data-end=\"531\" \/>\n<p data-start=\"533\" data-end=\"550\"><strong data-start=\"533\" data-end=\"548\">Vlastnosti:<\/strong><\/p>\n<ul data-start=\"551\" data-end=\"716\">\n<li data-start=\"551\" data-end=\"594\">\n<p data-start=\"553\" data-end=\"594\">Slou\u017e\u00ed jako <strong data-start=\"565\" data-end=\"592\">tlumi\u010d n\u00e1raz\u016f (stopper)<\/strong><\/p>\n<\/li>\n<li data-start=\"595\" data-end=\"633\">\n<p data-start=\"597\" data-end=\"633\">Chr\u00e1n\u00ed <strong data-start=\"604\" data-end=\"631\">obratl\u00edk a uzel mont\u00e1\u017ee<\/strong><\/p>\n<\/li>\n<li data-start=\"634\" data-end=\"669\">\n<p data-start=\"636\" data-end=\"669\"><strong data-start=\"636\" data-end=\"658\">Elastick\u00fd a odoln\u00fd<\/strong> materi\u00e1l<\/p>\n<\/li>\n<li data-start=\"670\" data-end=\"716\">\n<p data-start=\"672\" data-end=\"716\">Ur\u010deno pro <strong data-start=\"683\" data-end=\"714\">feederov\u00e9 a kaprov\u00e9 mont\u00e1\u017ee<\/strong><\/p>\n<\/li>\n<\/ul>\n","protected":false},"excerpt":{"rendered":"<p>Ochrann\u00e1 tlumi\u010dov\u00e1 vlo\u017eka pro obratl\u00edk\u00a0se pou\u017e\u00edv\u00e1 jako zar\u00e1\u017eka a tlumi\u010d n\u00e1raz\u016f, obvykle ve spojen\u00ed s obratl\u00edkem.Tato gumov\u00e1 kuli\u010dka spolehliv\u011b chr\u00e1n\u00ed<\/p>\n","protected":false},"featured_media":4139,"template":"","meta":[],"product_brand":[64],"product_cat":[119,188],"product_tag":[205],"class_list":{"0":"post-4138","1":"product","2":"type-product","3":"status-publish","4":"has-post-thumbnail","6":"product_brand-profmontaz","7":"product_cat-drobna-bizuterie","8":"product_cat-drobna-bizuterie-profmontaz-cz","9":"product_tag-ochranna-tlumicova-vlozka","11":"first","12":"instock","13":"taxable","14":"shipping-taxable","15":"purchasable","16":"product-type-simple"},"_links":{"self":[{"href":"https:\/\/profmontaz.cz\/velkoobchod\/wp-json\/wp\/v2\/product\/4138","targetHints":{"allow":["GET"]}}],"collection":[{"href":"https:\/\/profmontaz.cz\/velkoobchod\/wp-json\/wp\/v2\/product"}],"about":[{"href":"https:\/\/profmontaz.cz\/velkoobchod\/wp-json\/wp\/v2\/types\/product"}],"wp:featuredmedia":[{"embeddable":true,"href":"https:\/\/profmontaz.cz\/velkoobchod\/wp-json\/wp\/v2\/media\/4139"}],"wp:attachment":[{"href":"https:\/\/profmontaz.cz\/velkoobchod\/wp-json\/wp\/v2\/media?parent=4138"}],"wp:term":[{"taxonomy":"product_brand","embeddable":true,"href":"https:\/\/profmontaz.cz\/velkoobchod\/wp-json\/wp\/v2\/product_brand?post=4138"},{"taxonomy":"product_cat","embeddable":true,"href":"https:\/\/profmontaz.cz\/velkoobchod\/wp-json\/wp\/v2\/product_cat?post=4138"},{"taxonomy":"product_tag","embeddable":true,"href":"https:\/\/profmontaz.cz\/velkoobchod\/wp-json\/wp\/v2\/product_tag?post=4138"}],"curies":[{"name":"wp","href":"https:\/\/api.w.org\/{rel}","templated":true}]}}