{"id":4140,"date":"2025-10-28T22:13:20","date_gmt":"2025-10-28T21:13:20","guid":{"rendered":"https:\/\/profmontaz.cz\/velkoobchod\/?post_type=product&#038;p=4140"},"modified":"2025-11-15T12:04:46","modified_gmt":"2025-11-15T11:04:46","slug":"montaz-krmitko-na-makuhu-vlastovci-ocas","status":"publish","type":"product","link":"https:\/\/profmontaz.cz\/velkoobchod\/produkt\/montaz-krmitko-na-makuhu-vlastovci-ocas\/","title":{"rendered":"Mont\u00e1\u017e krm\u00edtko na makuhu Vla\u0161tov\u010d\u00ed ocas"},"content":{"rendered":"<div class=\"wpb-content-wrapper\"><p>[vc_row][vc_column]\t\t<div id=\"wd-6901331f78088\" class=\"wd-text-block wd-wpb reset-last-child wd-rs-6901331f78088 text-center vc_custom_1761686353557\">\n\t\t\t<p style=\"text-align: left;\" data-start=\"216\" data-end=\"518\">Mont\u00e1\u017e krm\u00edtko na makuhu Vla\u0161tov\u010d\u00ed ocas se vyzna\u010duje <strong data-start=\"299\" data-end=\"336\">vynikaj\u00edc\u00edmi letov\u00fdmi vlastnostmi<\/strong>, <strong data-start=\"338\" data-end=\"364\">nepono\u0159uje se do bahna<\/strong> a <strong data-start=\"367\" data-end=\"403\">dr\u017e\u00ed stabilitu i v siln\u00e9m proudu<\/strong>.<br data-start=\"404\" data-end=\"407\" \/>Kvalitn\u00ed <strong data-start=\"416\" data-end=\"436\">kamufl\u00e1\u017en\u00ed n\u00e1t\u011br<\/strong> spolehliv\u011b <strong data-start=\"448\" data-end=\"472\">maskuje olovo na dn\u011b<\/strong> a zaji\u0161\u0165uje nen\u00e1padnou prezentaci n\u00e1strahy.<\/p>\n<p style=\"text-align: left;\" data-start=\"520\" data-end=\"723\">Mont\u00e1\u017e je osazena <strong data-start=\"538\" data-end=\"586\">n\u00e1vazcem s pevn\u00fdm a ostr\u00fdm h\u00e1\u010dkem typu KRANK<\/strong>, kter\u00fd je ji\u017e <strong data-start=\"601\" data-end=\"635\">dopln\u011bn plovouc\u00ed n\u00e1strahou EVA<\/strong>.<br data-start=\"636\" data-end=\"639\" \/>Cel\u00fd syst\u00e9m je nav\u00e1z\u00e1n na <strong data-start=\"665\" data-end=\"699\">kvalitn\u00edm leadcoru d\u00e9lky 55 cm<\/strong> a pevnosti <strong data-start=\"711\" data-end=\"720\">45 lb<\/strong>.<\/p>\n<p style=\"text-align: left;\" data-start=\"725\" data-end=\"936\">Tento makushatnik je <strong data-start=\"746\" data-end=\"803\">vhodn\u00fd pro lov kapra, amura a dal\u0161\u00edch kaprovit\u00fdch ryb<\/strong>.<br data-start=\"804\" data-end=\"807\" \/>Jednoduch\u00e1, ale <strong data-start=\"823\" data-end=\"848\">spolehliv\u00e1 konstrukce<\/strong> si z\u00edskala d\u016fv\u011bru mnoha ryb\u00e1\u0159\u016f d\u00edky <strong data-start=\"885\" data-end=\"924\">vysok\u00e9 \u00fa\u010dinnosti a jist\u00fdm v\u00fdsledk\u016fm<\/strong> p\u0159i lovu.<\/p>\n<hr data-start=\"938\" data-end=\"941\" \/>\n<p style=\"text-align: left;\" data-start=\"943\" data-end=\"969\"><strong data-start=\"943\" data-end=\"967\">Technick\u00e9 parametry:<\/strong><\/p>\n<ul data-start=\"970\" data-end=\"1238\">\n<li style=\"text-align: left;\" data-start=\"970\" data-end=\"995\">\n<p data-start=\"972\" data-end=\"995\">H\u00e1\u010dek: <strong data-start=\"979\" data-end=\"993\">KRANK \u010d. 6<\/strong><\/p>\n<\/li>\n<li style=\"text-align: left;\" data-start=\"996\" data-end=\"1032\">\n<p data-start=\"998\" data-end=\"1032\">D\u00e9lka n\u00e1vazce s h\u00e1\u010dkem: <strong data-start=\"1022\" data-end=\"1030\">8 cm<\/strong><\/p>\n<\/li>\n<li style=\"text-align: left;\" data-start=\"1033\" data-end=\"1084\">\n<p data-start=\"1035\" data-end=\"1084\">Leadcore: <strong data-start=\"1045\" data-end=\"1065\">bez j\u00e1dra, 45 LB<\/strong>, d\u00e9lka <strong data-start=\"1073\" data-end=\"1082\">55 cm<\/strong><\/p>\n<\/li>\n<li style=\"text-align: left;\" data-start=\"1085\" data-end=\"1122\">\n<p data-start=\"1087\" data-end=\"1122\">Barva: <strong data-start=\"1094\" data-end=\"1120\">kamufl\u00e1\u017en\u00ed (maskovac\u00ed)<\/strong><\/p>\n<\/li>\n<li style=\"text-align: left;\" data-start=\"1123\" data-end=\"1192\">\n<p data-start=\"1125\" data-end=\"1192\">Typ z\u00e1t\u011b\u017ee: <strong data-start=\"1137\" data-end=\"1190\">\u201eVla\u0161tov\u010d\u00ed ocas\u201c \u2013 stabiln\u00ed p\u0159i n\u00e1hozu i v proudu<\/strong><\/p>\n<\/li>\n<li data-start=\"1193\" data-end=\"1238\">\n<p style=\"text-align: left;\" data-start=\"1195\" data-end=\"1238\">Plovouc\u00ed n\u00e1straha: <strong data-start=\"1214\" data-end=\"1236\">EVA pop-up kuli\u010dka<\/strong><\/p>\n<\/li>\n<\/ul>\n\t\t<\/div>\n\t\t[\/vc_column][\/vc_row][vc_row][vc_column][vc_column_text css=&#8220;&#8220; woodmart_inline=&#8220;no&#8220; text_larger=&#8220;no&#8220;]<\/p>\n<p>[\/vc_column_text][\/vc_column][\/vc_row]<\/p>\n<\/div>","protected":false},"excerpt":{"rendered":"<p>[vc_row][vc_column][\/vc_column][\/vc_row][vc_row][vc_column][vc_column_text css=&#8220;&#8220; woodmart_inline=&#8220;no&#8220; text_larger=&#8220;no&#8220;] [\/vc_column_text][\/vc_column][\/vc_row]<\/p>\n","protected":false},"featured_media":4145,"template":"","meta":[],"product_brand":[64],"product_cat":[107,104],"product_tag":[204],"class_list":{"0":"post-4140","1":"product","2":"type-product","3":"status-publish","4":"has-post-thumbnail","6":"product_brand-profmontaz","7":"product_cat-hotove-montaze","8":"product_cat-hotove-navazce-a-montaze","9":"product_tag-montaz-krmitko","11":"first","12":"instock","13":"taxable","14":"shipping-taxable","15":"purchasable","16":"product-type-variable"},"_links":{"self":[{"href":"https:\/\/profmontaz.cz\/velkoobchod\/wp-json\/wp\/v2\/product\/4140","targetHints":{"allow":["GET"]}}],"collection":[{"href":"https:\/\/profmontaz.cz\/velkoobchod\/wp-json\/wp\/v2\/product"}],"about":[{"href":"https:\/\/profmontaz.cz\/velkoobchod\/wp-json\/wp\/v2\/types\/product"}],"wp:featuredmedia":[{"embeddable":true,"href":"https:\/\/profmontaz.cz\/velkoobchod\/wp-json\/wp\/v2\/media\/4145"}],"wp:attachment":[{"href":"https:\/\/profmontaz.cz\/velkoobchod\/wp-json\/wp\/v2\/media?parent=4140"}],"wp:term":[{"taxonomy":"product_brand","embeddable":true,"href":"https:\/\/profmontaz.cz\/velkoobchod\/wp-json\/wp\/v2\/product_brand?post=4140"},{"taxonomy":"product_cat","embeddable":true,"href":"https:\/\/profmontaz.cz\/velkoobchod\/wp-json\/wp\/v2\/product_cat?post=4140"},{"taxonomy":"product_tag","embeddable":true,"href":"https:\/\/profmontaz.cz\/velkoobchod\/wp-json\/wp\/v2\/product_tag?post=4140"}],"curies":[{"name":"wp","href":"https:\/\/api.w.org\/{rel}","templated":true}]}}