{"id":4195,"date":"2025-10-30T22:59:00","date_gmt":"2025-10-30T21:59:00","guid":{"rendered":"https:\/\/profmontaz.cz\/velkoobchod\/?post_type=product&#038;p=4195"},"modified":"2025-11-17T09:32:21","modified_gmt":"2025-11-17T08:32:21","slug":"plovouci-boilie-pop-up-8-mm-krill","status":"publish","type":"product","link":"https:\/\/profmontaz.cz\/velkoobchod\/produkt\/plovouci-boilie-pop-up-8-mm-krill\/","title":{"rendered":"Plovouc\u00ed Boilie Pop-Up 8 mm Krill"},"content":{"rendered":"<div class=\"wpb-content-wrapper\"><p>[vc_row][vc_column][vc_column_text css=&#8220;&#8220; woodmart_inline=&#8220;no&#8220; text_larger=&#8220;no&#8220;]<\/p>\n<p data-start=\"165\" data-end=\"209\"><strong data-start=\"165\" data-end=\"207\">Boilies POP UPS \u2013 Krill (Kreveta) 8 mm<\/strong><\/p>\n<p data-start=\"211\" data-end=\"338\">Pop-up boilies vyroben\u00e9 z kvalitn\u00ed sm\u011bsi vlastn\u00ed receptury s p\u0159\u00edrodn\u00edmi ingrediencemi a aminokyselinami od evropsk\u00fdch zna\u010dek.<\/p>\n<p data-start=\"340\" data-end=\"551\">D\u00edky <strong data-start=\"345\" data-end=\"376\">jasn\u00fdm barv\u00e1m a UV pigmentu<\/strong> jsou n\u00e1strahy skv\u011ble viditeln\u00e9 na dn\u011b i v krmen\u00ed. Sv\u00edt\u00ed pod UV sv\u011btlem, tak\u017ee v\u00fdborn\u011b funguj\u00ed p\u0159i lovu v zata\u017een\u00e9m po\u010das\u00ed, ve v\u011bt\u0161\u00edch hloubk\u00e1ch (nad 3 m) i v zakalen\u00e9 vod\u011b.<\/p>\n<p data-start=\"553\" data-end=\"807\">Pop-upy maj\u00ed <strong data-start=\"566\" data-end=\"599\">m\u011bkkou, ale pru\u017enou strukturu<\/strong> \u2013 snadno se nasazuj\u00ed na jehlu a nepraskaj\u00ed. D\u00edky <strong data-start=\"649\" data-end=\"669\">vysok\u00e9mu vztlaku<\/strong> jsou ide\u00e1ln\u00ed pro kombinovan\u00e9 prezentace s klasick\u00fdmi boilies, peletami nebo p\u0159\u00edrodn\u00edmi n\u00e1strahami (kuku\u0159ice, hr\u00e1ch, tyg\u0159\u00ed o\u0159ech apod.).<\/p>\n<p style=\"text-align: left;\" data-start=\"809\" data-end=\"957\">Zvednut\u00edm n\u00e1strahy nade dno se st\u00e1v\u00e1 pro ryby viditeln\u011bj\u0161\u00ed a atraktivn\u011bj\u0161\u00ed. Umo\u017e\u0148uj\u00ed tak\u00e9 vytv\u00e1\u0159et vlastn\u00ed chu\u0165ov\u00e9 kombinace \u2013 tzv. <strong data-start=\"941\" data-end=\"956\">\u201esn\u011bhul\u00e1ky\u201c<\/strong>.<\/p>\n<p>[\/vc_column_text][\/vc_column][\/vc_row]<\/p>\n<\/div>","protected":false},"excerpt":{"rendered":"<p>[vc_row][vc_column][vc_column_text css=&#8220;&#8220; woodmart_inline=&#8220;no&#8220; text_larger=&#8220;no&#8220;] Boilies POP UPS \u2013 Krill (Kreveta) 8 mm Pop-up boilies vyroben\u00e9 z kvalitn\u00ed sm\u011bsi vlastn\u00ed receptury<\/p>\n","protected":false},"featured_media":4196,"template":"","meta":[],"product_brand":[64],"product_cat":[190,194],"product_tag":[],"class_list":{"0":"post-4195","1":"product","2":"type-product","3":"status-publish","4":"has-post-thumbnail","6":"product_brand-profmontaz","7":"product_cat-krmeni","8":"product_cat-plovouci-boilie-pop-up-8-mm","10":"first","11":"instock","12":"taxable","13":"shipping-taxable","14":"purchasable","15":"product-type-simple"},"_links":{"self":[{"href":"https:\/\/profmontaz.cz\/velkoobchod\/wp-json\/wp\/v2\/product\/4195","targetHints":{"allow":["GET"]}}],"collection":[{"href":"https:\/\/profmontaz.cz\/velkoobchod\/wp-json\/wp\/v2\/product"}],"about":[{"href":"https:\/\/profmontaz.cz\/velkoobchod\/wp-json\/wp\/v2\/types\/product"}],"wp:featuredmedia":[{"embeddable":true,"href":"https:\/\/profmontaz.cz\/velkoobchod\/wp-json\/wp\/v2\/media\/4196"}],"wp:attachment":[{"href":"https:\/\/profmontaz.cz\/velkoobchod\/wp-json\/wp\/v2\/media?parent=4195"}],"wp:term":[{"taxonomy":"product_brand","embeddable":true,"href":"https:\/\/profmontaz.cz\/velkoobchod\/wp-json\/wp\/v2\/product_brand?post=4195"},{"taxonomy":"product_cat","embeddable":true,"href":"https:\/\/profmontaz.cz\/velkoobchod\/wp-json\/wp\/v2\/product_cat?post=4195"},{"taxonomy":"product_tag","embeddable":true,"href":"https:\/\/profmontaz.cz\/velkoobchod\/wp-json\/wp\/v2\/product_tag?post=4195"}],"curies":[{"name":"wp","href":"https:\/\/api.w.org\/{rel}","templated":true}]}}