{"id":4200,"date":"2025-10-30T23:31:21","date_gmt":"2025-10-30T22:31:21","guid":{"rendered":"https:\/\/profmontaz.cz\/velkoobchod\/?post_type=product&#038;p=4200"},"modified":"2025-11-17T09:30:23","modified_gmt":"2025-11-17T08:30:23","slug":"plovouci-boilie-pop-up-8-mm-color-mix-magic-fruit","status":"publish","type":"product","link":"https:\/\/profmontaz.cz\/velkoobchod\/produkt\/plovouci-boilie-pop-up-8-mm-color-mix-magic-fruit\/","title":{"rendered":"Plovouc\u00ed Boilie Pop-Up 8 mm COLOR MIX MAGIC FRUIT"},"content":{"rendered":"<div class=\"wpb-content-wrapper\"><p>[vc_row][vc_column][vc_column_text css=&#8220;&#8220; woodmart_inline=&#8220;no&#8220; text_larger=&#8220;no&#8220;]<\/p>\n<p style=\"text-align: left;\" data-start=\"0\" data-end=\"288\">Boilies POP-UPS Ovocn\u00fd COLOR MIX (MAGIC FRUIT) 8mm \u2013 jsou vyrobeny z origin\u00e1ln\u00ed vysoce kvalitn\u00ed sm\u011bsi vlastn\u00ed receptury, kter\u00e1 se skl\u00e1d\u00e1 z p\u0159\u00edrodn\u00edch ingredienc\u00ed a aminokyselin. Pop-up je samostatn\u011b \u00fa\u010dinnou n\u00e1strahou. Atraktant \u2013 unik\u00e1tn\u00ed ovocn\u00fd mix, kter\u00fd vyd\u00e1v\u00e1 siln\u00fd potravn\u00ed sign\u00e1l.<\/p>\n<p style=\"text-align: left;\" data-start=\"290\" data-end=\"627\">Receptura byla vyv\u00edjena 1,5 roku a prok\u00e1zala stabiln\u00ed v\u00fdsledky po celou sez\u00f3nu lovu kapra, amura, cejna, karase i sazana na ote\u0159en\u00e9 vod\u011b. Nejlep\u0161\u00edch v\u00fdsledk\u016f dosahuje colormix MAGIC FRUIT v tepl\u00e9 vod\u011b, kdy kapr a dal\u0161\u00ed b\u00edl\u00e1 ryba nejv\u00edce preferuj\u00ed \u201esladk\u00e9\u201c, ovocn\u00e9 p\u0159\u00edchut\u011b. Mix se skl\u00e1d\u00e1 ze \u010dty\u0159 barev: oran\u017eov\u00e9, \u017elut\u00e9, r\u016f\u017eov\u00e9 a hn\u011bd\u00e9.<\/p>\n<p style=\"text-align: left;\" data-start=\"629\" data-end=\"899\">Syt\u00e9 barvy obsahuj\u00ed UV pigment, kter\u00fd z\u00e1\u0159\u00ed v ultrafialov\u00e9m sv\u011btle a je obzvl\u00e1\u0161\u0165 \u00fa\u010dinn\u00fd na ja\u0159e, na podzim a v zakalen\u00e9 vod\u011b. Hn\u011bd\u00e1 barva je skute\u010dn\u00fd \u201e\u017eol\u00edk\u201c v tomto mixu \u2013 p\u0159i lovu opatrn\u00fdch, obvykle trofejn\u00edch kapr\u016f dok\u00e1\u017ee ryb\u00e1\u0159e p\u0159\u00edjemn\u011b p\u0159ekvapit skv\u011bl\u00fdm v\u00fdsledkem.<\/p>\n<p style=\"text-align: left;\" data-start=\"901\" data-end=\"1301\" data-is-last-node=\"\" data-is-only-node=\"\">Pop-upy maj\u00ed m\u011bkkou, ale pevnou strukturu, snadno se nasazuj\u00ed na vlasec, ani\u017e by praskaly. Vysok\u00fd vztlak pop-upu umo\u017e\u0148uje pou\u017eit\u00ed kombinovan\u00fdch prezentac\u00ed s b\u011b\u017en\u00fdmi boilies, peletami nebo p\u0159\u00edrodn\u00edmi n\u00e1strahami (kuku\u0159ice, hr\u00e1ch, tyg\u0159\u00ed o\u0159ech apod.), \u010d\u00edm\u017e se n\u00e1straha zved\u00e1 ode dna, st\u00e1v\u00e1 se atraktivn\u011bj\u0161\u00ed a l\u00e9pe viditelnou pro ryby. Z\u00e1rove\u0148 umo\u017e\u0148uje vytv\u00e1\u0159et vlastn\u00ed chu\u0165ov\u00e9 kombinace \u2013 tzv. \u201esnowman\u201c.<\/p>\n<p>[\/vc_column_text][\/vc_column][\/vc_row]<\/p>\n<\/div>","protected":false},"excerpt":{"rendered":"<p>[vc_row][vc_column][vc_column_text css=&#8220;&#8220; woodmart_inline=&#8220;no&#8220; text_larger=&#8220;no&#8220;] Boilies POP-UPS Ovocn\u00fd COLOR MIX (MAGIC FRUIT) 8mm \u2013 jsou vyrobeny z origin\u00e1ln\u00ed vysoce kvalitn\u00ed sm\u011bsi<\/p>\n","protected":false},"featured_media":4201,"template":"","meta":[],"product_brand":[64],"product_cat":[190,194],"product_tag":[],"class_list":{"0":"post-4200","1":"product","2":"type-product","3":"status-publish","4":"has-post-thumbnail","6":"product_brand-profmontaz","7":"product_cat-krmeni","8":"product_cat-plovouci-boilie-pop-up-8-mm","10":"first","11":"instock","12":"taxable","13":"shipping-taxable","14":"purchasable","15":"product-type-simple"},"_links":{"self":[{"href":"https:\/\/profmontaz.cz\/velkoobchod\/wp-json\/wp\/v2\/product\/4200","targetHints":{"allow":["GET"]}}],"collection":[{"href":"https:\/\/profmontaz.cz\/velkoobchod\/wp-json\/wp\/v2\/product"}],"about":[{"href":"https:\/\/profmontaz.cz\/velkoobchod\/wp-json\/wp\/v2\/types\/product"}],"wp:featuredmedia":[{"embeddable":true,"href":"https:\/\/profmontaz.cz\/velkoobchod\/wp-json\/wp\/v2\/media\/4201"}],"wp:attachment":[{"href":"https:\/\/profmontaz.cz\/velkoobchod\/wp-json\/wp\/v2\/media?parent=4200"}],"wp:term":[{"taxonomy":"product_brand","embeddable":true,"href":"https:\/\/profmontaz.cz\/velkoobchod\/wp-json\/wp\/v2\/product_brand?post=4200"},{"taxonomy":"product_cat","embeddable":true,"href":"https:\/\/profmontaz.cz\/velkoobchod\/wp-json\/wp\/v2\/product_cat?post=4200"},{"taxonomy":"product_tag","embeddable":true,"href":"https:\/\/profmontaz.cz\/velkoobchod\/wp-json\/wp\/v2\/product_tag?post=4200"}],"curies":[{"name":"wp","href":"https:\/\/api.w.org\/{rel}","templated":true}]}}