{"id":4207,"date":"2025-11-01T10:59:06","date_gmt":"2025-11-01T09:59:06","guid":{"rendered":"https:\/\/profmontaz.cz\/velkoobchod\/?post_type=product&#038;p=4207"},"modified":"2025-11-17T09:33:38","modified_gmt":"2025-11-17T08:33:38","slug":"plovouci-boilie-pop-up-8-mm-plum","status":"publish","type":"product","link":"https:\/\/profmontaz.cz\/velkoobchod\/produkt\/plovouci-boilie-pop-up-8-mm-plum\/","title":{"rendered":"Plovouc\u00ed Boilie Pop-Up 8 mm Plum"},"content":{"rendered":"<div class=\"wpb-content-wrapper\"><p>[vc_row][vc_column][vc_column_text css=&#8220;&#8220; woodmart_inline=&#8220;no&#8220; text_larger=&#8220;no&#8220;]<\/p>\n<p style=\"text-align: left;\" data-start=\"0\" data-end=\"410\">Boilies POP UPS \u2013 \u0160vestka (Plum) 8 mm \u2013 jsou vyr\u00e1b\u011bny z vysoce kvalitn\u00ed sm\u011bsi vlastn\u00ed receptury, kter\u00e1 se skl\u00e1d\u00e1 z p\u0159\u00edrodn\u00edch ingredienc\u00ed a aminokyselin evropsk\u00fdch zna\u010dek. Jasn\u00e9 barvy pop-upu dokonale zv\u00fdraz\u0148uj\u00ed n\u00e1strahu na pozad\u00ed dna a krmen\u00ed. Obsahuj\u00ed UV pigment, d\u00edky \u010demu\u017e sv\u00edt\u00ed pod ultrafialov\u00fdm sv\u011btlem a jsou obzvl\u00e1\u0161t\u011b \u00fa\u010dinn\u00e9 p\u0159i rybolovu za zata\u017een\u00e9ho po\u010das\u00ed, v hloubk\u00e1ch nad 3 metry a v kaln\u00e9 vod\u011b.<\/p>\n<p style=\"text-align: left;\" data-start=\"412\" data-end=\"806\" data-is-last-node=\"\" data-is-only-node=\"\">Na\u0161e pop-upy maj\u00ed m\u011bkkou, ale pru\u017enou strukturu \u2013 snadno se nasazuj\u00ed na jehlu, ani\u017e by praskaly. Vysok\u00e1 vztlakov\u00e1 s\u00edla pop-upu umo\u017e\u0148uje kombinovan\u00e9 prezentace s b\u011b\u017en\u00fdmi boilies, peletami nebo p\u0159\u00edrodn\u00edmi n\u00e1strahami (kuku\u0159ice, hr\u00e1ch, tyg\u0159\u00ed o\u0159ech apod.), \u010d\u00edm\u017e zvedaj\u00ed n\u00e1strahu nad dno. D\u00edky tomu je pro ryby atraktivn\u011bj\u0161\u00ed a viditeln\u011bj\u0161\u00ed a umo\u017e\u0148uje vytv\u00e1\u0159et vlastn\u00ed chu\u0165ov\u00e9 mixy \u2013 tzv. \u201esn\u011bhul\u00e1ky\u201c.<\/p>\n<p>[\/vc_column_text][\/vc_column][\/vc_row]<\/p>\n<\/div>","protected":false},"excerpt":{"rendered":"<p>[vc_row][vc_column][vc_column_text css=&#8220;&#8220; woodmart_inline=&#8220;no&#8220; text_larger=&#8220;no&#8220;] Boilies POP UPS \u2013 \u0160vestka (Plum) 8 mm \u2013 jsou vyr\u00e1b\u011bny z vysoce kvalitn\u00ed sm\u011bsi vlastn\u00ed<\/p>\n","protected":false},"featured_media":4216,"template":"","meta":[],"product_brand":[64],"product_cat":[190,194],"product_tag":[],"class_list":{"0":"post-4207","1":"product","2":"type-product","3":"status-publish","4":"has-post-thumbnail","6":"product_brand-profmontaz","7":"product_cat-krmeni","8":"product_cat-plovouci-boilie-pop-up-8-mm","10":"first","11":"instock","12":"taxable","13":"shipping-taxable","14":"purchasable","15":"product-type-simple"},"_links":{"self":[{"href":"https:\/\/profmontaz.cz\/velkoobchod\/wp-json\/wp\/v2\/product\/4207","targetHints":{"allow":["GET"]}}],"collection":[{"href":"https:\/\/profmontaz.cz\/velkoobchod\/wp-json\/wp\/v2\/product"}],"about":[{"href":"https:\/\/profmontaz.cz\/velkoobchod\/wp-json\/wp\/v2\/types\/product"}],"wp:featuredmedia":[{"embeddable":true,"href":"https:\/\/profmontaz.cz\/velkoobchod\/wp-json\/wp\/v2\/media\/4216"}],"wp:attachment":[{"href":"https:\/\/profmontaz.cz\/velkoobchod\/wp-json\/wp\/v2\/media?parent=4207"}],"wp:term":[{"taxonomy":"product_brand","embeddable":true,"href":"https:\/\/profmontaz.cz\/velkoobchod\/wp-json\/wp\/v2\/product_brand?post=4207"},{"taxonomy":"product_cat","embeddable":true,"href":"https:\/\/profmontaz.cz\/velkoobchod\/wp-json\/wp\/v2\/product_cat?post=4207"},{"taxonomy":"product_tag","embeddable":true,"href":"https:\/\/profmontaz.cz\/velkoobchod\/wp-json\/wp\/v2\/product_tag?post=4207"}],"curies":[{"name":"wp","href":"https:\/\/api.w.org\/{rel}","templated":true}]}}