{"id":4262,"date":"2025-11-01T18:25:46","date_gmt":"2025-11-01T17:25:46","guid":{"rendered":"https:\/\/profmontaz.cz\/velkoobchod\/?post_type=product&#038;p=4262"},"modified":"2026-03-01T18:06:29","modified_gmt":"2026-03-01T17:06:29","slug":"plovouci-boilie-pop-up-10-mm-color-mix-magic-fish","status":"publish","type":"product","link":"https:\/\/profmontaz.cz\/velkoobchod\/produkt\/plovouci-boilie-pop-up-10-mm-color-mix-magic-fish\/","title":{"rendered":"Plovouc\u00ed Boilie Pop-Up 10 mm COLOR MIX  MAGIC FISH"},"content":{"rendered":"<div class=\"wpb-content-wrapper\"><p>[vc_row][vc_column][vc_column_text css=&#8220;&#8220; woodmart_inline=&#8220;no&#8220; text_larger=&#8220;no&#8220;]<\/p>\n<p data-start=\"0\" data-end=\"487\">Boilies POP-UPS Ryb\u00ed COLOR MIX (MAGIC FISH) 10 mm \u2013 obsahuj\u00ed unik\u00e1tn\u00ed atraktant \u2013 ryb\u00ed mix, kter\u00fd dod\u00e1v\u00e1 pop-up siln\u00fd potravn\u00ed sign\u00e1l a \u010din\u00ed ho velmi atraktivn\u00edm pro ryby.<br data-start=\"171\" data-end=\"174\" \/>Receptura MAGIC FISH byla vyv\u00edjena p\u0159ibli\u017en\u011b 1,5 roku a prok\u00e1zala stabiln\u00ed v\u00fdsledky po celou sez\u00f3nu lovu kapra, amura, karase, cejna a sazana na voln\u00e9 vod\u011b.<br data-start=\"330\" data-end=\"333\" data-is-only-node=\"\" \/>Podle celkov\u00fdch zku\u0161enost\u00ed MIX MAGIC FISH p\u0159in\u00e1\u0161el b\u011bhem roku nejv\u011bt\u0161\u00ed trofejn\u00ed \u00falovky a z\u016fst\u00e1val obl\u00edben\u00fd u ryb od \u010dasn\u00e9ho jara a\u017e do pozdn\u00edho podzimu.<\/p>\n<p data-start=\"489\" data-end=\"1077\">Pop-up je vyroben z origin\u00e1ln\u00ed vysoce kvalitn\u00ed sm\u011bsi vlastn\u00ed receptury, kter\u00e1 se skl\u00e1d\u00e1 z p\u0159\u00edrodn\u00edch ingredienc\u00ed a aminokyselin.<br data-start=\"617\" data-end=\"620\" \/>Colormix obsahuje 4 barvy: oran\u017eovou, \u017elutou, fialovou a \u010dernou.<br data-start=\"684\" data-end=\"687\" data-is-only-node=\"\" \/>Sv\u011btl\u00e9 barvy obsahuj\u00ed UV pigment, kter\u00fd z\u00e1\u0159\u00ed pod ultrafialov\u00fdm sv\u011btlem, a jsou obzvl\u00e1\u0161\u0165 \u00fa\u010dinn\u00e9 na ja\u0159e, na podzim a v kaln\u00e9 vod\u011b.<br data-start=\"816\" data-end=\"819\" \/>\u010cern\u00e1 barva je skute\u010dn\u00fd \u201e\u017eol\u00edk\u201c tohoto mixu \u2013 p\u0159i lovu opatrn\u00fdch, \u010dasto trofejn\u00edch kapr\u016f dok\u00e1\u017ee ryb\u00e1\u0159e p\u0159\u00edjemn\u011b p\u0159ekvapit skv\u011bl\u00fdm v\u00fdsledkem.<br data-start=\"959\" data-end=\"962\" \/>Fialov\u00e1 barva m\u00e1 tak\u00e9 UV z\u00e1\u0159i a prok\u00e1zala v\u00fdjime\u010dn\u00e9 v\u00fdsledky p\u0159i no\u010dn\u00edm rybolovu nebo b\u011bhem velmi zata\u017een\u00fdch dn\u016f.<\/p>\n<p data-start=\"1079\" data-end=\"1487\" data-is-last-node=\"\" data-is-only-node=\"\">Na\u0161e pop-up boilies maj\u00ed m\u011bkkou, ale pru\u017enou strukturu \u2013 snadno se nasazuj\u00ed na jehlu, ani\u017e by praskaly.<br data-start=\"1182\" data-end=\"1185\" \/>Vysok\u00e1 vzpl\u00fdvavost pop-upu umo\u017e\u0148uje pou\u017e\u00edvat kombinovan\u00e9 prezentace s b\u011b\u017en\u00fdmi boilies, peletami nebo p\u0159\u00edrodn\u00edmi n\u00e1strahami (kuku\u0159ice, hr\u00e1ch, tyg\u0159\u00ed o\u0159ech apod.), \u010d\u00edm\u017e se n\u00e1straha zvedne nade dno, st\u00e1v\u00e1 se atraktivn\u011bj\u0161\u00ed a viditeln\u011bj\u0161\u00ed pro ryby a umo\u017e\u0148uje vytv\u00e1\u0159et vlastn\u00ed chu\u0165ov\u00e9 mixy \u2013 tzv. <em data-start=\"1475\" data-end=\"1486\" data-is-only-node=\"\">sn\u011bhul\u00e1ky<\/em>.<\/p>\n<p>[\/vc_column_text][\/vc_column][\/vc_row]<\/p>\n<\/div>","protected":false},"excerpt":{"rendered":"<p>[vc_row][vc_column][vc_column_text css=&#8220;&#8220; woodmart_inline=&#8220;no&#8220; text_larger=&#8220;no&#8220;] Boilies POP-UPS Ryb\u00ed COLOR MIX (MAGIC FISH) 10 mm \u2013 obsahuj\u00ed unik\u00e1tn\u00ed atraktant \u2013 ryb\u00ed mix,<\/p>\n","protected":false},"featured_media":4263,"template":"","meta":[],"product_brand":[64],"product_cat":[190,195],"product_tag":[],"class_list":{"0":"post-4262","1":"product","2":"type-product","3":"status-publish","4":"has-post-thumbnail","6":"product_brand-profmontaz","7":"product_cat-krmeni","8":"product_cat-plovouci-boilie-pop-up-10-mm","10":"first","11":"instock","12":"taxable","13":"shipping-taxable","14":"purchasable","15":"product-type-simple"},"_links":{"self":[{"href":"https:\/\/profmontaz.cz\/velkoobchod\/wp-json\/wp\/v2\/product\/4262","targetHints":{"allow":["GET"]}}],"collection":[{"href":"https:\/\/profmontaz.cz\/velkoobchod\/wp-json\/wp\/v2\/product"}],"about":[{"href":"https:\/\/profmontaz.cz\/velkoobchod\/wp-json\/wp\/v2\/types\/product"}],"wp:featuredmedia":[{"embeddable":true,"href":"https:\/\/profmontaz.cz\/velkoobchod\/wp-json\/wp\/v2\/media\/4263"}],"wp:attachment":[{"href":"https:\/\/profmontaz.cz\/velkoobchod\/wp-json\/wp\/v2\/media?parent=4262"}],"wp:term":[{"taxonomy":"product_brand","embeddable":true,"href":"https:\/\/profmontaz.cz\/velkoobchod\/wp-json\/wp\/v2\/product_brand?post=4262"},{"taxonomy":"product_cat","embeddable":true,"href":"https:\/\/profmontaz.cz\/velkoobchod\/wp-json\/wp\/v2\/product_cat?post=4262"},{"taxonomy":"product_tag","embeddable":true,"href":"https:\/\/profmontaz.cz\/velkoobchod\/wp-json\/wp\/v2\/product_tag?post=4262"}],"curies":[{"name":"wp","href":"https:\/\/api.w.org\/{rel}","templated":true}]}}