{"id":4264,"date":"2025-11-01T18:48:39","date_gmt":"2025-11-01T17:48:39","guid":{"rendered":"https:\/\/profmontaz.cz\/velkoobchod\/?post_type=product&#038;p=4264"},"modified":"2025-11-17T09:45:52","modified_gmt":"2025-11-17T08:45:52","slug":"plovouci-boilie-pop-up-10-mm-plum","status":"publish","type":"product","link":"https:\/\/profmontaz.cz\/velkoobchod\/produkt\/plovouci-boilie-pop-up-10-mm-plum\/","title":{"rendered":"Plovouc\u00ed Boilie Pop-Up 10 mm Plum"},"content":{"rendered":"<div class=\"wpb-content-wrapper\"><p>[vc_row][vc_column][vc_column_text css=&#8220;&#8220; woodmart_inline=&#8220;no&#8220; text_larger=&#8220;no&#8220;]<\/p>\n<p data-start=\"0\" data-end=\"358\">POP-UPS \u2013 jsou vyrobeny z vysoce kvalitn\u00ed sm\u011bsi na b\u00e1zi p\u0159\u00edrodn\u00edch ingredienc\u00ed a aminokyselin. Sortiment zahrnuje 25 osv\u011bd\u010den\u00fdch p\u0159\u00edchut\u00ed, kter\u00e9 dok\u00e1\u017eou pokr\u00fdt pot\u0159eby ryb\u00e1\u0159\u016f b\u011bhem cel\u00e9 sez\u00f3ny.<br data-start=\"193\" data-end=\"196\" \/>D\u00edky pou\u017eit\u00ed posiluj\u00edc\u00edch atraktant\u016f z\u016fst\u00e1v\u00e1 pop-up dlouhou dobu atraktivn\u00ed pro ryby.<br data-start=\"281\" data-end=\"284\" data-is-only-node=\"\" \/>POP-UPS jsou \u00fa\u010dinn\u00e9 jak samostatn\u011b, tak v kombinaci s jin\u00fdmi n\u00e1strahami.<\/p>\n<p data-start=\"360\" data-end=\"645\">Vysok\u00e1 vzpl\u00fdvavost pop-up\u016f umo\u017e\u0148uje vytv\u00e1\u0159et kombinovan\u00e9 prezentace s b\u011b\u017en\u00fdmi boilies, peletami nebo p\u0159\u00edrodn\u00edmi n\u00e1strahami (kuku\u0159ice, hr\u00e1ch, tyg\u0159\u00ed o\u0159ech apod.), \u010d\u00edm\u017e se n\u00e1straha zvedne nade dno, st\u00e1v\u00e1 se pro ryby atraktivn\u011bj\u0161\u00ed a viditeln\u011bj\u0161\u00ed a umo\u017e\u0148uje vytv\u00e1\u0159et vlastn\u00ed chu\u0165ov\u00e9 mixy.<\/p>\n<p data-start=\"647\" data-end=\"926\" data-is-last-node=\"\" data-is-only-node=\"\">Stejn\u011b jako ka\u017ed\u00e1 plovouc\u00ed n\u00e1straha jsou i POP-UPS velmi \u00fa\u010dinn\u00e9 p\u0159i lovu na bahnit\u00e9m dn\u011b.<br data-start=\"736\" data-end=\"739\" \/>Jasn\u00e9 barvy pop-up\u016f obsahuj\u00ed UV pigment, d\u00edky kter\u00e9mu n\u00e1straha dob\u0159e sv\u00edt\u00ed pod ultrafialov\u00fdm sv\u011btlem a dok\u00e1\u017ee p\u0159ekvapit svou \u00fa\u010dinnost\u00ed p\u0159i no\u010dn\u00edm lovu \u2013 p\u0159edev\u0161\u00edm kapra, cejna nebo amura.<\/p>\n<p>[\/vc_column_text][\/vc_column][\/vc_row]<\/p>\n<\/div>","protected":false},"excerpt":{"rendered":"<p>[vc_row][vc_column][vc_column_text css=&#8220;&#8220; woodmart_inline=&#8220;no&#8220; text_larger=&#8220;no&#8220;] POP-UPS \u2013 jsou vyrobeny z vysoce kvalitn\u00ed sm\u011bsi na b\u00e1zi p\u0159\u00edrodn\u00edch ingredienc\u00ed a aminokyselin. Sortiment zahrnuje<\/p>\n","protected":false},"featured_media":4265,"template":"","meta":[],"product_brand":[64],"product_cat":[190,195],"product_tag":[],"class_list":{"0":"post-4264","1":"product","2":"type-product","3":"status-publish","4":"has-post-thumbnail","6":"product_brand-profmontaz","7":"product_cat-krmeni","8":"product_cat-plovouci-boilie-pop-up-10-mm","10":"first","11":"instock","12":"taxable","13":"shipping-taxable","14":"purchasable","15":"product-type-simple"},"_links":{"self":[{"href":"https:\/\/profmontaz.cz\/velkoobchod\/wp-json\/wp\/v2\/product\/4264","targetHints":{"allow":["GET"]}}],"collection":[{"href":"https:\/\/profmontaz.cz\/velkoobchod\/wp-json\/wp\/v2\/product"}],"about":[{"href":"https:\/\/profmontaz.cz\/velkoobchod\/wp-json\/wp\/v2\/types\/product"}],"wp:featuredmedia":[{"embeddable":true,"href":"https:\/\/profmontaz.cz\/velkoobchod\/wp-json\/wp\/v2\/media\/4265"}],"wp:attachment":[{"href":"https:\/\/profmontaz.cz\/velkoobchod\/wp-json\/wp\/v2\/media?parent=4264"}],"wp:term":[{"taxonomy":"product_brand","embeddable":true,"href":"https:\/\/profmontaz.cz\/velkoobchod\/wp-json\/wp\/v2\/product_brand?post=4264"},{"taxonomy":"product_cat","embeddable":true,"href":"https:\/\/profmontaz.cz\/velkoobchod\/wp-json\/wp\/v2\/product_cat?post=4264"},{"taxonomy":"product_tag","embeddable":true,"href":"https:\/\/profmontaz.cz\/velkoobchod\/wp-json\/wp\/v2\/product_tag?post=4264"}],"curies":[{"name":"wp","href":"https:\/\/api.w.org\/{rel}","templated":true}]}}