{"id":4334,"date":"2025-11-02T15:48:25","date_gmt":"2025-11-02T14:48:25","guid":{"rendered":"https:\/\/profmontaz.cz\/velkoobchod\/?post_type=product&#038;p=4334"},"modified":"2025-11-17T09:54:20","modified_gmt":"2025-11-17T08:54:20","slug":"plovouci-boilie-pop-up-12-mm-shrimp-spice","status":"publish","type":"product","link":"https:\/\/profmontaz.cz\/velkoobchod\/produkt\/plovouci-boilie-pop-up-12-mm-shrimp-spice\/","title":{"rendered":"Plovouc\u00ed Boilie Pop-Up 12 mm Shrimp\/Spice"},"content":{"rendered":"<div class=\"wpb-content-wrapper\"><p>[vc_row][vc_column][vc_column_text css=&#8220;&#8220; woodmart_inline=&#8220;no&#8220; text_larger=&#8220;no&#8220;]<\/p>\n<p data-start=\"0\" data-end=\"363\">POP-UPS \u2013 jsou vyrobeny z vysoce kvalitn\u00ed sm\u011bsi na b\u00e1zi p\u0159\u00edrodn\u00edch ingredienc\u00ed a aminokyselin. Sortiment zahrnuje 25 osv\u011bd\u010den\u00fdch p\u0159\u00edchut\u00ed, kter\u00e9 dok\u00e1\u017eou uspokojit pot\u0159eby po celou ryb\u00e1\u0159skou sez\u00f3nu. D\u00edky pou\u017eit\u00ed boosterov\u00fdch atraktant\u016f z\u016fst\u00e1v\u00e1 pop-up po dlouhou dobu atraktivn\u00ed pro ryby. POP-UPS jsou \u00fa\u010dinn\u00e9 jak samostatn\u011b, tak i v kombinaci s jin\u00fdmi n\u00e1strahami.<\/p>\n<p data-start=\"365\" data-end=\"729\">Vysok\u00e1 vztlakov\u00e1 s\u00edla pop-upu umo\u017e\u0148uje kombinovan\u00e9 prezentace s b\u011b\u017en\u00fdmi boilies, peletami nebo p\u0159\u00edrodn\u00edmi n\u00e1strahami (kuku\u0159ice, hr\u00e1ch, tyg\u0159\u00ed o\u0159ech apod.), \u010d\u00edm\u017e zvedaj\u00ed n\u00e1strahu nad dno. To ji \u010din\u00ed atraktivn\u011bj\u0161\u00ed a viditeln\u011bj\u0161\u00ed pro ryby a umo\u017e\u0148uje vytv\u00e1\u0159et vlastn\u00ed chu\u0165ov\u00e9 mixy. Stejn\u011b jako ka\u017ed\u00e1 plovouc\u00ed n\u00e1straha je POP-UPS velmi \u00fa\u010dinn\u00fd p\u0159i lovu na bahnit\u00e9m dn\u011b.<\/p>\n<p>[\/vc_column_text][\/vc_column][\/vc_row]<\/p>\n<\/div>","protected":false},"excerpt":{"rendered":"<p>[vc_row][vc_column][vc_column_text css=&#8220;&#8220; woodmart_inline=&#8220;no&#8220; text_larger=&#8220;no&#8220;] POP-UPS \u2013 jsou vyrobeny z vysoce kvalitn\u00ed sm\u011bsi na b\u00e1zi p\u0159\u00edrodn\u00edch ingredienc\u00ed a aminokyselin. Sortiment zahrnuje<\/p>\n","protected":false},"featured_media":4335,"template":"","meta":[],"product_brand":[64],"product_cat":[190,196],"product_tag":[],"class_list":{"0":"post-4334","1":"product","2":"type-product","3":"status-publish","4":"has-post-thumbnail","6":"product_brand-profmontaz","7":"product_cat-krmeni","8":"product_cat-plovouci-boilie-pop-up-12-mm","10":"first","11":"instock","12":"taxable","13":"shipping-taxable","14":"purchasable","15":"product-type-simple"},"_links":{"self":[{"href":"https:\/\/profmontaz.cz\/velkoobchod\/wp-json\/wp\/v2\/product\/4334","targetHints":{"allow":["GET"]}}],"collection":[{"href":"https:\/\/profmontaz.cz\/velkoobchod\/wp-json\/wp\/v2\/product"}],"about":[{"href":"https:\/\/profmontaz.cz\/velkoobchod\/wp-json\/wp\/v2\/types\/product"}],"wp:featuredmedia":[{"embeddable":true,"href":"https:\/\/profmontaz.cz\/velkoobchod\/wp-json\/wp\/v2\/media\/4335"}],"wp:attachment":[{"href":"https:\/\/profmontaz.cz\/velkoobchod\/wp-json\/wp\/v2\/media?parent=4334"}],"wp:term":[{"taxonomy":"product_brand","embeddable":true,"href":"https:\/\/profmontaz.cz\/velkoobchod\/wp-json\/wp\/v2\/product_brand?post=4334"},{"taxonomy":"product_cat","embeddable":true,"href":"https:\/\/profmontaz.cz\/velkoobchod\/wp-json\/wp\/v2\/product_cat?post=4334"},{"taxonomy":"product_tag","embeddable":true,"href":"https:\/\/profmontaz.cz\/velkoobchod\/wp-json\/wp\/v2\/product_tag?post=4334"}],"curies":[{"name":"wp","href":"https:\/\/api.w.org\/{rel}","templated":true}]}}