{"id":4459,"date":"2025-11-12T15:47:41","date_gmt":"2025-11-12T14:47:41","guid":{"rendered":"https:\/\/profmontaz.cz\/velkoobchod\/?post_type=product&#038;p=4459"},"modified":"2025-11-16T17:23:39","modified_gmt":"2025-11-16T16:23:39","slug":"plovouci-nastraha-zig-12-mm-oranzovo-zluta-10ks","status":"publish","type":"product","link":"https:\/\/profmontaz.cz\/velkoobchod\/produkt\/plovouci-nastraha-zig-12-mm-oranzovo-zluta-10ks\/","title":{"rendered":"Plovouc\u00ed n\u00e1straha Zig 12 mm oran\u017eovo-\u017elut\u00e1 10ks"},"content":{"rendered":"<div class=\"wpb-content-wrapper\"><p>[vc_row][vc_column][vc_column_text css=&#8220;&#8220; woodmart_inline=&#8220;no&#8220; text_larger=&#8220;no&#8220;]<\/p>\n<p style=\"text-align: left;\" data-start=\"0\" data-end=\"280\">Plovouc\u00ed n\u00e1straha <strong data-start=\"18\" data-end=\"45\">ZIG 12 mm <\/strong>\u00a0byla speci\u00e1ln\u011b vyvinuta pro lov kapr\u016f na <strong data-start=\"87\" data-end=\"98\">ZIG-RIG<\/strong>. S n\u00e1strahou <strong data-start=\"112\" data-end=\"125\">ZIG 12 mm<\/strong> m\u016f\u017eete snadno lovit ryby ve vodn\u00edm sloupci, co\u017e je obzvl\u00e1\u0161\u0165 d\u016fle\u017eit\u00e9 v obdob\u00edch tvorby termokliny v l\u00e9t\u011b, kdy se ryby nec\u00edt\u00ed pohodln\u011b p\u0159i krmen\u00ed ze dna.<\/p>\n<p style=\"text-align: left;\" data-start=\"282\" data-end=\"471\">N\u00e1straha <strong data-start=\"291\" data-end=\"298\">ZIG<\/strong> m\u00e1 vysokou vztlakovou schopnost, je vyrobena z materi\u00e1lu <strong data-start=\"356\" data-end=\"363\">EVA<\/strong> a ji\u017e m\u00e1 otvor pro snadnou mont\u00e1\u017e. Tato kaprov\u00e1 n\u00e1straha se snadno dipuje a dlouho si uchov\u00e1v\u00e1 svou v\u016fni.<\/p>\n<p style=\"text-align: left;\" data-start=\"473\" data-end=\"651\" data-is-last-node=\"\" data-is-only-node=\"\">Lov kapr\u016f na <strong data-start=\"486\" data-end=\"497\">ZIG-RIG<\/strong> v\u00e1m m\u016f\u017ee p\u0159in\u00e9st vzru\u0161uj\u00edc\u00ed z\u00e1\u017eitky a nov\u00e9 zku\u0161enosti \u2013 a pr\u00e1v\u011b n\u00e1straha <strong data-start=\"571\" data-end=\"578\">ZIG<\/strong> v\u00e1s stoprocentn\u011b p\u0159ibl\u00ed\u017e\u00ed k vysn\u011bn\u00e9mu \u00falovku a nezapomenuteln\u00e9 ryba\u0159in\u011b.<\/p>\n<p>[\/vc_column_text][\/vc_column][\/vc_row]<\/p>\n<\/div>","protected":false},"excerpt":{"rendered":"<p>[vc_row][vc_column][vc_column_text css=&#8220;&#8220; woodmart_inline=&#8220;no&#8220; text_larger=&#8220;no&#8220;] Plovouc\u00ed n\u00e1straha ZIG 12 mm \u00a0byla speci\u00e1ln\u011b vyvinuta pro lov kapr\u016f na ZIG-RIG. S n\u00e1strahou ZIG<\/p>\n","protected":false},"featured_media":4460,"template":"","meta":[],"product_brand":[64],"product_cat":[197,116],"product_tag":[],"class_list":{"0":"post-4459","1":"product","2":"type-product","3":"status-publish","4":"has-post-thumbnail","6":"product_brand-profmontaz","7":"product_cat-plovouci-nastraha-zig-12-mm","8":"product_cat-umele-nastrahy","10":"first","11":"instock","12":"taxable","13":"shipping-taxable","14":"purchasable","15":"product-type-simple"},"_links":{"self":[{"href":"https:\/\/profmontaz.cz\/velkoobchod\/wp-json\/wp\/v2\/product\/4459","targetHints":{"allow":["GET"]}}],"collection":[{"href":"https:\/\/profmontaz.cz\/velkoobchod\/wp-json\/wp\/v2\/product"}],"about":[{"href":"https:\/\/profmontaz.cz\/velkoobchod\/wp-json\/wp\/v2\/types\/product"}],"wp:featuredmedia":[{"embeddable":true,"href":"https:\/\/profmontaz.cz\/velkoobchod\/wp-json\/wp\/v2\/media\/4460"}],"wp:attachment":[{"href":"https:\/\/profmontaz.cz\/velkoobchod\/wp-json\/wp\/v2\/media?parent=4459"}],"wp:term":[{"taxonomy":"product_brand","embeddable":true,"href":"https:\/\/profmontaz.cz\/velkoobchod\/wp-json\/wp\/v2\/product_brand?post=4459"},{"taxonomy":"product_cat","embeddable":true,"href":"https:\/\/profmontaz.cz\/velkoobchod\/wp-json\/wp\/v2\/product_cat?post=4459"},{"taxonomy":"product_tag","embeddable":true,"href":"https:\/\/profmontaz.cz\/velkoobchod\/wp-json\/wp\/v2\/product_tag?post=4459"}],"curies":[{"name":"wp","href":"https:\/\/api.w.org\/{rel}","templated":true}]}}