{"id":4485,"date":"2025-11-14T16:23:02","date_gmt":"2025-11-14T15:23:02","guid":{"rendered":"https:\/\/profmontaz.cz\/velkoobchod\/?post_type=product&#038;p=4485"},"modified":"2025-11-14T16:37:23","modified_gmt":"2025-11-14T15:37:23","slug":"method-feeder-flat-big-boyle-10-kusu-bal","status":"publish","type":"product","link":"https:\/\/profmontaz.cz\/velkoobchod\/produkt\/method-feeder-flat-big-boyle-10-kusu-bal\/","title":{"rendered":"Method Feeder Flat Big boyle  (10 kus\u016f\/bal)"},"content":{"rendered":"<div class=\"wpb-content-wrapper\"><p>[vc_row][vc_column]\t\t<div id=\"wd-691748f5f0c8b\" class=\"wd-text-block wd-wpb reset-last-child wd-rs-691748f5f0c8b text-center vc_custom_1763133694188\">\n\t\t\t<p style=\"text-align: left;\" data-start=\"0\" data-end=\"419\">Krm\u00edtko Flat-Boyle BIG\u00a0 \u2013 d\u00edky sv\u00e9mu tvaru umo\u017e\u0148uje pou\u017eit\u00ed velk\u00fdch boilies a kombinovan\u00fdch n\u00e1strah a\u017e do 30 mm. Rozm\u011br krm\u00edtka 35\u00d755 mm pojme v\u011bt\u0161\u00ed mno\u017estv\u00ed krmiva. Vhodn\u00e9 pro pou\u017eit\u00ed jak s klasick\u00fdmi Flat-Method sm\u011bsmi, tak i s peletami. Krmivo dob\u0159e dr\u017e\u00ed v krm\u00edtku i p\u0159i silov\u00fdch, dalek\u00fdch n\u00e1hozech. Plastov\u00e1 \u010d\u00e1st je pevn\u00e1 a spolehliv\u00e1, vyroben\u00e1 z prvotn\u00edho materi\u00e1lu, a z\u00e1t\u011b\u017e je pevn\u011b zabudov\u00e1na do t\u011bla krm\u00edtka.<\/p>\n<p style=\"text-align: left;\" data-start=\"421\" data-end=\"703\">Typick\u00fdm znakem flat krm\u00edtek je spodn\u00ed um\u00edst\u011bn\u00ed z\u00e1t\u011b\u017ee \u2013 po dopadu na dno krm\u00edtko v\u017edy dopadne n\u00e1strahou s krmen\u00edm sm\u011brem nahoru, co\u017e zaji\u0161\u0165uje voln\u00fd p\u0159\u00edstup pro ryby. Krm\u00edtka s hmotnost\u00ed 80, 90 a 100 g maj\u00ed posunut\u00e9 t\u011b\u017ei\u0161t\u011b, co\u017e umo\u017e\u0148uje snadn\u00e9 a p\u0159esn\u00e9 n\u00e1hozy, i za bo\u010dn\u00edho v\u011btru.<\/p>\n<p style=\"text-align: left;\" data-start=\"705\" data-end=\"922\">P\u0159i pou\u017eit\u00ed speci\u00e1ln\u00ed lisovac\u00ed formy XXL pro velk\u00e1 krm\u00edtka Flat-Method BIG lze dos\u00e1hnout rovnom\u011brn\u00e9ho a spr\u00e1vn\u00e9ho pln\u011bn\u00ed krm\u00edtka. Klasick\u00fd ov\u00e1ln\u00fd tvar dob\u0159e pror\u00e1\u017e\u00ed v\u00edtr a je vhodn\u00fd pro v\u011bt\u0161inu rybolovn\u00fdch podm\u00ednek.<\/p>\n<p style=\"text-align: left;\" data-start=\"924\" data-end=\"1096\" data-is-last-node=\"\" data-is-only-node=\"\">Za v\u011btrn\u00e9ho po\u010das\u00ed a p\u0159i lovu na velk\u00e9 vzd\u00e1lenosti doporu\u010dujeme m\u00edsto silikonov\u00e9ho krytu pou\u017e\u00edt stabiliza\u010dn\u00ed trubi\u010dku pro flat krm\u00edtka, kter\u00e1 je tak\u00e9 sou\u010d\u00e1st\u00ed na\u0161\u00ed nab\u00eddky.<\/p>\n\t\t<\/div>\n\t\t[\/vc_column][\/vc_row][vc_row][vc_column][vc_column_text css=&#8220;&#8220; woodmart_inline=&#8220;no&#8220; text_larger=&#8220;no&#8220;]<\/p>\n<p>[\/vc_column_text][\/vc_column][\/vc_row]<\/p>\n<\/div>","protected":false},"excerpt":{"rendered":"<p>[vc_row][vc_column][\/vc_column][\/vc_row][vc_row][vc_column][vc_column_text css=&#8220;&#8220; woodmart_inline=&#8220;no&#8220; text_larger=&#8220;no&#8220;] [\/vc_column_text][\/vc_column][\/vc_row]<\/p>\n","protected":false},"featured_media":2873,"template":"","meta":[],"product_brand":[64],"product_cat":[15,101],"product_tag":[],"class_list":{"0":"post-4485","1":"product","2":"type-product","3":"status-publish","4":"has-post-thumbnail","6":"product_brand-profmontaz","7":"product_cat-rybarska-krmitka","8":"product_cat-method-feederova-krmitka","10":"first","11":"instock","12":"taxable","13":"shipping-taxable","14":"purchasable","15":"product-type-variable"},"_links":{"self":[{"href":"https:\/\/profmontaz.cz\/velkoobchod\/wp-json\/wp\/v2\/product\/4485","targetHints":{"allow":["GET"]}}],"collection":[{"href":"https:\/\/profmontaz.cz\/velkoobchod\/wp-json\/wp\/v2\/product"}],"about":[{"href":"https:\/\/profmontaz.cz\/velkoobchod\/wp-json\/wp\/v2\/types\/product"}],"wp:featuredmedia":[{"embeddable":true,"href":"https:\/\/profmontaz.cz\/velkoobchod\/wp-json\/wp\/v2\/media\/2873"}],"wp:attachment":[{"href":"https:\/\/profmontaz.cz\/velkoobchod\/wp-json\/wp\/v2\/media?parent=4485"}],"wp:term":[{"taxonomy":"product_brand","embeddable":true,"href":"https:\/\/profmontaz.cz\/velkoobchod\/wp-json\/wp\/v2\/product_brand?post=4485"},{"taxonomy":"product_cat","embeddable":true,"href":"https:\/\/profmontaz.cz\/velkoobchod\/wp-json\/wp\/v2\/product_cat?post=4485"},{"taxonomy":"product_tag","embeddable":true,"href":"https:\/\/profmontaz.cz\/velkoobchod\/wp-json\/wp\/v2\/product_tag?post=4485"}],"curies":[{"name":"wp","href":"https:\/\/api.w.org\/{rel}","templated":true}]}}