{"id":4495,"date":"2025-11-14T17:13:42","date_gmt":"2025-11-14T16:13:42","guid":{"rendered":"https:\/\/profmontaz.cz\/velkoobchod\/?post_type=product&#038;p=4495"},"modified":"2025-11-14T17:24:26","modified_gmt":"2025-11-14T16:24:26","slug":"method-feeder-flat-big-classic-10-kusu-bal","status":"publish","type":"product","link":"https:\/\/profmontaz.cz\/velkoobchod\/produkt\/method-feeder-flat-big-classic-10-kusu-bal\/","title":{"rendered":"Method Feeder Flat Big Classic  (10 kus\u016f\/bal)"},"content":{"rendered":"<div class=\"wpb-content-wrapper\"><p>[vc_row][vc_column]\t\t<div id=\"wd-691754a2c7f7b\" class=\"wd-text-block wd-wpb reset-last-child wd-rs-691754a2c7f7b text-center vc_custom_1763136682507\">\n\t\t\t<p style=\"text-align: left;\">Krm\u00edtko Flat &#8211; Classic BIG m\u00e1 rozm\u011bry 35\u00d755 mm, a proto pojme v\u011bt\u0161\u00ed mno\u017estv\u00ed krmiva. Plastov\u00e1 \u010d\u00e1st je pevn\u00e1 a spolehliv\u00e1, vyroben\u00e1 z prvotn\u00edho materi\u00e1lu, z\u00e1t\u011b\u017e je pevn\u011b upevn\u011bna do t\u011bla krm\u00edtka.<\/p>\n<p style=\"text-align: left;\">Nejl\u00e9pe se pou\u017e\u00edv\u00e1 Flat Classic BIG s n\u00e1strahami st\u0159edn\u00ed velikosti: \u010dervi, kuku\u0159ice, hr\u00e1ch, tyg\u0159\u00ed o\u0159ech, pop-upy a boilies do 16 mm. Vhodn\u00e9 pro pou\u017eit\u00ed jak s klasick\u00fdmi krmn\u00fdmi sm\u011bsmi, tak i s peletami \u2013 n\u00e1vnada dob\u0159e dr\u017e\u00ed bez ohledu na vzd\u00e1lenost a podm\u00ednky lovu.<\/p>\n<p style=\"text-align: left;\">D\u00edky spodn\u00ed poloze z\u00e1t\u011b\u017ee v\u017edy po dopadu na dno dopadne fletov\u00e9 krm\u00edtko n\u00e1strahou s krmen\u00edm sm\u011brem nahoru, co\u017e zaji\u0161\u0165uje voln\u00fd p\u0159\u00edstup pro rybu. Krm\u00edtka s hmotnost\u00ed 80, 90 a 100 g maj\u00ed posunut\u00e9 t\u011b\u017ei\u0161t\u011b, co\u017e umo\u017e\u0148uje snadn\u00e9 a p\u0159esn\u00e9 n\u00e1hozy, i za bo\u010dn\u00edho v\u011btru.<\/p>\n<p style=\"text-align: left;\">Pro pohodln\u00e9 a spr\u00e1vn\u00e9 pln\u011bn\u00ed krm\u00edtka n\u00e1vnadou je nejlep\u0161\u00ed pou\u017e\u00edvat lisovac\u00ed formu XXL pro krm\u00edtko Flat-Method BIG. Klasick\u00fd ov\u00e1ln\u00fd tvar je vhodn\u00fd pro v\u011bt\u0161inu ryb\u00e1\u0159sk\u00fdch podm\u00ednek.<\/p>\n<p style=\"text-align: left;\">Pokud jsou podm\u00ednky v\u011btrn\u00e9 a vzd\u00e1lenost lovu velk\u00e1, doporu\u010dujeme m\u00edsto krytky pou\u017e\u00edt: Stabiliza\u010dn\u00ed trubi\u010dku pro flat krm\u00edtka.<\/p>\n\t\t<\/div>\n\t\t[\/vc_column][\/vc_row][vc_row][vc_column][vc_column_text css=&#8220;&#8220; woodmart_inline=&#8220;no&#8220; text_larger=&#8220;no&#8220;]<\/p>\n<p>[\/vc_column_text][\/vc_column][\/vc_row]<\/p>\n<\/div>","protected":false},"excerpt":{"rendered":"<p>[vc_row][vc_column][\/vc_column][\/vc_row][vc_row][vc_column][vc_column_text css=&#8220;&#8220; woodmart_inline=&#8220;no&#8220; text_larger=&#8220;no&#8220;] [\/vc_column_text][\/vc_column][\/vc_row]<\/p>\n","protected":false},"featured_media":4503,"template":"","meta":[],"product_brand":[64],"product_cat":[15,101],"product_tag":[234],"class_list":{"0":"post-4495","1":"product","2":"type-product","3":"status-publish","4":"has-post-thumbnail","6":"product_brand-profmontaz","7":"product_cat-rybarska-krmitka","8":"product_cat-method-feederova-krmitka","9":"product_tag-method-feeder","11":"first","12":"instock","13":"taxable","14":"shipping-taxable","15":"purchasable","16":"product-type-variable"},"_links":{"self":[{"href":"https:\/\/profmontaz.cz\/velkoobchod\/wp-json\/wp\/v2\/product\/4495","targetHints":{"allow":["GET"]}}],"collection":[{"href":"https:\/\/profmontaz.cz\/velkoobchod\/wp-json\/wp\/v2\/product"}],"about":[{"href":"https:\/\/profmontaz.cz\/velkoobchod\/wp-json\/wp\/v2\/types\/product"}],"wp:featuredmedia":[{"embeddable":true,"href":"https:\/\/profmontaz.cz\/velkoobchod\/wp-json\/wp\/v2\/media\/4503"}],"wp:attachment":[{"href":"https:\/\/profmontaz.cz\/velkoobchod\/wp-json\/wp\/v2\/media?parent=4495"}],"wp:term":[{"taxonomy":"product_brand","embeddable":true,"href":"https:\/\/profmontaz.cz\/velkoobchod\/wp-json\/wp\/v2\/product_brand?post=4495"},{"taxonomy":"product_cat","embeddable":true,"href":"https:\/\/profmontaz.cz\/velkoobchod\/wp-json\/wp\/v2\/product_cat?post=4495"},{"taxonomy":"product_tag","embeddable":true,"href":"https:\/\/profmontaz.cz\/velkoobchod\/wp-json\/wp\/v2\/product_tag?post=4495"}],"curies":[{"name":"wp","href":"https:\/\/api.w.org\/{rel}","templated":true}]}}