{"id":4544,"date":"2025-11-17T12:02:14","date_gmt":"2025-11-17T11:02:14","guid":{"rendered":"https:\/\/profmontaz.cz\/velkoobchod\/?post_type=product&#038;p=4544"},"modified":"2025-11-17T13:21:46","modified_gmt":"2025-11-17T12:21:46","slug":"hotova-montaz-karp-flat","status":"publish","type":"product","link":"https:\/\/profmontaz.cz\/velkoobchod\/produkt\/hotova-montaz-karp-flat\/","title":{"rendered":"Hotov\u00e1 mont\u00e1\u017e &#8222;Karp-Flat&#8220;"},"content":{"rendered":"<div class=\"wpb-content-wrapper\"><p>[vc_row][vc_column]\t\t<div id=\"wd-691b040799254\" class=\"wd-text-block wd-wpb reset-last-child wd-rs-691b040799254 text-center vc_custom_1763378218953\">\n\t\t\t<p style=\"text-align: left;\" data-start=\"110\" data-end=\"311\">Hotov\u00e1 mont\u00e1\u017e <strong data-start=\"124\" data-end=\"158\">Carp-Flat <\/strong><strong data-start=\"29\" data-end=\"60\">(1 h\u00e1\u010dek)<\/strong> \u2013 hotov\u00e1 mont\u00e1\u017e s ploch\u00fdm krm\u00edtkem je klasick\u00fdm \u0159e\u0161en\u00edm v modern\u00edm method feederu. Mont\u00e1\u017e je sestavena z kvalitn\u00edho olov\u011bn\u00e9ho n\u00e1vazce Climax (Germany), kter\u00fd zabra\u0148uje p\u0159ekroucen\u00ed, nepo\u0161kozuje rybu p\u0159i zdol\u00e1v\u00e1n\u00ed a chr\u00e1n\u00ed mont\u00e1\u017e p\u0159ed po\u0161kozen\u00edm o mu\u0161le nebo kameny.<\/p>\n<article class=\"text-token-text-primary w-full focus:outline-none [--shadow-height:45px] has-data-writing-block:pointer-events-none has-data-writing-block:-mt-(--shadow-height) has-data-writing-block:pt-(--shadow-height) [&amp;:has([data-writing-block])&gt;*]:pointer-events-auto [content-visibility:auto] supports-[content-visibility:auto]:[contain-intrinsic-size:auto_100lvh] scroll-mt-[calc(var(--header-height)+min(200px,max(70px,20svh)))]\" dir=\"auto\" tabindex=\"-1\" data-turn-id=\"40b3d837-2ed5-4d4b-a7b7-d21fb1637676\" data-testid=\"conversation-turn-16\" data-scroll-anchor=\"true\" data-turn=\"assistant\">\n<div class=\"text-base my-auto mx-auto pb-10 [--thread-content-margin:--spacing(4)] thread-sm:[--thread-content-margin:--spacing(6)] thread-lg:[--thread-content-margin:--spacing(16)] px-(--thread-content-margin)\">\n<div class=\"[--thread-content-max-width:40rem] thread-lg:[--thread-content-max-width:48rem] mx-auto max-w-(--thread-content-max-width) flex-1 group\/turn-messages focus-visible:outline-hidden relative flex w-full min-w-0 flex-col agent-turn\" tabindex=\"-1\">\n<div class=\"flex max-w-full flex-col grow\">\n<div class=\"min-h-8 text-message relative flex w-full flex-col items-end gap-2 text-start break-words whitespace-normal [.text-message+&amp;]:mt-1\" dir=\"auto\" data-message-author-role=\"assistant\" data-message-id=\"0281a4a3-6104-4a13-a299-f1eeb8d20ca4\" data-message-model-slug=\"gpt-5-1\">\n<div class=\"flex w-full flex-col gap-1 empty:hidden first:pt-[1px]\">\n<div class=\"markdown prose dark:prose-invert w-full break-words dark markdown-new-styling\">\n<p data-start=\"29\" data-end=\"619\" data-is-last-node=\"\" data-is-only-node=\"\">Kvalitn\u00ed h\u00e1\u010dek Kumho (Korea) zaji\u0161\u0165uje vysokou \u00fasp\u011b\u0161nost z\u00e1b\u011br\u016f a spolehliv\u011b dr\u017e\u00ed rybu p\u0159i zdol\u00e1v\u00e1n\u00ed. H\u00e1\u010dek je uv\u00e1z\u00e1n na n\u00e1vazcov\u00e9m materi\u00e1lu Climax.<br data-start=\"477\" data-end=\"480\" \/>Vlasov\u00e1 mont\u00e1\u017e v\u00fdrazn\u011b roz\u0161i\u0159uje v\u00fdb\u011br pou\u017eit\u00fdch n\u00e1vnad.<br data-start=\"536\" data-end=\"539\" \/>Od hmotnosti 70 gram\u016f a v\u00fd\u0161e m\u00e1 z\u00e1t\u011b\u017e posunut\u00e9 t\u011b\u017ei\u0161t\u011b pro dalek\u00e9 a p\u0159esn\u00e9 hody.<\/p>\n<\/div>\n<\/div>\n<\/div>\n<\/div>\n<div class=\"z-0 flex min-h-[46px] justify-start\"><\/div>\n<div class=\"mt-3 w-full empty:hidden\">\n<div class=\"text-center\"><\/div>\n<\/div>\n<\/div>\n<\/div>\n<\/article>\n<div class=\"pointer-events-none h-px w-px\" aria-hidden=\"true\" data-edge=\"true\"><\/div>\n<p style=\"text-align: left;\" data-start=\"110\" data-end=\"311\"><strong data-start=\"1015\" data-end=\"1030\">0LB<\/strong>.<\/p>\n\t\t<\/div>\n\t\t[\/vc_column][\/vc_row][vc_row][vc_column][vc_column_text css=&#8220;&#8220; woodmart_inline=&#8220;no&#8220; text_larger=&#8220;no&#8220;]<\/p>\n<p>[\/vc_column_text][\/vc_column][\/vc_row]<\/p>\n<\/div>","protected":false},"excerpt":{"rendered":"<p>[vc_row][vc_column][\/vc_column][\/vc_row][vc_row][vc_column][vc_column_text css=&#8220;&#8220; woodmart_inline=&#8220;no&#8220; text_larger=&#8220;no&#8220;] [\/vc_column_text][\/vc_column][\/vc_row]<\/p>\n","protected":false},"featured_media":4554,"template":"","meta":[],"product_brand":[64],"product_cat":[107,104],"product_tag":[],"class_list":{"0":"post-4544","1":"product","2":"type-product","3":"status-publish","4":"has-post-thumbnail","6":"product_brand-profmontaz","7":"product_cat-hotove-montaze","8":"product_cat-hotove-navazce-a-montaze","10":"first","11":"instock","12":"taxable","13":"shipping-taxable","14":"purchasable","15":"product-type-variable"},"_links":{"self":[{"href":"https:\/\/profmontaz.cz\/velkoobchod\/wp-json\/wp\/v2\/product\/4544","targetHints":{"allow":["GET"]}}],"collection":[{"href":"https:\/\/profmontaz.cz\/velkoobchod\/wp-json\/wp\/v2\/product"}],"about":[{"href":"https:\/\/profmontaz.cz\/velkoobchod\/wp-json\/wp\/v2\/types\/product"}],"wp:featuredmedia":[{"embeddable":true,"href":"https:\/\/profmontaz.cz\/velkoobchod\/wp-json\/wp\/v2\/media\/4554"}],"wp:attachment":[{"href":"https:\/\/profmontaz.cz\/velkoobchod\/wp-json\/wp\/v2\/media?parent=4544"}],"wp:term":[{"taxonomy":"product_brand","embeddable":true,"href":"https:\/\/profmontaz.cz\/velkoobchod\/wp-json\/wp\/v2\/product_brand?post=4544"},{"taxonomy":"product_cat","embeddable":true,"href":"https:\/\/profmontaz.cz\/velkoobchod\/wp-json\/wp\/v2\/product_cat?post=4544"},{"taxonomy":"product_tag","embeddable":true,"href":"https:\/\/profmontaz.cz\/velkoobchod\/wp-json\/wp\/v2\/product_tag?post=4544"}],"curies":[{"name":"wp","href":"https:\/\/api.w.org\/{rel}","templated":true}]}}