{"id":4588,"date":"2025-11-25T14:35:16","date_gmt":"2025-11-25T13:35:16","guid":{"rendered":"https:\/\/profmontaz.cz\/velkoobchod\/?post_type=product&#038;p=4588"},"modified":"2025-11-26T10:59:23","modified_gmt":"2025-11-26T09:59:23","slug":"rychlovymenne-krmitko-qts-method-fast-flat-feeder","status":"publish","type":"product","link":"https:\/\/profmontaz.cz\/velkoobchod\/produkt\/rychlovymenne-krmitko-qts-method-fast-flat-feeder\/","title":{"rendered":"Rychlov\u00fdm\u011bnn\u00e9 krm\u00edtko QTS Method Fast Flat Feeder"},"content":{"rendered":"<div class=\"wpb-content-wrapper\"><p>[vc_row][vc_column]\t\t<div id=\"wd-6925b2b3a0c12\" class=\"wd-text-block wd-wpb reset-last-child wd-rs-6925b2b3a0c12 text-center vc_custom_1764078282203\">\n\t\t\t<p>Rychlov\u00fdm\u011bnn\u00e9 krm\u00edtko Profmonta\u017e QTS Method Fast Flat Feeder jedn\u00e1 se o specializovan\u00fd typ krm\u00edtka s vym\u011bnitelnou z\u00e1t\u011b\u017e\u00ed, kter\u00fd umo\u017e\u0148uje operativn\u011b p\u0159izp\u016fsobit n\u00e1\u010din\u00ed zm\u011bn\u00e1m proudu nebo d\u00e9lce n\u00e1hozu. Jedno krm\u00edtko je vhodn\u00e9 pro pou\u017eit\u00ed se z\u00e1t\u011b\u017eemi r\u016fzn\u00e9 hmotnosti, co\u017e sni\u017euje pot\u0159ebu kupovat n\u011bkolik krm\u00edtek. Toto krm\u00edtko lze zlep\u0161it z hlediska p\u0159esnosti a d\u00e9lky n\u00e1hozu pou\u017eit\u00edm Krytky proti zamot\u00e1n\u00ed na krm\u00edtka Method Feeder Flat \u0430 Stabiliza\u010dn\u00ed ocas pro krm\u00edtka a z\u00e1t\u011b\u017ee DARTS.<\/p>\n\t\t<\/div>\n\t\t[\/vc_column][\/vc_row][vc_row][vc_column][vc_column_text css=&#8220;&#8220; woodmart_inline=&#8220;no&#8220; text_larger=&#8220;no&#8220;]<\/p>\n<p>[\/vc_column_text][\/vc_column][\/vc_row]<\/p>\n<\/div>","protected":false},"excerpt":{"rendered":"<p>[vc_row][vc_column][\/vc_column][\/vc_row][vc_row][vc_column][vc_column_text css=&#8220;&#8220; woodmart_inline=&#8220;no&#8220; text_larger=&#8220;no&#8220;] [\/vc_column_text][\/vc_column][\/vc_row]<\/p>\n","protected":false},"featured_media":4598,"template":"","meta":[],"product_brand":[64],"product_cat":[15,101],"product_tag":[234],"class_list":{"0":"post-4588","1":"product","2":"type-product","3":"status-publish","4":"has-post-thumbnail","6":"product_brand-profmontaz","7":"product_cat-rybarska-krmitka","8":"product_cat-method-feederova-krmitka","9":"product_tag-method-feeder","11":"first","12":"instock","13":"taxable","14":"shipping-taxable","15":"purchasable","16":"product-type-variable"},"_links":{"self":[{"href":"https:\/\/profmontaz.cz\/velkoobchod\/wp-json\/wp\/v2\/product\/4588","targetHints":{"allow":["GET"]}}],"collection":[{"href":"https:\/\/profmontaz.cz\/velkoobchod\/wp-json\/wp\/v2\/product"}],"about":[{"href":"https:\/\/profmontaz.cz\/velkoobchod\/wp-json\/wp\/v2\/types\/product"}],"wp:featuredmedia":[{"embeddable":true,"href":"https:\/\/profmontaz.cz\/velkoobchod\/wp-json\/wp\/v2\/media\/4598"}],"wp:attachment":[{"href":"https:\/\/profmontaz.cz\/velkoobchod\/wp-json\/wp\/v2\/media?parent=4588"}],"wp:term":[{"taxonomy":"product_brand","embeddable":true,"href":"https:\/\/profmontaz.cz\/velkoobchod\/wp-json\/wp\/v2\/product_brand?post=4588"},{"taxonomy":"product_cat","embeddable":true,"href":"https:\/\/profmontaz.cz\/velkoobchod\/wp-json\/wp\/v2\/product_cat?post=4588"},{"taxonomy":"product_tag","embeddable":true,"href":"https:\/\/profmontaz.cz\/velkoobchod\/wp-json\/wp\/v2\/product_tag?post=4588"}],"curies":[{"name":"wp","href":"https:\/\/api.w.org\/{rel}","templated":true}]}}