{"id":4601,"date":"2025-11-25T14:58:30","date_gmt":"2025-11-25T13:58:30","guid":{"rendered":"https:\/\/profmontaz.cz\/velkoobchod\/?post_type=product&#038;p=4601"},"modified":"2025-11-26T11:00:24","modified_gmt":"2025-11-26T10:00:24","slug":"rychlovymenne-krmitko-na-zakrmovani-qts-big-feeder-25g","status":"publish","type":"product","link":"https:\/\/profmontaz.cz\/velkoobchod\/produkt\/rychlovymenne-krmitko-na-zakrmovani-qts-big-feeder-25g\/","title":{"rendered":"Rychlov\u00fdm\u011bnn\u00e9 Krm\u00edtko na zakrmov\u00e1n\u00ed QTS BIG-Feeder 25g"},"content":{"rendered":"<div class=\"wpb-content-wrapper\"><p>[vc_row][vc_column][vc_column_text css=&#8220;&#8220; woodmart_inline=&#8220;no&#8220; text_larger=&#8220;no&#8220;]<strong>Rychlov\u00fdm\u011bnn\u00e9 Krm\u00edtko na zakrmov\u00e1n\u00ed QTS BIG-Feeder 25g<\/strong>\u00a0je velk\u00e9 feederov\u00e9 krm\u00edtko o rozm\u011brech 52\u00d740\u00d735 mm, kter\u00e9 pojme a\u017e t\u0159ikr\u00e1t v\u00edce krmiva ne\u017e standardn\u00ed feederov\u00e1 krm\u00edtka. Je ur\u010deno pro rychl\u00e9 zakrmen\u00ed lovn\u00e9ho m\u00edsta na \u0159ek\u00e1ch, jezerech a p\u0159ehrad\u00e1ch. Vhodn\u00e9 je nejen pro klasick\u00e9 feederov\u00e9 sm\u011bsi, ale tak\u00e9 pro kapra\u0159inu s n\u00e1vnadami obsahuj\u00edc\u00edmi v\u011bt\u0161\u00ed frakce.<\/p>\n<p>D\u00edky aerodynamick\u00e9mu tvaru a stabiliza\u010dn\u00edm k\u0159id\u00e9lk\u016fm let\u00ed krm\u00edtko velmi p\u0159esn\u011b a m\u00e9n\u011b podl\u00e9h\u00e1 vlivu v\u011btru. Speci\u00e1ln\u00ed konstrukce t\u011bla ve tvaru pl\u00e1stve spolehliv\u011b dr\u017e\u00ed n\u00e1vnadu uvnit\u0159, co\u017e umo\u017e\u0148uje prov\u00e1d\u011bt silov\u00e9 nahazov\u00e1n\u00ed. Po dosa\u017een\u00ed dna se n\u00e1vnada snadno uvoln\u00ed z krm\u00edtka a vytv\u00e1\u0159\u00ed l\u00e1kav\u00e9 krmn\u00e9 m\u00edsto.<\/p>\n<p>Trubi\u010dka krm\u00edtka Rychlov\u00fdm\u011bnn\u00e9 Krm\u00edtko na zakrmov\u00e1n\u00ed QTS BIG-Feeder je vz\u00e1jemn\u011b zam\u011bniteln\u00e1 s krm\u00edtky QTS Method Fast Flat Feeder a tak\u00e9 s rychlov\u00fdm\u011bnnou z\u00e1t\u011b\u017e\u00ed In-Line Bomb Feeder.<\/p>\n<p>Rychlov\u00fdm\u011bnn\u00e9 Krm\u00edtko na zakrmov\u00e1n\u00ed QTS BIG-Feeder 25g je vyrobeno z prim\u00e1rn\u00edho plastu, tak\u017ee je pevn\u00e9 a odoln\u00e9.<\/p>\n<p><strong>Rozm\u011bry:<\/strong>\u00a052\u00d740\u00d735 mm<br \/>\n<strong>Objem krmiva:<\/strong>\u00a050\u201370 g<\/p>\n<p>[\/vc_column_text][\/vc_column][\/vc_row]<\/p>\n<\/div>","protected":false},"excerpt":{"rendered":"<p>[vc_row][vc_column][vc_column_text css=&#8220;&#8220; woodmart_inline=&#8220;no&#8220; text_larger=&#8220;no&#8220;]Rychlov\u00fdm\u011bnn\u00e9 Krm\u00edtko na zakrmov\u00e1n\u00ed QTS BIG-Feeder 25g\u00a0je velk\u00e9 feederov\u00e9 krm\u00edtko o rozm\u011brech 52\u00d740\u00d735 mm, kter\u00e9 pojme a\u017e<\/p>\n","protected":false},"featured_media":4602,"template":"","meta":[],"product_brand":[64],"product_cat":[15,101,102],"product_tag":[],"class_list":{"0":"post-4601","1":"product","2":"type-product","3":"status-publish","4":"has-post-thumbnail","6":"product_brand-profmontaz","7":"product_cat-rybarska-krmitka","8":"product_cat-method-feederova-krmitka","9":"product_cat-method-feederove-sety-formicky","11":"first","12":"instock","13":"taxable","14":"shipping-taxable","15":"purchasable","16":"product-type-simple"},"_links":{"self":[{"href":"https:\/\/profmontaz.cz\/velkoobchod\/wp-json\/wp\/v2\/product\/4601","targetHints":{"allow":["GET"]}}],"collection":[{"href":"https:\/\/profmontaz.cz\/velkoobchod\/wp-json\/wp\/v2\/product"}],"about":[{"href":"https:\/\/profmontaz.cz\/velkoobchod\/wp-json\/wp\/v2\/types\/product"}],"wp:featuredmedia":[{"embeddable":true,"href":"https:\/\/profmontaz.cz\/velkoobchod\/wp-json\/wp\/v2\/media\/4602"}],"wp:attachment":[{"href":"https:\/\/profmontaz.cz\/velkoobchod\/wp-json\/wp\/v2\/media?parent=4601"}],"wp:term":[{"taxonomy":"product_brand","embeddable":true,"href":"https:\/\/profmontaz.cz\/velkoobchod\/wp-json\/wp\/v2\/product_brand?post=4601"},{"taxonomy":"product_cat","embeddable":true,"href":"https:\/\/profmontaz.cz\/velkoobchod\/wp-json\/wp\/v2\/product_cat?post=4601"},{"taxonomy":"product_tag","embeddable":true,"href":"https:\/\/profmontaz.cz\/velkoobchod\/wp-json\/wp\/v2\/product_tag?post=4601"}],"curies":[{"name":"wp","href":"https:\/\/api.w.org\/{rel}","templated":true}]}}