{"id":4606,"date":"2025-11-25T15:05:52","date_gmt":"2025-11-25T14:05:52","guid":{"rendered":"https:\/\/profmontaz.cz\/velkoobchod\/?post_type=product&#038;p=4606"},"modified":"2026-01-13T18:44:24","modified_gmt":"2026-01-13T17:44:24","slug":"rychlovymenna-zatez-in-line-bomb-feeder","status":"publish","type":"product","link":"https:\/\/profmontaz.cz\/velkoobchod\/produkt\/rychlovymenna-zatez-in-line-bomb-feeder\/","title":{"rendered":"Rychlov\u00fdm\u011bnn\u00e1 z\u00e1t\u011b\u017e In-Line Bomb Feeder"},"content":{"rendered":"<div class=\"wpb-content-wrapper\"><p>[vc_row][vc_column]\t\t<div id=\"wd-6925b88409755\" class=\"wd-text-block wd-wpb reset-last-child wd-rs-6925b88409755 text-center vc_custom_1764079760156\">\n\t\t\t<p style=\"text-align: left;\">Speci\u00e1ln\u00ed z\u00e1t\u011b\u017e Profmonta\u017e pro method feederovou ryba\u0159inu. D\u00edky syst\u00e9mu QTS umo\u017e\u0148uje rychle vym\u011bnit z\u00e1t\u011b\u017e za Rychlov\u00fdm\u011bnn\u00e9 krm\u00edtko QTS Method Fast Flat Feeder nebo za Rychlov\u00fdm\u011bnn\u00e9 krm\u00edtko na zakrmov\u00e1n\u00ed QTS BIG-Feeder.<\/p>\n\t\t<\/div>\n\t\t[\/vc_column][\/vc_row][vc_row][vc_column][vc_column_text css=&#8220;&#8220; woodmart_inline=&#8220;no&#8220; text_larger=&#8220;no&#8220;]<\/p>\n<p>[\/vc_column_text][\/vc_column][\/vc_row]<\/p>\n<\/div>","protected":false},"excerpt":{"rendered":"<p>[vc_row][vc_column][\/vc_column][\/vc_row][vc_row][vc_column][vc_column_text css=&#8220;&#8220; woodmart_inline=&#8220;no&#8220; text_larger=&#8220;no&#8220;] [\/vc_column_text][\/vc_column][\/vc_row]<\/p>\n","protected":false},"featured_media":4614,"template":"","meta":[],"product_brand":[64],"product_cat":[15,103,101],"product_tag":[222,226,228],"class_list":{"0":"post-4606","1":"product","2":"type-product","3":"status-publish","4":"has-post-thumbnail","6":"product_brand-profmontaz","7":"product_cat-rybarska-krmitka","8":"product_cat-feederova-krmitka","9":"product_cat-method-feederova-krmitka","10":"product_tag-krmitko","11":"product_tag-krmitko-feeder","12":"product_tag-pickerove-krmitko","14":"first","15":"instock","16":"taxable","17":"shipping-taxable","18":"purchasable","19":"product-type-variable"},"_links":{"self":[{"href":"https:\/\/profmontaz.cz\/velkoobchod\/wp-json\/wp\/v2\/product\/4606","targetHints":{"allow":["GET"]}}],"collection":[{"href":"https:\/\/profmontaz.cz\/velkoobchod\/wp-json\/wp\/v2\/product"}],"about":[{"href":"https:\/\/profmontaz.cz\/velkoobchod\/wp-json\/wp\/v2\/types\/product"}],"wp:featuredmedia":[{"embeddable":true,"href":"https:\/\/profmontaz.cz\/velkoobchod\/wp-json\/wp\/v2\/media\/4614"}],"wp:attachment":[{"href":"https:\/\/profmontaz.cz\/velkoobchod\/wp-json\/wp\/v2\/media?parent=4606"}],"wp:term":[{"taxonomy":"product_brand","embeddable":true,"href":"https:\/\/profmontaz.cz\/velkoobchod\/wp-json\/wp\/v2\/product_brand?post=4606"},{"taxonomy":"product_cat","embeddable":true,"href":"https:\/\/profmontaz.cz\/velkoobchod\/wp-json\/wp\/v2\/product_cat?post=4606"},{"taxonomy":"product_tag","embeddable":true,"href":"https:\/\/profmontaz.cz\/velkoobchod\/wp-json\/wp\/v2\/product_tag?post=4606"}],"curies":[{"name":"wp","href":"https:\/\/api.w.org\/{rel}","templated":true}]}}