{"id":4617,"date":"2025-11-25T15:17:27","date_gmt":"2025-11-25T14:17:27","guid":{"rendered":"https:\/\/profmontaz.cz\/velkoobchod\/?post_type=product&#038;p=4617"},"modified":"2026-01-16T16:38:50","modified_gmt":"2026-01-16T15:38:50","slug":"stabilizacni-ocas-pro-krmitka-a-zateze-darts-5-ks","status":"publish","type":"product","link":"https:\/\/profmontaz.cz\/velkoobchod\/produkt\/stabilizacni-ocas-pro-krmitka-a-zateze-darts-5-ks\/","title":{"rendered":"Stabiliza\u010dn\u00ed ocas pro krm\u00edtka a z\u00e1t\u011b\u017ee DARTS 5 ks"},"content":{"rendered":"<div class=\"wpb-content-wrapper\"><p>[vc_row][vc_column][vc_column_text css=&#8220;&#8220; woodmart_inline=&#8220;no&#8220; text_larger=&#8220;no&#8220;]Stabiliza\u010dn\u00ed ocas pro krm\u00edtka a z\u00e1t\u011b\u017ee DARTS v\u00fdborn\u011b stabilizuje krm\u00edtko nebo z\u00e1t\u011b\u017e b\u011bhem letu, co\u017e umo\u017e\u0148uje prov\u00e1d\u011bt velmi p\u0159esn\u00e9 a dalek\u00e9 nahazov\u00e1n\u00ed. D\u00edky postupn\u00e9mu zu\u017eov\u00e1n\u00ed se ocasn\u00edk DARTS skv\u011ble hod\u00ed t\u00e9m\u011b\u0159 ke v\u0161em stabiliza\u010dn\u00edm trubi\u010dk\u00e1m.<br \/>\nZ nab\u00eddky Profmonta\u017e je na 100 % kompatibiln\u00ed se se v\u0161emi flat krm\u00edtky, kter\u00e1 maj\u00ed stabiliza\u010dn\u00ed trubi\u010dku (tzv. rumunsk\u00e1 mont\u00e1\u017e):\u00a0<strong>Romanian Flat-Boyle BIG, Romanian Flat-Pellet, Romanian Flat-Classic, Romanian Flat-Boyle, Romanian Flat-Method<\/strong>.<br \/>\nStabiliza\u010dn\u00ed ocas pro krm\u00edtka a z\u00e1t\u011b\u017ee DARTS je vyr\u00e1b\u011bn z prim\u00e1rn\u00edho materi\u00e1lu, tak\u017ee je velmi spolehliv\u00fd a odoln\u00fd.[\/vc_column_text][\/vc_column][\/vc_row]<\/p>\n<\/div>","protected":false},"excerpt":{"rendered":"<p>[vc_row][vc_column][vc_column_text css=&#8220;&#8220; woodmart_inline=&#8220;no&#8220; text_larger=&#8220;no&#8220;]Stabiliza\u010dn\u00ed ocas pro krm\u00edtka a z\u00e1t\u011b\u017ee DARTS v\u00fdborn\u011b stabilizuje krm\u00edtko nebo z\u00e1t\u011b\u017e b\u011bhem letu, co\u017e umo\u017e\u0148uje prov\u00e1d\u011bt<\/p>\n","protected":false},"featured_media":4618,"template":"","meta":[],"product_brand":[64],"product_cat":[15,188,101],"product_tag":[],"class_list":{"0":"post-4617","1":"product","2":"type-product","3":"status-publish","4":"has-post-thumbnail","6":"product_brand-profmontaz","7":"product_cat-rybarska-krmitka","8":"product_cat-drobna-bizuterie-profmontaz-cz","9":"product_cat-method-feederova-krmitka","11":"first","12":"instock","13":"taxable","14":"shipping-taxable","15":"purchasable","16":"product-type-simple"},"_links":{"self":[{"href":"https:\/\/profmontaz.cz\/velkoobchod\/wp-json\/wp\/v2\/product\/4617","targetHints":{"allow":["GET"]}}],"collection":[{"href":"https:\/\/profmontaz.cz\/velkoobchod\/wp-json\/wp\/v2\/product"}],"about":[{"href":"https:\/\/profmontaz.cz\/velkoobchod\/wp-json\/wp\/v2\/types\/product"}],"wp:featuredmedia":[{"embeddable":true,"href":"https:\/\/profmontaz.cz\/velkoobchod\/wp-json\/wp\/v2\/media\/4618"}],"wp:attachment":[{"href":"https:\/\/profmontaz.cz\/velkoobchod\/wp-json\/wp\/v2\/media?parent=4617"}],"wp:term":[{"taxonomy":"product_brand","embeddable":true,"href":"https:\/\/profmontaz.cz\/velkoobchod\/wp-json\/wp\/v2\/product_brand?post=4617"},{"taxonomy":"product_cat","embeddable":true,"href":"https:\/\/profmontaz.cz\/velkoobchod\/wp-json\/wp\/v2\/product_cat?post=4617"},{"taxonomy":"product_tag","embeddable":true,"href":"https:\/\/profmontaz.cz\/velkoobchod\/wp-json\/wp\/v2\/product_tag?post=4617"}],"curies":[{"name":"wp","href":"https:\/\/api.w.org\/{rel}","templated":true}]}}