{"id":4659,"date":"2026-03-07T12:51:49","date_gmt":"2026-03-07T11:51:49","guid":{"rendered":"https:\/\/profmontaz.cz\/velkoobchod\/?post_type=product&#038;p=4659"},"modified":"2026-03-07T12:56:40","modified_gmt":"2026-03-07T11:56:40","slug":"rozebiratelna-zatez-ceburaska-10-kusu-bal-excentr-silvereyes-uv-barva-limetkova","status":"publish","type":"product","link":"https:\/\/profmontaz.cz\/velkoobchod\/produkt\/rozebiratelna-zatez-ceburaska-10-kusu-bal-excentr-silvereyes-uv-barva-limetkova\/","title":{"rendered":"Rozeb\u00edrateln\u00e1 z\u00e1t\u011b\u017e \u010cebura\u0161ka (10 kus\u016f\/bal) excentr silvereyes UV barva limetkov\u00e1."},"content":{"rendered":"<div class=\"wpb-content-wrapper\"><p>[vc_row][vc_column][vc_column_text css=&#8220;&#8220; woodmart_inline=&#8220;no&#8220; text_larger=&#8220;no&#8220;]<\/p>\n<p style=\"text-align: left;\" data-start=\"20\" data-end=\"273\"><strong data-start=\"506\" data-end=\"533\">Rozeb\u00edrateln\u00e1 z\u00e1t\u011b\u017e \u010cebura\u0161ka excentr silvereyes je nat\u0159eno jasnou fluorescen\u010dn\u00ed barvou a m\u00e1 zabudovan\u00e9 3D \u201eo\u010di\u201c. <\/strong><\/p>\n<p style=\"text-align: left;\" data-start=\"20\" data-end=\"273\"><strong data-start=\"506\" data-end=\"533\">D\u00edky excentrick\u00e9mu tvaru a odn\u00edmateln\u00e9mu o\u010dku je z\u00e1va\u017e\u00ed ide\u00e1ln\u00ed pro pou\u017eit\u00ed v r\u016fzn\u00fdch p\u0159\u00edvla\u010dov\u00fdch mont\u00e1\u017e\u00edch. <\/strong><\/p>\n<p style=\"text-align: left;\" data-start=\"20\" data-end=\"273\"><strong data-start=\"506\" data-end=\"533\">Jeho povrchov\u00e1 \u00faprava poskytuje antikorozn\u00ed ochranu a ve vod\u011b se v\u00fdrazn\u011b zv\u00fdraz\u0148uje, \u010d\u00edm\u017e p\u0159itahuje pozornost drav\u00fdch ryb. <\/strong><\/p>\n<p style=\"text-align: left;\" data-start=\"20\" data-end=\"273\"><strong data-start=\"506\" data-end=\"533\">Efekt \u201eo\u010d\u00ed\u201c dod\u00e1v\u00e1 n\u00e1straze p\u0159irozen\u011bj\u0161\u00ed vzhled a stimuluje ryby k \u00fatoku. <\/strong><\/p>\n<p style=\"text-align: left;\" data-start=\"20\" data-end=\"273\"><strong data-start=\"506\" data-end=\"533\">Z\u00e1va\u017e\u00ed je nejvhodn\u011bj\u0161\u00ed pro lov\u00a0\u0161tiky, okouna a cand\u00e1ta\u00a0ve vod\u00e1ch s r\u016fzn\u00fdmi typy dna.a<\/strong> ve vod\u00e1ch s r\u016fzn\u00fdmi typy dna.<\/p>\n<p>[\/vc_column_text][\/vc_column][\/vc_row][vc_row][vc_column][vc_column_text css=&#8220;&#8220; woodmart_inline=&#8220;no&#8220; text_larger=&#8220;no&#8220;]<\/p>\n<p>[\/vc_column_text][\/vc_column][\/vc_row]<\/p>\n<\/div>","protected":false},"excerpt":{"rendered":"<p>[vc_row][vc_column][vc_column_text css=&#8220;&#8220; woodmart_inline=&#8220;no&#8220; text_larger=&#8220;no&#8220;] Rozeb\u00edrateln\u00e1 z\u00e1t\u011b\u017e \u010cebura\u0161ka excentr silvereyes je nat\u0159eno jasnou fluorescen\u010dn\u00ed barvou a m\u00e1 zabudovan\u00e9 3D \u201eo\u010di\u201c. D\u00edky<\/p>\n","protected":false},"featured_media":4668,"template":"","meta":[],"product_brand":[64],"product_cat":[256,111,255],"product_tag":[],"class_list":{"0":"post-4659","1":"product","2":"type-product","3":"status-publish","4":"has-post-thumbnail","6":"product_brand-profmontaz","7":"product_cat-ceburasky","8":"product_cat-vlaceci-nastrahy","9":"product_cat-zateze-pro-privlac","11":"first","12":"instock","13":"taxable","14":"shipping-taxable","15":"purchasable","16":"product-type-variable"},"_links":{"self":[{"href":"https:\/\/profmontaz.cz\/velkoobchod\/wp-json\/wp\/v2\/product\/4659","targetHints":{"allow":["GET"]}}],"collection":[{"href":"https:\/\/profmontaz.cz\/velkoobchod\/wp-json\/wp\/v2\/product"}],"about":[{"href":"https:\/\/profmontaz.cz\/velkoobchod\/wp-json\/wp\/v2\/types\/product"}],"wp:featuredmedia":[{"embeddable":true,"href":"https:\/\/profmontaz.cz\/velkoobchod\/wp-json\/wp\/v2\/media\/4668"}],"wp:attachment":[{"href":"https:\/\/profmontaz.cz\/velkoobchod\/wp-json\/wp\/v2\/media?parent=4659"}],"wp:term":[{"taxonomy":"product_brand","embeddable":true,"href":"https:\/\/profmontaz.cz\/velkoobchod\/wp-json\/wp\/v2\/product_brand?post=4659"},{"taxonomy":"product_cat","embeddable":true,"href":"https:\/\/profmontaz.cz\/velkoobchod\/wp-json\/wp\/v2\/product_cat?post=4659"},{"taxonomy":"product_tag","embeddable":true,"href":"https:\/\/profmontaz.cz\/velkoobchod\/wp-json\/wp\/v2\/product_tag?post=4659"}],"curies":[{"name":"wp","href":"https:\/\/api.w.org\/{rel}","templated":true}]}}