{"id":4753,"date":"2026-03-07T14:05:23","date_gmt":"2026-03-07T13:05:23","guid":{"rendered":"https:\/\/profmontaz.cz\/velkoobchod\/?post_type=product&#038;p=4753"},"modified":"2026-03-07T14:54:24","modified_gmt":"2026-03-07T13:54:24","slug":"rozebiratelna-zatez-ceburaska-16g-40g-5-kusu-bal-svetlo-akumulujici-barva","status":"publish","type":"product","link":"https:\/\/profmontaz.cz\/velkoobchod\/produkt\/rozebiratelna-zatez-ceburaska-16g-40g-5-kusu-bal-svetlo-akumulujici-barva\/","title":{"rendered":"Rozeb\u00edrateln\u00e1 z\u00e1t\u011b\u017e \u010cebura\u0161ka 16g-40g (5 kus\u016f\/bal) Sv\u011btlo akumuluj\u00edc\u00ed barva"},"content":{"rendered":"<div class=\"wpb-content-wrapper\"><p>[vc_row][vc_column][vc_column_text css=&#8220;&#8220; woodmart_inline=&#8220;no&#8220; text_larger=&#8220;no&#8220;]<\/p>\n<div class=\"wd-single-content wd-wpb wd-rs-67bc92733b170 vc_custom_1740411516853\">\n<div class=\"wpb-content-wrapper\">\n<div class=\"vc_row wpb_row vc_row-fluid\">\n<div class=\"wpb_column vc_column_container vc_col-sm-12\">\n<div class=\"vc_column-inner\">\n<div class=\"wpb_wrapper\">\n<div id=\"wd-69a87a0a94655\" class=\"wd-text-block wd-wpb reset-last-child wd-rs-69a87a0a94655 text-center vc_custom_1772648979595\">\n<p>Rozeb\u00edrateln\u00e1 z\u00e1t\u011b\u017e \u010cebura\u0161ka\u00a0 Sv\u011btlo akumuluj\u00edc\u00ed barva je inovativn\u00edm \u0159e\u0161en\u00edm pro ryb\u00e1\u0159e, kter\u00e9 poskytuje dodate\u010dnou funk\u010dnost b\u011bhem no\u010dn\u00edho rybolovu. Sv\u011bt\u00e9lkuj\u00edc\u00ed (sv\u011btlo akumuluj\u00edc\u00ed) povrch umo\u017e\u0148uje z\u00e1va\u017e\u00ed b\u011bhem dne absorbovat sv\u011btlo a ve tm\u011b jej vyza\u0159ovat, co\u017e pom\u00e1h\u00e1 nav\u00edc p\u0159itahovat ryby. Rozeb\u00edrateln\u00e1 konstrukce umo\u017e\u0148uje m\u011bnit hmotnost sestavy a p\u0159izp\u016fsobit ji r\u016fzn\u00fdm podm\u00ednk\u00e1m lovu. To je obzvl\u00e1\u0161t\u011b praktick\u00e9 p\u0159i no\u010dn\u00edm rybolovu nebo v podm\u00ednk\u00e1ch slab\u00e9ho osv\u011btlen\u00ed.<\/p>\n<\/div>\n<\/div>\n<\/div>\n<\/div>\n<\/div>\n<\/div>\n<\/div>\n<p>[\/vc_column_text][\/vc_column][\/vc_row][vc_row][vc_column][vc_column_text css=&#8220;&#8220; woodmart_inline=&#8220;no&#8220; text_larger=&#8220;no&#8220;]<\/p>\n<p>[\/vc_column_text][\/vc_column][\/vc_row]<\/p>\n<\/div>","protected":false},"excerpt":{"rendered":"<p>[vc_row][vc_column][vc_column_text css=&#8220;&#8220; woodmart_inline=&#8220;no&#8220; text_larger=&#8220;no&#8220;] Rozeb\u00edrateln\u00e1 z\u00e1t\u011b\u017e \u010cebura\u0161ka\u00a0 Sv\u011btlo akumuluj\u00edc\u00ed barva je inovativn\u00edm \u0159e\u0161en\u00edm pro ryb\u00e1\u0159e, kter\u00e9 poskytuje dodate\u010dnou funk\u010dnost b\u011bhem<\/p>\n","protected":false},"featured_media":4768,"template":"","meta":[],"product_brand":[64],"product_cat":[256,111,255],"product_tag":[],"class_list":{"0":"post-4753","1":"product","2":"type-product","3":"status-publish","4":"has-post-thumbnail","6":"product_brand-profmontaz","7":"product_cat-ceburasky","8":"product_cat-vlaceci-nastrahy","9":"product_cat-zateze-pro-privlac","11":"first","12":"instock","13":"taxable","14":"shipping-taxable","15":"purchasable","16":"product-type-variable"},"_links":{"self":[{"href":"https:\/\/profmontaz.cz\/velkoobchod\/wp-json\/wp\/v2\/product\/4753","targetHints":{"allow":["GET"]}}],"collection":[{"href":"https:\/\/profmontaz.cz\/velkoobchod\/wp-json\/wp\/v2\/product"}],"about":[{"href":"https:\/\/profmontaz.cz\/velkoobchod\/wp-json\/wp\/v2\/types\/product"}],"wp:featuredmedia":[{"embeddable":true,"href":"https:\/\/profmontaz.cz\/velkoobchod\/wp-json\/wp\/v2\/media\/4768"}],"wp:attachment":[{"href":"https:\/\/profmontaz.cz\/velkoobchod\/wp-json\/wp\/v2\/media?parent=4753"}],"wp:term":[{"taxonomy":"product_brand","embeddable":true,"href":"https:\/\/profmontaz.cz\/velkoobchod\/wp-json\/wp\/v2\/product_brand?post=4753"},{"taxonomy":"product_cat","embeddable":true,"href":"https:\/\/profmontaz.cz\/velkoobchod\/wp-json\/wp\/v2\/product_cat?post=4753"},{"taxonomy":"product_tag","embeddable":true,"href":"https:\/\/profmontaz.cz\/velkoobchod\/wp-json\/wp\/v2\/product_tag?post=4753"}],"curies":[{"name":"wp","href":"https:\/\/api.w.org\/{rel}","templated":true}]}}