{"id":4910,"date":"2026-03-07T15:12:29","date_gmt":"2026-03-07T14:12:29","guid":{"rendered":"https:\/\/profmontaz.cz\/velkoobchod\/?post_type=product&#038;p=4910"},"modified":"2026-03-07T15:15:24","modified_gmt":"2026-03-07T14:15:24","slug":"rozebiratelna-zatez-ceburaska-pruchozi-zatez-14g-20g-5-kusu-bal-nabarvena","status":"publish","type":"product","link":"https:\/\/profmontaz.cz\/velkoobchod\/produkt\/rozebiratelna-zatez-ceburaska-pruchozi-zatez-14g-20g-5-kusu-bal-nabarvena\/","title":{"rendered":"Rozeb\u00edrateln\u00e1 z\u00e1t\u011b\u017e \u010cebura\u0161ka Pr\u016fchoz\u00ed z\u00e1t\u011b\u017e 14g-20g (5 kus\u016f\/bal) Nabarven\u00e1"},"content":{"rendered":"<div class=\"wpb-content-wrapper\"><p>[vc_row][vc_column][vc_column_text css=&#8220;&#8220; woodmart_inline=&#8220;no&#8220; text_larger=&#8220;no&#8220;]<\/p>\n<div class=\"wd-single-content wd-wpb wd-rs-67bc92733b170 vc_custom_1740411516853\">\n<div class=\"wpb-content-wrapper\">\n<div class=\"vc_row wpb_row vc_row-fluid\">\n<div class=\"wpb_column vc_column_container vc_col-sm-12\">\n<div class=\"vc_column-inner\">\n<div class=\"wpb_wrapper\">\n<div id=\"wd-69a87a0a94655\" class=\"wd-text-block wd-wpb reset-last-child wd-rs-69a87a0a94655 text-center vc_custom_1772648979595\">\n<div class=\"wd-single-content wd-wpb wd-rs-67bc92733b170 vc_custom_1740411516853\">\n<div class=\"wpb-content-wrapper\">\n<div class=\"vc_row wpb_row vc_row-fluid\">\n<div class=\"wpb_column vc_column_container vc_col-sm-12\">\n<div class=\"vc_column-inner\">\n<div class=\"wpb_wrapper\">\n<div id=\"wd-69a87a0a94655\" class=\"wd-text-block wd-wpb reset-last-child wd-rs-69a87a0a94655 text-center vc_custom_1772648979595\">\n<div class=\"wd-single-content wd-wpb wd-rs-67bc92733b170 vc_custom_1740411516853\">\n<div class=\"wpb-content-wrapper\">\n<div class=\"vc_row wpb_row vc_row-fluid\">\n<div class=\"wpb_column vc_column_container vc_col-sm-12\">\n<div class=\"vc_column-inner\">\n<div class=\"wpb_wrapper\">\n<div id=\"wd-69aac96c155b6\" class=\"wd-text-block wd-wpb reset-last-child wd-rs-69aac96c155b6 text-center vc_custom_1772800497792\">\n<p data-start=\"20\" data-end=\"222\">Rozeb\u00edrateln\u00e1 z\u00e1t\u011b\u017e \u010cebura\u0161ka Pr\u016fchoz\u00ed z\u00e1t\u011b\u017e je speci\u00e1ln\u00ed druh ryb\u00e1\u0159sk\u00e9ho vybaven\u00ed ur\u010den\u00fd pro p\u0159\u00edvla\u010d. Jeho unik\u00e1tn\u00ed tvar zaji\u0161\u0165uje plynul\u00fd pohyb n\u00e1strahy i ve vod\u00e1ch se slo\u017eit\u00fdm reli\u00e9fem dna. D\u00edky mo\u017enosti pou\u017eit\u00ed v r\u016fzn\u00fdch podm\u00ednk\u00e1ch je \u010cebura\u0161ka Pr\u016fchoz\u00ed z\u00e1t\u011b\u017e vhodn\u00fd pro aktivn\u00ed vyhled\u00e1v\u00e1n\u00ed ryb. \u00da\u010dinn\u011b funguje s r\u016fzn\u00fdmi druhy n\u00e1strah. Tento typ z\u00e1va\u017e\u00ed je mezi ryb\u00e1\u0159i cen\u011bn pro svou univerz\u00e1lnost a odolnost v\u016f\u010di zachyt\u00e1v\u00e1n\u00ed o p\u0159ek\u00e1\u017eky.<\/p>\n<\/div>\n<\/div>\n<\/div>\n<\/div>\n<\/div>\n<\/div>\n<\/div>\n<\/div>\n<\/div>\n<\/div>\n<\/div>\n<\/div>\n<\/div>\n<\/div>\n<\/div>\n<\/div>\n<\/div>\n<\/div>\n<\/div>\n<\/div>\n<\/div>\n<p>[\/vc_column_text][\/vc_column][\/vc_row][vc_row][vc_column][vc_column_text css=&#8220;&#8220; woodmart_inline=&#8220;no&#8220; text_larger=&#8220;no&#8220;]<\/p>\n<p>[\/vc_column_text][\/vc_column][\/vc_row]<\/p>\n<\/div>","protected":false},"excerpt":{"rendered":"<p>[vc_row][vc_column][vc_column_text css=&#8220;&#8220; woodmart_inline=&#8220;no&#8220; text_larger=&#8220;no&#8220;] Rozeb\u00edrateln\u00e1 z\u00e1t\u011b\u017e \u010cebura\u0161ka Pr\u016fchoz\u00ed z\u00e1t\u011b\u017e je speci\u00e1ln\u00ed druh ryb\u00e1\u0159sk\u00e9ho vybaven\u00ed ur\u010den\u00fd pro p\u0159\u00edvla\u010d. Jeho unik\u00e1tn\u00ed tvar<\/p>\n","protected":false},"featured_media":4916,"template":"","meta":[],"product_brand":[64],"product_cat":[256,111,255],"product_tag":[],"class_list":{"0":"post-4910","1":"product","2":"type-product","3":"status-publish","4":"has-post-thumbnail","6":"product_brand-profmontaz","7":"product_cat-ceburasky","8":"product_cat-vlaceci-nastrahy","9":"product_cat-zateze-pro-privlac","11":"first","12":"instock","13":"taxable","14":"shipping-taxable","15":"purchasable","16":"product-type-variable"},"_links":{"self":[{"href":"https:\/\/profmontaz.cz\/velkoobchod\/wp-json\/wp\/v2\/product\/4910","targetHints":{"allow":["GET"]}}],"collection":[{"href":"https:\/\/profmontaz.cz\/velkoobchod\/wp-json\/wp\/v2\/product"}],"about":[{"href":"https:\/\/profmontaz.cz\/velkoobchod\/wp-json\/wp\/v2\/types\/product"}],"wp:featuredmedia":[{"embeddable":true,"href":"https:\/\/profmontaz.cz\/velkoobchod\/wp-json\/wp\/v2\/media\/4916"}],"wp:attachment":[{"href":"https:\/\/profmontaz.cz\/velkoobchod\/wp-json\/wp\/v2\/media?parent=4910"}],"wp:term":[{"taxonomy":"product_brand","embeddable":true,"href":"https:\/\/profmontaz.cz\/velkoobchod\/wp-json\/wp\/v2\/product_brand?post=4910"},{"taxonomy":"product_cat","embeddable":true,"href":"https:\/\/profmontaz.cz\/velkoobchod\/wp-json\/wp\/v2\/product_cat?post=4910"},{"taxonomy":"product_tag","embeddable":true,"href":"https:\/\/profmontaz.cz\/velkoobchod\/wp-json\/wp\/v2\/product_tag?post=4910"}],"curies":[{"name":"wp","href":"https:\/\/api.w.org\/{rel}","templated":true}]}}